{"id":3154,"date":"2020-08-10T21:51:17","date_gmt":"2020-08-10T21:51:17","guid":{"rendered":"https:\/\/microcapsules-technologies.com\/fluessigwaschmittel-und-weichspueler\/"},"modified":"2020-08-11T00:06:59","modified_gmt":"2020-08-11T00:06:59","slug":"fluessigwaschmittel-und-weichspueler","status":"publish","type":"page","link":"https:\/\/www.microcapsules-technologies.com\/de\/anwendungsbereiche\/anwendungsbereiche-detergenzien\/fluessigwaschmittel-und-weichspueler\/","title":{"rendered":"Fl\u00fcssigwaschmittel und Weichsp\u00fcler"},"content":{"rendered":"<h2>Unsere Forschung und Formeln in der Mikroverkapselung von Waschmitteln und Weichsp\u00fclern<\/h2>\n<ul>\n<li>Unser auf Verkapselung spezialisiertes Finderteam orientiert sich an fl\u00fcssigen Waschmitteln und Weichmachern. Wir kennen die Welt der Produktion und der Industrie sehr gut, das ist die Branche, aus der wir kommen. Unsere Forschungsphase ist recht kurz, da der Industriesektor bisher den gr\u00f6\u00dften Teil unseres Kundenstamms ausmacht.<\/li>\n<li>Wir achten darauf, alle Erwartungen und Anforderungen jedes Kunden zu respektieren und gleichzeitig ihre Produktion zu garantieren. Unsere gesamte Forschung zur Verbesserung unserer Techniken f\u00fcr Waschmittel und Weichsp\u00fcler wird mit dem Ziel durchgef\u00fchrt, eine optimale Produktqualit\u00e4t und konservierte Eigenschaften zu erreichen.<\/li>\n<li>Die \u00dcberwachung der Produktionsqualit\u00e4t ist die gro\u00dfe St\u00e4rke unserer technischen Teams. Es ist f\u00fcr uns ein st\u00e4ndiges Anliegen in unseren Produktionslinien.<\/li>\n<li>Die Reproduktion des Kundenprozesses ist unsere Spezialit\u00e4t. Wir respektieren daher die von unseren Kunden validierten Formeln und Verfahren.<\/li>\n<li>Unsere Spezialit\u00e4t: Die Reproduktion des Kundenprozesses. Dies ist die Grundlage, auf der wir in unseren Labors arbeiten, sei es bei traditionellen oder komplexeren chemischen Prozessen.<br \/>\nWir respektieren die von unseren Kunden validierten Formeln und Verfahren.<\/li>\n<li>Was wir bieten: modernste, leistungsstarke Technologien in verschiedenen Mikroverkapselungsverfahren f\u00fcr Fl\u00fcssigwaschmittel und Weichsp\u00fcler.<\/li>\n<li>Unsere 40-j\u00e4hrige Erfahrung auf dem Gebiet der Mikroverkapselung erlaubt es uns, unsere Techniken auszuw\u00e4hlen und mit Inhaltsstoffen mit sehr gefragten Eigenschaften zu verfeinern, wie z.B. biologisch abbaubare oder biologisch gewonnene Mikrokapseln.<\/li>\n<li>Wir aktualisieren auch alte Formeln, die veraltet sind, indem wir unsere Forschung und neue Technologien hinzuf\u00fcgen, um unsere eigene Formulierung zu erhalten.<\/li>\n<li>Jeden Tag er\u00f6ffnen wir neue M\u00f6glichkeiten f\u00fcr Verbesserungen, die jetzt garantiert formaldehydfrei sind.<\/li>\n<\/ul>\n<h2>MIKROVERKAPSELUNG<\/h2>\n<ul>\n<li>Die Mikroverkapselung eines Parf\u00fcms in einem fl\u00fcssigen Waschmittel oder Weichsp\u00fcler h\u00e4lt es viel l\u00e4nger aktiv.<\/li>\n<li>Es reduziert auch die Menge des verwendeten Parf\u00fcms, da sich die Mikrokapsel in der Waschmaschine direkt auf dem Stoff ablagert.<\/li>\n<li>Unser Hauptt\u00e4tigkeitsfeld ist die Verkapselung von fl\u00fcssigen Waschmitteln und Weichsp\u00fclern, aber auch andere Bereiche wie Parf\u00fcm, Kosmetik, Papier, Textilien, Pflanzenschutz und Lebensmittel.<\/li>\n<li>Wir haben mehrere Technologien wie die Polymerisation von Silikonen, Polyurethanen und Melaminen miteinander gekoppelt, um allen Anforderungen unserer Kunden bestm\u00f6glich gerecht zu werden.<\/li>\n<li>Unsere Ausrichtung im Bereich der W\u00e4schereinigungsprodukte erm\u00f6glicht es uns, den Einsatz von Formaldehyd zu minimieren oder sogar zu eliminieren und zu biologisch abbaubaren Produkten \u00fcberzugehen.<\/li>\n<li>Die Maschinen und Materialien, die wir f\u00fcr die Verkapselung verwenden, erm\u00f6glichen es uns, Partikel mit einem Durchmesser zwischen 1\u03bc und 50\u03bc herzustellen.<\/li>\n<li>Dar\u00fcber hinaus werden unser Know-how und unsere zahlreichen Expertisen von unserem Labor zertifiziert.<\/li>\n<li>Wir achten darauf, dass unsere Mikrokapseln so transparent wie m\u00f6glich sind, um m\u00f6gliche Spuren von Waschmittel oder Weichsp\u00fcler auf der W\u00e4sche beim Waschen zu vermeiden.<\/li>\n<li>Wir garantieren Produkte von geringerer Toxizit\u00e4t entsprechend der Kundennachfrage und st\u00fctzen unsere Forschung auf biologisch abbaubare Mikrokapseln.<\/li>\n<li>Bei uns werden aufbauend auf unseren sehr guten Kenntnissen der komplexen Koazervation verschiedene Verfahren genutzt, die wir in der Regel bei Pflanzenschutzmitteln und Waschmitteln einsetzen.<\/li>\n<li>Wir kombinieren diese Technologie bei Bedarf mit der Polymerisation von Kunstharzen, wobei die biologische Abbaubarkeit erhalten bleibt.<\/li>\n<li>Wir k\u00f6nnen aber auch eine in-situ-Mikroverkapselung an der Grenzfl\u00e4che praktizieren, der ein Spr\u00fchtrocknungsprozess folgen kann.<br \/>\nIn den letzten Jahren haben wir unsere Produktionskapazit\u00e4t deutlich erh\u00f6ht, um die wachsende Nachfrage nach Reinigungsmitteln zu befriedigen.<\/li>\n<\/ul>\n<h2>Unsere Verbesserungen und Neuformulierung f\u00fcr optimale Mikrokapseln<\/h2>\n<ul>\n<li>Unsere Anwendungsbereiche sind zahlreich, und die verschiedenen Einkapselungstechniken erlauben es, die in den Kapseln vorhandenen Parf\u00fcme und \u00d6le freizusetzen, um effizient zu reinigen oder zu parf\u00fcmieren und gleichzeitig die Umwelt zu schonen.<\/li>\n<li>Dies betrifft Waschmittel und Weichsp\u00fcler, aber auch Reinigungsmittel, Shampoos, Nahrungserg\u00e4nzungsmittel und viele andere Produkte, die eine Verkapselung der Wirkstoffe erfordern.<\/li>\n<li>Bei der Verkapselung handelt es sich daher haupts\u00e4chlich um lipophile Inhaltsstoffe, eine Fettphase, die in einem ersten Schritt in Wasser dispergiert wird.<\/li>\n<li>Neben lipophilen Inhaltsstoffen arbeiten wir auch an der Verkapselung von hydrophilen Inhaltsstoffen, einer Technologie, die insofern begrenzter ist, als die kontinuierliche Phase fettig ist und daher kompliziert zu eliminieren ist.<\/li>\n<li>Alle unsere Formeln, die im Bereich der Waschmittel und Weichsp\u00fcler eingesetzt werden, garantieren nicht nur den Schutz der empfindlichen Inhaltsstoffe, sondern auch ihre Haltbarkeit und ihre Wirksamkeit im Laufe der Zeit.<\/li>\n<li>Unsere Laborforschung auf dem Gebiet der Mikroverkapselung erm\u00f6glicht es uns, viele Techniken bei Reinigungsprodukten, insbesondere bei Waschmitteln und Weichsp\u00fclern, zu nutzen. Dabei l\u00f6sen wir Probleme mit verschiedenen Formeln, von denen einige bakterizid sein m\u00fcssen, andere zu 100 % biologisch abbaubar oder mit einem Konzept, oder um die Wirksamkeit des Duftes dieser Produkte mit der Zeit zu verl\u00e4ngern.<\/li>\n<li>Auch die biologisch abbaubare Mikroverkapselung befindet sich bei unseren Erfindern in der Evolutionsphase, um die immer restriktiver werdende Gesetzgebung einzuhalten und die Natur besser zu erhalten.<\/li>\n<li>Wir verf\u00fcgen zudem \u00fcber gro\u00dfe Erfahrung in der Mikroverkapselung von \u00e4therischen \u00d6len.<\/li>\n<\/ul>\n","protected":false},"excerpt":{"rendered":"<p>Unsere Forschung und Formeln in der Mikroverkapselung von Waschmitteln und Weichsp\u00fclern Unser auf Verkapselung spezialisiertes Finderteam orientiert sich an fl\u00fcssigen Waschmitteln und Weichmachern. Wir kennen die Welt der Produktion und der Industrie sehr gut, das ist die Branche, aus der wir kommen. Unsere Forschungsphase ist recht kurz, da der Industriesektor bisher den gr\u00f6\u00dften Teil unseres&hellip;<\/p>\n","protected":false},"author":7,"featured_media":0,"parent":3306,"menu_order":100,"comment_status":"closed","ping_status":"closed","template":"","meta":{"footnotes":""},"class_list":["post-3154","page","type-page","status-publish","hentry","description-off"],"_links":{"self":[{"href":"https:\/\/www.microcapsules-technologies.com\/de\/wp-json\/wp\/v2\/pages\/3154","targetHints":{"allow":["GET"]}}],"collection":[{"href":"https:\/\/www.microcapsules-technologies.com\/de\/wp-json\/wp\/v2\/pages"}],"about":[{"href":"https:\/\/www.microcapsules-technologies.com\/de\/wp-json\/wp\/v2\/types\/page"}],"author":[{"embeddable":true,"href":"https:\/\/www.microcapsules-technologies.com\/de\/wp-json\/wp\/v2\/users\/7"}],"replies":[{"embeddable":true,"href":"https:\/\/www.microcapsules-technologies.com\/de\/wp-json\/wp\/v2\/comments?post=3154"}],"version-history":[{"count":2,"href":"https:\/\/www.microcapsules-technologies.com\/de\/wp-json\/wp\/v2\/pages\/3154\/revisions"}],"predecessor-version":[{"id":3259,"href":"https:\/\/www.microcapsules-technologies.com\/de\/wp-json\/wp\/v2\/pages\/3154\/revisions\/3259"}],"up":[{"embeddable":true,"href":"https:\/\/www.microcapsules-technologies.com\/de\/wp-json\/wp\/v2\/pages\/3306"}],"wp:attachment":[{"href":"https:\/\/www.microcapsules-technologies.com\/de\/wp-json\/wp\/v2\/media?parent=3154"}],"curies":[{"name":"wp","href":"https:\/\/api.w.org\/{rel}","templated":true}]}}