{"id":3156,"date":"2020-08-10T22:02:05","date_gmt":"2020-08-10T22:02:05","guid":{"rendered":"https:\/\/microcapsules-technologies.com\/fluessiges-reinigungsmittel-mit-aetherischen-oelen\/"},"modified":"2020-08-11T00:03:00","modified_gmt":"2020-08-11T00:03:00","slug":"fluessiges-reinigungsmittel-mit-aetherischen-oelen","status":"publish","type":"page","link":"https:\/\/www.microcapsules-technologies.com\/de\/anwendungsbereiche\/anwendungsbereiche-detergenzien\/fluessiges-reinigungsmittel-mit-aetherischen-oelen\/","title":{"rendered":"Fl\u00fcssiges Reinigungsmittel mit \u00e4therischen \u00d6len"},"content":{"rendered":"<h2>Die Einkapselung von \u00e4therischen \u00d6len durch komplexe Koazervation<\/h2>\n<ul>\n<li>Wir haben viel mit \u00e4therischen \u00d6len gearbeitet, um sie dank unserer verschiedenen Technologien einzukapseln, einschlie\u00dflich der komplexen Koazervation, die es uns erm\u00f6glicht, ein v\u00f6llig nat\u00fcrliches und biologisch abbaubares Produkt zu erhalten.<\/li>\n<li>Der Koazervationsprozess wird in einem Tank unter R\u00fchren durchgef\u00fchrt, wobei das \u00e4therische \u00d6l, das in Wasser eingekapselt werden soll, zu dispergieren beginnt.<\/li>\n<li>Die Tropfengr\u00f6\u00dfe h\u00e4ngt von der Schereinstellung ab, die durch Feineinstellung der R\u00fchrerdrehzahl erreicht wird.<br \/>\nAnschlie\u00dfend werden elektrische Ladungen eingef\u00fchrt, die den Mikrokapseln helfen, sich an das Textil zu heften.<\/li>\n<li>Dann wird S\u00e4ure in die Dispersion eingebracht, um den PH-Wert zu modifizieren und so eine Bindung zwischen den beiden Polymeren herzustellen und die Polymerisation zu f\u00f6rdern. Dies f\u00fchrt zur Ablagerung einer Verbindung um die im Wasser dispergierten Tr\u00f6pfchen des \u00e4therischen \u00d6ls.<\/li>\n<li>Die chemischen Bindungen werden schlie\u00dflich hergestellt, nachdem die Struktur des Polymers, das das \u00e4therische \u00d6l enth\u00e4lt, durch Einstellung des PH-Wertes stabilisiert ist.<\/li>\n<li>Diese Mikrokapseln in Gelatineform sind transparent und flexibel. Wir k\u00f6nnen in unseren Labors versiegelte Mikrokapseln oder Mikrokapseln mit kontrollierter Freisetzung herstellen, deren Freisetzungsrate entsprechend unseren Anwendungen eingestellt werden kann.<\/li>\n<li>Bei der komplexen Koazervationstechnik werden zwei oder mehr Arten von Polymeren verwendet, w\u00e4hrend bei der so genannten einfachen Methode nur ein Polymer verwendet wird. Sie erm\u00f6glicht eine kontrollierte Freisetzung der Partikel unter definierten Feuchtigkeits-, Temperatur- oder Druckbedingungen. Diese Mikrokapseln haben den Vorteil, dass sie biologisch abbaubar und nat\u00fcrlichen Ursprungs sind.<\/li>\n<\/ul>\n<h2>Unser Know-how in der Einarbeitung von \u00e4therischem \u00d6l f\u00fcr Waschmittel und Weichsp\u00fcler<\/h2>\n<p>Wir stellen auch die Hydrophilie und Hydrophobie dieser Mikrokapseln ein, um die bestm\u00f6gliche Haftung an der W\u00e4sche in der Waschmaschine zu erhalten.<\/p>\n<h2>Polymer nat\u00fcrlichen Ursprungs<\/h2>\n<ul>\n<li>Die verwendeten Polymere sind nat\u00fcrlichen Ursprungs, um die europ\u00e4ischen Normen f\u00fcr Mikrokapselverbindungen zu erf\u00fcllen, die biologisch abbaubar sein m\u00fcssen.<\/li>\n<li>Beachten Sie, dass die Gef\u00e4hrlichkeit der Mikrokapseln haupts\u00e4chlich von den darin enthaltenen Parf\u00fcms herr\u00fchrt. Dieser Teil ist sehr wichtig und muss deshalb systematisch behandelt werden.<\/li>\n<li>Es ist daher besser, synthetische Parf\u00fcms durch \u00e4therische \u00d6le zu ersetzen und gleichzeitig die biologische Abbaubarkeit dieser Produkte zu gew\u00e4hrleisten.<\/li>\n<li>Dieser Ansatz gilt gleicherma\u00dfen f\u00fcr alle verwendeten Hilfsstoffe und Inhaltsstoffe, die unsch\u00e4dlich und auch biologisch abbaubar sein m\u00fcssen.<\/li>\n<li>F\u00fcr die Verkapselung von \u00e4therischen \u00d6len k\u00f6nnen andere Formeln verwendet werden, wie z. B. Emulsions- oder Grenzfl\u00e4chenpolymerisation, die wir ebenfalls einsetzen. Diesen Hochleistungsl\u00f6sungen mangelt es jedoch an biologischer Abbaubarkeit und sie sind nicht nat\u00fcrlichen Ursprungs.<\/li>\n<li>Die Technik der komplexen Koazervation ist nach wie vor ein wirksames Mittel zur Erzielung guter Ergebnisse f\u00fcr die Mikroverkapselung von \u00e4therischen \u00d6len und deren Freisetzung auf der W\u00e4sche. Sie bleibt derzeit das bevorzugte Mittel, um biologisch abbaubare Mikrokapseln mit ausreichender Leistung f\u00fcr die Verwendung in Waschmitteln oder Weichsp\u00fclern zu erhalten.<\/li>\n<\/ul>\n<h2>Die positiven Aspekte der Mikroverkapselung von \u00e4therischen \u00d6len<\/h2>\n<ul>\n<li>Bei der Verkapselung von \u00e4therischen \u00d6len ist es wichtig, spezielle Duftstoffe einzuarbeiten, die gro\u00dfe Molek\u00fcle haben m\u00fcssen, um nicht durch die Wand der Mikrokapsel zu diffundieren, und in Wasser unl\u00f6slich sein m\u00fcssen, um die Koazervation nicht zu st\u00f6ren.<\/li>\n<li>Die \u00d6l-Mikrokapseln enthalten mindestens 35 % Wirkstoff, um optimal genutzt werden zu k\u00f6nnen, w\u00e4hrend sie durch die Wand der Mikrokapseln, die durch komplexe Koazervation erhalten werden, gesch\u00fctzt sind.<\/li>\n<li>Das \u00e4therische \u00d6l wird daher als einzukapselndes Parf\u00fcm f\u00fcr den Einsatz im W\u00e4schereisektor verwendet.<br \/>\nWir k\u00f6nnen, wenn n\u00f6tig, die Dicke der W\u00e4nde der Waschmittel-Mikrokapseln reduzieren, so dass wir por\u00f6se Mikrokapseln erhalten, die die<\/li>\n<li>Duftstoffe einschlie\u00dfen und ihre Freisetzung in einer angemessenen Zeit ohne mechanischen Bruch gew\u00e4hrleisten.<\/li>\n<li>Wir k\u00f6nnen die Dicke der W\u00e4nde kontrollieren und die Freisetzung des Duftstoffs je nach Bedarf zeitlich strecken.<\/li>\n<li>Die Verkapselung der \u00e4therischen \u00d6le durch unsere optimierten Techniken spielt eine wesentliche Rolle f\u00fcr den Duft nat\u00fcrlicher Waschmittel und Weichsp\u00fcler, wodurch letztere besser konserviert, gesch\u00fctzt und leicht in nat\u00fcrliche und biologisch abbaubare Waschmittel zum Waschen von Kleidung eingearbeitet werden k\u00f6nnen. Dies tr\u00e4gt zum Schutz der Umwelt bei.<\/li>\n<\/ul>\n","protected":false},"excerpt":{"rendered":"<p>Die Einkapselung von \u00e4therischen \u00d6len durch komplexe Koazervation Wir haben viel mit \u00e4therischen \u00d6len gearbeitet, um sie dank unserer verschiedenen Technologien einzukapseln, einschlie\u00dflich der komplexen Koazervation, die es uns erm\u00f6glicht, ein v\u00f6llig nat\u00fcrliches und biologisch abbaubares Produkt zu erhalten. Der Koazervationsprozess wird in einem Tank unter R\u00fchren durchgef\u00fchrt, wobei das \u00e4therische \u00d6l, das in Wasser&hellip;<\/p>\n","protected":false},"author":7,"featured_media":0,"parent":3306,"menu_order":100,"comment_status":"closed","ping_status":"closed","template":"","meta":{"footnotes":""},"class_list":["post-3156","page","type-page","status-publish","hentry","description-off"],"_links":{"self":[{"href":"https:\/\/www.microcapsules-technologies.com\/de\/wp-json\/wp\/v2\/pages\/3156","targetHints":{"allow":["GET"]}}],"collection":[{"href":"https:\/\/www.microcapsules-technologies.com\/de\/wp-json\/wp\/v2\/pages"}],"about":[{"href":"https:\/\/www.microcapsules-technologies.com\/de\/wp-json\/wp\/v2\/types\/page"}],"author":[{"embeddable":true,"href":"https:\/\/www.microcapsules-technologies.com\/de\/wp-json\/wp\/v2\/users\/7"}],"replies":[{"embeddable":true,"href":"https:\/\/www.microcapsules-technologies.com\/de\/wp-json\/wp\/v2\/comments?post=3156"}],"version-history":[{"count":2,"href":"https:\/\/www.microcapsules-technologies.com\/de\/wp-json\/wp\/v2\/pages\/3156\/revisions"}],"predecessor-version":[{"id":3255,"href":"https:\/\/www.microcapsules-technologies.com\/de\/wp-json\/wp\/v2\/pages\/3156\/revisions\/3255"}],"up":[{"embeddable":true,"href":"https:\/\/www.microcapsules-technologies.com\/de\/wp-json\/wp\/v2\/pages\/3306"}],"wp:attachment":[{"href":"https:\/\/www.microcapsules-technologies.com\/de\/wp-json\/wp\/v2\/media?parent=3156"}],"curies":[{"name":"wp","href":"https:\/\/api.w.org\/{rel}","templated":true}]}}