{"id":3157,"date":"2020-08-10T22:03:18","date_gmt":"2020-08-10T22:03:18","guid":{"rendered":"https:\/\/microcapsules-technologies.com\/hypoallergene-fluessigwaschmittel-mit-mikroverkapselung\/"},"modified":"2020-08-11T00:00:41","modified_gmt":"2020-08-11T00:00:41","slug":"hypoallergene-fluessigwaschmittel-mit-mikroverkapselung","status":"publish","type":"page","link":"https:\/\/www.microcapsules-technologies.com\/de\/anwendungsbereiche\/anwendungsbereiche-detergenzien\/hypoallergene-fluessigwaschmittel-mit-mikroverkapselung\/","title":{"rendered":"Hypoallergene Fl\u00fcssigwaschmittel mit Mikroverkapselung"},"content":{"rendered":"<h2>Ein modifiziertes Verfahren zur Herstellung von hypoallergenen Waschmitteln<\/h2>\n<ul>\n<li>Die Reduzierung von Allergenen in W\u00e4schereinigungsprodukten ist unsere Priorit\u00e4t. Deshalb haben wir unsere Formeln modifiziert, um dieser immer anspruchsvolleren Kundennachfrage in diesem Punkt zu entsprechen, basierend auf den Spitzentechnologien, die wir im Bereich Mikrokapseln beherrschen.<\/li>\n<li>Die Naturprodukte, die wir verwenden, sollen verschiedene Allergien reduzieren oder sogar eliminieren. Diese Produkte erm\u00f6glichen es uns, ein neues Konzept von Waschmitteln f\u00fcr Menschen mit empfindlicher Haut vorzuschlagen.<\/li>\n<\/ul>\n<h2>Alterung der Parf\u00fcms in der W\u00e4scherei<\/h2>\n<ul>\n<li>Unsere Forschung \u00fcber hypoallergene Fl\u00fcssigwaschmittel hat uns dazu veranlasst, die Alterung von Parf\u00fcms zu untersuchen, da durch diese wahrscheinlich unerw\u00fcnschte Substanzen erzeugt werden, die aggressiv auf die Haut wirken k\u00f6nnen.<\/li>\n<li>Deshalb haben wir die Formeln grundlegend ge\u00e4ndert, so dass sie den Erwartungen und Spezifikationen unserer Kunden in der W\u00e4schereibranche entsprechen.<\/li>\n<li>Dar\u00fcber hinaus f\u00fchren diese Modifikationen zur Optimierung der biologischen Abbaubarkeit der Mikrokapseln.<\/li>\n<li>Unsere Formeln enthalten mehrheitlich Naturprodukte, um die immer strengeren Normen der europ\u00e4ischen Gesetzgebung zu erf\u00fcllen.<\/li>\n<li>Die Sicherheitsdatenbl\u00e4tter zeigen deutlich diesen Trend zu weniger aggressiven Naturprodukten.<\/li>\n<li>Die Mikrokapseln, die wir derzeit herstellen, haben einen konzentrierteren Duftstoffgehalt und bleiben gleichzeitig hypoallergen. Sie haben eine verbesserte Leistung, insbesondere dank spezifischer Polymere, die eine gute Haftung auf der W\u00e4sche erm\u00f6glichen, was eine sehr gute Stabilit\u00e4t des Parf\u00fcms bis zu seiner Freisetzung erm\u00f6glicht.<\/li>\n<\/ul>\n<h2>Das Hervorheben der biologischen Abbaubarkeit zugunsten eines hypoallergenen Waschmittels<\/h2>\n<ul>\n<li>Alle unsere Prozesse auf dem Gebiet der hypoallergenen Fl\u00fcssigwaschmittel folgen einem einzigen Ziel: die Allergien, die auftreten k\u00f6nnen, wenn diese Produkte nicht eingekapselt sind, stark zu reduzieren.<\/li>\n<li>Wir entwickeln derzeit mit unseren Technologien umweltfreundliche Alternativen, um unsere Kunden zu sch\u00fctzen und ihre Erwartungen zu erf\u00fcllen.<\/li>\n<li>Unsere Beherrschung der Mikroverkapselung erm\u00f6glicht es uns, diese Schutzpolymere und ihre hypoallergene Wirkung so zu nutzen, das der Duft nach dem Waschen der Kleidung dennoch erhalten bleibt.<\/li>\n<li>Die Substanz zur Bek\u00e4mpfung von Allergien, die im Allgemeinen durch den eingekapselten Duftstoff verursacht werden, umh\u00fcllt die Allergenmolek\u00fcle, um deren Einfluss deutlich und effektiv zu reduzieren.<\/li>\n<li>Wir nutzen unsere Forschung \u00fcber die biologische Abbaubarkeit von Mikrokapseln, um diese Schutzeigenschaft hervorzuheben, wobei wir auch nat\u00fcrliche Inhaltsstoffe anstelle von synthetischen Duftstoffen verwenden, die eine unerw\u00fcnschte Reaktion auf der Haut hervorrufen k\u00f6nnen.<\/li>\n<li>Die Toxizit\u00e4t wird daher w\u00e4hrend des Mikroverkapselungsprozesses der Wirkstoffe minimiert.<\/li>\n<li>Auch wenn unsere Anwendungen nat\u00fcrlich bleiben, ist es wichtig, Mikrokapseln mit so wenig Inhaltsstoffen wie m\u00f6glich zu formulieren und die \u00fcblicherweise verwendeten Duftstoffe durch nat\u00fcrlichere \u00e4therische \u00d6le zu ersetzen. Das Allergierisiko ist zwar immer vorhanden, wird aber durch die hypoallergene Mikroverkapselung gemildert. Die Mikroverkapselung ist daher die Technik der Wahl sein, um hautneutrale<\/li>\n<li>Eigenschaften beim Waschen mit hypoallergenen Detergenzien zu erhalten.<\/li>\n<\/ul>\n","protected":false},"excerpt":{"rendered":"<p>Ein modifiziertes Verfahren zur Herstellung von hypoallergenen Waschmitteln Die Reduzierung von Allergenen in W\u00e4schereinigungsprodukten ist unsere Priorit\u00e4t. Deshalb haben wir unsere Formeln modifiziert, um dieser immer anspruchsvolleren Kundennachfrage in diesem Punkt zu entsprechen, basierend auf den Spitzentechnologien, die wir im Bereich Mikrokapseln beherrschen. Die Naturprodukte, die wir verwenden, sollen verschiedene Allergien reduzieren oder sogar eliminieren.&hellip;<\/p>\n","protected":false},"author":7,"featured_media":0,"parent":3306,"menu_order":100,"comment_status":"closed","ping_status":"closed","template":"","meta":{"footnotes":""},"class_list":["post-3157","page","type-page","status-publish","hentry","description-off"],"_links":{"self":[{"href":"https:\/\/www.microcapsules-technologies.com\/de\/wp-json\/wp\/v2\/pages\/3157","targetHints":{"allow":["GET"]}}],"collection":[{"href":"https:\/\/www.microcapsules-technologies.com\/de\/wp-json\/wp\/v2\/pages"}],"about":[{"href":"https:\/\/www.microcapsules-technologies.com\/de\/wp-json\/wp\/v2\/types\/page"}],"author":[{"embeddable":true,"href":"https:\/\/www.microcapsules-technologies.com\/de\/wp-json\/wp\/v2\/users\/7"}],"replies":[{"embeddable":true,"href":"https:\/\/www.microcapsules-technologies.com\/de\/wp-json\/wp\/v2\/comments?post=3157"}],"version-history":[{"count":2,"href":"https:\/\/www.microcapsules-technologies.com\/de\/wp-json\/wp\/v2\/pages\/3157\/revisions"}],"predecessor-version":[{"id":3253,"href":"https:\/\/www.microcapsules-technologies.com\/de\/wp-json\/wp\/v2\/pages\/3157\/revisions\/3253"}],"up":[{"embeddable":true,"href":"https:\/\/www.microcapsules-technologies.com\/de\/wp-json\/wp\/v2\/pages\/3306"}],"wp:attachment":[{"href":"https:\/\/www.microcapsules-technologies.com\/de\/wp-json\/wp\/v2\/media?parent=3157"}],"curies":[{"name":"wp","href":"https:\/\/api.w.org\/{rel}","templated":true}]}}