{"id":3158,"date":"2020-08-10T22:04:24","date_gmt":"2020-08-10T22:04:24","guid":{"rendered":"https:\/\/microcapsules-technologies.com\/hypoallergene-fluessige-weichmacher-mit-mikroverkapselung\/"},"modified":"2020-08-10T23:59:11","modified_gmt":"2020-08-10T23:59:11","slug":"hypoallergene-fluessige-weichmacher-mit-mikroverkapselung","status":"publish","type":"page","link":"https:\/\/www.microcapsules-technologies.com\/de\/anwendungsbereiche\/anwendungsbereiche-detergenzien\/hypoallergene-fluessige-weichmacher-mit-mikroverkapselung\/","title":{"rendered":"Hypoallergene fl\u00fcssige Weichmacher mit Mikroverkapselung"},"content":{"rendered":"<h2>Mikroverkapselung im Dienste eines hypoallergenen Weichsp\u00fclers<\/h2>\n<ul>\n<li>Die in Weichsp\u00fclern enthaltenen Mikrokapseln sind in der Lage, den Wirkstoff durch mechanischen Bruch freizusetzen, was im Wesentlichen durch Reibung oder Permeation erreicht wird. Vor allem aber haben sie den Vorteil, den Wirkstoff zu sch\u00fctzen und ihn hypoallergen zu machen.<\/li>\n<li>Im Jahr 2012 haben wir damit begonnen, unsere Mikroverkapselungsformeln f\u00fcr die Verwendung in Weichsp\u00fclern anzupassen.<\/li>\n<li>Unsere Forschung konzentriert sich unter anderem auf der Alterung des von uns eingearbeiteten Parf\u00fcms. Wir nutzen haupts\u00e4chlich die Eigenschaften von Melamin und Silikon f\u00fcr diese W\u00e4scheanwendungen, was zu \u00e4u\u00dferst zufriedenstellenden Ergebnissen f\u00fchrt.<\/li>\n<li>Dar\u00fcber hinaus haben wir diesen Prozess anschlie\u00dfend durch unsere Polymerisationsforschung verbessert. Dies f\u00fchrte uns zu doppelwandigen Mikrokapseln, die den Duft hervorragend umfassen und erhalten &#8211; eine Technologie, die von uns patentiert wurde.<\/li>\n<li>Schlie\u00dflich hat die Herstellung von sogenannten Mikrokapseln mit verbesserter Haftung an den Textilien es erm\u00f6glicht, den in diesen Produkten verwendeten Duftstoff zu begrenzen.<\/li>\n<li>Der Parf\u00fcmgehalt dieser Mikrokapseln ist hoch, was f\u00fcr unsere Kunden in der W\u00e4schereiindustrie sehr zufriedenstellend ist, da dadurch die Produktionskosten des Endprodukts gesenkt werden.<\/li>\n<li>Deshalb modifizieren wir unsere Rezepturen, um sie bestm\u00f6glich an die Anforderungen unserer Kunden in der Waschmittelindustrie anzupassen, mit Eigenschaften, die ihren Anforderungen entsprechen, w\u00e4hrend wir gleichzeitig zu nat\u00fcrlicheren Produkten \u00fcbergehen.<\/li>\n<\/ul>\n<h2>Die Ausarbeitung von nat\u00fcrlichen Mikrokapseln mit hypoallergenen Eigenschaften<\/h2>\n<ul>\n<li>In unserer Forschung sind wir bestrebt, die Allergene, die in dem Duftstoff enthalten sein k\u00f6nnen, den wir zur Herstellung dieser Mikrokapseln in fl\u00fcssigen Weichmachern verwenden, deutlich zu reduzieren.<\/li>\n<li>Unsere Mikrokapseln in fl\u00fcssigen Weichsp\u00fclern enthalten nicht nur eine Kombination aus hypoallergenen Wirkstoffen, sondern wir f\u00fcgen auch unsere biologisch abbaubare Formel<br \/>\nhinzu, um die Umwelt zu schonen und den Anforderungen der Kunden gerecht zu werden, die sich immer mehr von dieser letzten<\/li>\n<li>Eigenschaft angezogen f\u00fchlen. Das Produkt hat eine ausgezeichnete Hautvertr\u00e4glichkeit, verl\u00e4ngert aber auch die Wirkung der Duftkomposition dank der verschiedenen eingesetzten Technologien.<\/li>\n<li>Diese Besonderheit der Mikroverkapselung wurde in unseren Labors speziell entwickelt, um empfindliche Haut zu schonen, die manchmal bei der Freisetzung der Duftstoffe reagieren kann, da diese verschiedene Allergien ausl\u00f6sen k\u00f6nnen.<\/li>\n<li>Unsere Technologie auf dem Gebiet der hypoallergenen Mikrokapsel wurde von unseren Kunden getestet und genehmigt. Das Ergebnis ist ein Duft, der l\u00e4nger h\u00e4lt und zudem eine \u00f6kologische und gesunde Alternative zu traditionelleren Technologien verspricht, die eine m\u00f6glichst nat\u00fcrliche L\u00f6sung bietet.<\/li>\n<li>Die in den von uns hergestellten Mikrokapseln enthaltenen Verbindungen sind daher in der Lage, das Risiko von Allergien bei der Verwendung von Waschmitteln zu minimieren.<\/li>\n<\/ul>\n","protected":false},"excerpt":{"rendered":"<p>Mikroverkapselung im Dienste eines hypoallergenen Weichsp\u00fclers Die in Weichsp\u00fclern enthaltenen Mikrokapseln sind in der Lage, den Wirkstoff durch mechanischen Bruch freizusetzen, was im Wesentlichen durch Reibung oder Permeation erreicht wird. Vor allem aber haben sie den Vorteil, den Wirkstoff zu sch\u00fctzen und ihn hypoallergen zu machen. Im Jahr 2012 haben wir damit begonnen, unsere Mikroverkapselungsformeln&hellip;<\/p>\n","protected":false},"author":7,"featured_media":0,"parent":3306,"menu_order":100,"comment_status":"closed","ping_status":"closed","template":"","meta":{"footnotes":""},"class_list":["post-3158","page","type-page","status-publish","hentry","description-off"],"_links":{"self":[{"href":"https:\/\/www.microcapsules-technologies.com\/de\/wp-json\/wp\/v2\/pages\/3158","targetHints":{"allow":["GET"]}}],"collection":[{"href":"https:\/\/www.microcapsules-technologies.com\/de\/wp-json\/wp\/v2\/pages"}],"about":[{"href":"https:\/\/www.microcapsules-technologies.com\/de\/wp-json\/wp\/v2\/types\/page"}],"author":[{"embeddable":true,"href":"https:\/\/www.microcapsules-technologies.com\/de\/wp-json\/wp\/v2\/users\/7"}],"replies":[{"embeddable":true,"href":"https:\/\/www.microcapsules-technologies.com\/de\/wp-json\/wp\/v2\/comments?post=3158"}],"version-history":[{"count":2,"href":"https:\/\/www.microcapsules-technologies.com\/de\/wp-json\/wp\/v2\/pages\/3158\/revisions"}],"predecessor-version":[{"id":3251,"href":"https:\/\/www.microcapsules-technologies.com\/de\/wp-json\/wp\/v2\/pages\/3158\/revisions\/3251"}],"up":[{"embeddable":true,"href":"https:\/\/www.microcapsules-technologies.com\/de\/wp-json\/wp\/v2\/pages\/3306"}],"wp:attachment":[{"href":"https:\/\/www.microcapsules-technologies.com\/de\/wp-json\/wp\/v2\/media?parent=3158"}],"curies":[{"name":"wp","href":"https:\/\/api.w.org\/{rel}","templated":true}]}}