{"id":3159,"date":"2020-08-10T22:05:47","date_gmt":"2020-08-10T22:05:47","guid":{"rendered":"https:\/\/microcapsules-technologies.com\/biologisch-abbaubare-mikroverkapselung-fuer-weichspueler-und-fluessigwaschmittel\/"},"modified":"2020-08-10T23:57:52","modified_gmt":"2020-08-10T23:57:52","slug":"biologisch-abbaubare-mikroverkapselung-fuer-weichspueler-und-fluessigwaschmittel","status":"publish","type":"page","link":"https:\/\/www.microcapsules-technologies.com\/de\/anwendungsbereiche\/anwendungsbereiche-detergenzien\/biologisch-abbaubare-mikroverkapselung-fuer-weichspueler-und-fluessigwaschmittel\/","title":{"rendered":"Biologisch abbaubare Mikroverkapselung f\u00fcr Weichsp\u00fcler und Fl\u00fcssigwaschmittel"},"content":{"rendered":"<h2>Neue Verfahren f\u00fcr eine ges\u00fcndere Mikroverkapselung<\/h2>\n<ul>\n<li>Unsere Mikroverkapselungslabors haben bereits ein Patent f\u00fcr die biologisch abbaubaren Eigenschaften von Mikrokapseln f\u00fcr Weichsp\u00fcler und Fl\u00fcssigwaschmittel angemeldet, und wir forschen derzeit an der Verbesserung ihrer Leistung gegen\u00fcber den \u00fcblichen Standardkapseln.<\/li>\n<li>Zu diesem Zweck verwenden wir biologisch abbaubare Polymere, und unser Fachwissen und Know-how konzentriert sich auf die Verfahrensentwicklung, um die Verwendung von organischen L\u00f6sungsmitteln, die umweltsch\u00e4dlich sind, zu begrenzen.<br \/>\nIm Bereich der Mikroverkapselung wurde ein v\u00f6llig neuartiges System geschaffen, dessen biologisch abbaubare Technologie die Einarbeitung von komplement\u00e4ren Wirkstoffen in dasselbe System erm\u00f6glicht, mit dem prim\u00e4ren Ziel, die Wirksamkeit des Produkts erheblich zu verbessern.<\/li>\n<li>Durch die verschiedenen Technologien, die bei der Formulierung der biologisch abbaubaren Partikel eingesetzt werden, konnten wir die Emulsion perfektionieren, aber auch den Stabilisierungsmechanismus des Partikels hervorheben und die Haftung der Mikrokapseln auf der W\u00e4sche verbessern.<\/li>\n<li>Wir achten darauf, nat\u00fcrlichen Polymeren gegen\u00fcber synthetischen Polymeren, die diese gew\u00fcnschten biologisch abbaubaren Eigenschaften nicht haben, den Vorzug zu geben.<\/li>\n<li>Unser Ziel ist es, \u201egr\u00fcnere\u201c Technologien zu finden und zu nutzen, die den Anforderungen der Zeit entsprechen.<\/li>\n<li>Dar\u00fcber hinaus erm\u00f6glichen unsere verbesserten Formeln mit komplexer Koazervation eine bessere Nutzung von Naturprodukten.<\/li>\n<li>Unsere aktuelle Forschung zielt darauf ab, eine langsamere, regelm\u00e4\u00dfigere und damit l\u00e4ngere Freisetzung von Duftstoffen im Laufe der Zeit zu erreichen.<\/li>\n<\/ul>\n<h2>Einfluss der Europ\u00e4ischen Union auf das Konzept biologisch abbaubarer Mikrokapseln<\/h2>\n<p>Die biologisch abbaubare Mikroverkapselung in Waschmitteln und Weichsp\u00fclern ist eine alternative L\u00f6sung zu den Mikroplastikverbindungen, die bei der \u00fcblichen Technik verwendet werden.<br \/>\nDie biologische Abbaubarkeit der Partikel steht im Einklang mit den sich abzeichnenden europ\u00e4ischen Gesetzgebungen: So wird ab 2022 die Verwendung von Mikroplastikverbindungen verboten sein, was die derzeitigen Technologien in Europa verbieten wird.<br \/>\nUm dieser Gesetzgebung gerecht zu werden, m\u00fcssen die Mikrokapseln daher biologisch abbaubar, m\u00f6glichst biokompatibel und biobasiert sein, d. h. aus nat\u00fcrlichen nachwachsenden Rohstoffen, vornehmlich pflanzlichen Ressourcen, gewonnen werden.<br \/>\nUnsere Laboratorien sind in diesem Bereich einem raschen Wandel unterworfen, insbesondere durch das Aufkommen gesetzlicher Auflagen, die den Einsatz umweltfreundlicher L\u00f6sungen erfordern. Die zahlreichen \u00c4nderungen in der europ\u00e4ischen Gesetzgebung zwingen uns, unsere Mikrokapselformeln zu verbessern, um den Kundenerwartungen gerecht zu werden und die Herstellung von \u201eMikrokunststoffen\u201c zu vermeiden.<br \/>\nGegenw\u00e4rtig sind unsere Mikrokapseln, die im Waschmittelbereich verwendet werden, nicht vollst\u00e4ndig biologisch abbaubar. Ihre Dufteigenschaften erm\u00f6glichen es jedoch, w\u00e4hrend ihres Gebrauchs Parf\u00fcmmengen einzusparen, da sie sich effizienter als bisher direkt auf der W\u00e4sche ablagern.<\/p>\n<h2>Die Eigenschaften von biologisch abbaubaren Mikrokapseln in Bezug auf den Parf\u00fcmgehalt<\/h2>\n<ul>\n<li>Die W\u00e4nde der Mikrokapseln enthalten nat\u00fcrliche Wirkstoffe, um die biologische Abbaubarkeit zu gew\u00e4hrleisten.<\/li>\n<li>Diese sind weniger giftig und enthalten umweltfreundlichere Polymere, sind aber technisch weniger effizient. In diesem Sinne sind sie weniger temperaturalterungsbest\u00e4ndig (sie bauen sich ab, weil sie f\u00fcr diesen Zweck entwickelt wurden) und ihr Duftstoffgehalt muss auf 35% begrenzt sein, w\u00e4hrend dieser Gehalt in der Regel 40 % oder in einigen F\u00e4llen sogar 45 % erreichen kann.<\/li>\n<li>Im Interesse der Verbraucher und unserer Kunden achten unsere Labors darauf, Produkte herzustellen, die wirksamere Mikrokapseln enthalten, die durch das Anhaften an der W\u00e4sche nicht nur verhindern, dass die Parf\u00fcmteilchen nicht ihr volles Potenzial entfalten und in die Kanalisation gelangen, sondern auch eine positive Wirkung auf die Umwelt haben.<\/li>\n<li>Die Leistung von biologisch abbaubaren Kapseln im Vergleich zu nicht biologisch abbaubaren Kapseln wird nat\u00fcrlich anders sein, denn erstere haben nicht die gleichen Konservierungs- und Alterungseigenschaften des Parf\u00fcms wie jene mit einer klassischen Formulierung, aber wir versuchen, die Verbindungen der umweltfreundlichen Mikrokapseln so weit wie m\u00f6glich zu verbessern, um unseren Kunden zu erm\u00f6glichen, die biologische Abbaubarkeit dem synthetischen Parf\u00fcmgehalt vorzuziehen.<\/li>\n<\/ul>\n","protected":false},"excerpt":{"rendered":"<p>Neue Verfahren f\u00fcr eine ges\u00fcndere Mikroverkapselung Unsere Mikroverkapselungslabors haben bereits ein Patent f\u00fcr die biologisch abbaubaren Eigenschaften von Mikrokapseln f\u00fcr Weichsp\u00fcler und Fl\u00fcssigwaschmittel angemeldet, und wir forschen derzeit an der Verbesserung ihrer Leistung gegen\u00fcber den \u00fcblichen Standardkapseln. Zu diesem Zweck verwenden wir biologisch abbaubare Polymere, und unser Fachwissen und Know-how konzentriert sich auf die Verfahrensentwicklung,&hellip;<\/p>\n","protected":false},"author":7,"featured_media":0,"parent":3306,"menu_order":100,"comment_status":"closed","ping_status":"closed","template":"","meta":{"footnotes":""},"class_list":["post-3159","page","type-page","status-publish","hentry","description-off"],"_links":{"self":[{"href":"https:\/\/www.microcapsules-technologies.com\/de\/wp-json\/wp\/v2\/pages\/3159","targetHints":{"allow":["GET"]}}],"collection":[{"href":"https:\/\/www.microcapsules-technologies.com\/de\/wp-json\/wp\/v2\/pages"}],"about":[{"href":"https:\/\/www.microcapsules-technologies.com\/de\/wp-json\/wp\/v2\/types\/page"}],"author":[{"embeddable":true,"href":"https:\/\/www.microcapsules-technologies.com\/de\/wp-json\/wp\/v2\/users\/7"}],"replies":[{"embeddable":true,"href":"https:\/\/www.microcapsules-technologies.com\/de\/wp-json\/wp\/v2\/comments?post=3159"}],"version-history":[{"count":2,"href":"https:\/\/www.microcapsules-technologies.com\/de\/wp-json\/wp\/v2\/pages\/3159\/revisions"}],"predecessor-version":[{"id":3249,"href":"https:\/\/www.microcapsules-technologies.com\/de\/wp-json\/wp\/v2\/pages\/3159\/revisions\/3249"}],"up":[{"embeddable":true,"href":"https:\/\/www.microcapsules-technologies.com\/de\/wp-json\/wp\/v2\/pages\/3306"}],"wp:attachment":[{"href":"https:\/\/www.microcapsules-technologies.com\/de\/wp-json\/wp\/v2\/media?parent=3159"}],"curies":[{"name":"wp","href":"https:\/\/api.w.org\/{rel}","templated":true}]}}