{"id":3160,"date":"2020-08-10T22:06:47","date_gmt":"2020-08-10T22:06:47","guid":{"rendered":"https:\/\/microcapsules-technologies.com\/kern-schale-mikroverkapselung-fuer-fluessigwaschmittel-und-weichspueler\/"},"modified":"2020-08-10T23:56:18","modified_gmt":"2020-08-10T23:56:18","slug":"kern-schale-mikroverkapselung-fuer-fluessigwaschmittel-und-weichspueler","status":"publish","type":"page","link":"https:\/\/www.microcapsules-technologies.com\/de\/anwendungsbereiche\/anwendungsbereiche-detergenzien\/kern-schale-mikroverkapselung-fuer-fluessigwaschmittel-und-weichspueler\/","title":{"rendered":"Kern-Schale-Mikroverkapselung f\u00fcr Fl\u00fcssigwaschmittel und Weichsp\u00fcler"},"content":{"rendered":"<h2>Das Prinzip der Membran-Mikroverkapselung oder \u201eKern-Schale\u201c-Prinzip<\/h2>\n<ul>\n<li>Die Membran-Mikroverkapselung, auch als \u201eKern-Schale\u201c bekannt, steht im Gegensatz zu homogenen Matrixkapseln. Sie bilden eigentlich eine wahre \u201eMauer\u201c, die es erm\u00f6glicht, die Gr\u00f6\u00dfe der Poren der Membran zu ver\u00e4ndern, um einen dichten Verschluss zu erhalten, wodurch die Beibehaltung des Wirkstoffs, den er mechanisch freisetzen muss, erheblich verbessert wird.<\/li>\n<li>Diese Technik wenden wir bei der von uns durchgef\u00fchrten Mikroverkapselung an, da der Tropfen des Parf\u00fcms, der das Innere der Mikrokapsel in einem Waschmittel oder Weichsp\u00fcler ausmacht, von einer Membran umgeben ist, die bis zur Freisetzung dieses aktiven Partikels als Schutz dient.<\/li>\n<li>Die Membranen in den Reinigungsmittelprodukten sind gro\u00df, so dass die Kapsel durch Reiben oder Reibung leicht zerbrochen werden kann; die Spr\u00f6digkeit der Mikrokapseln kann entsprechend den Erwartungen unserer Kunden in der Reinigungsmittelindustrie kontrolliert werden.<\/li>\n<li>Im Jahr 2010 haben wir doppelwandige Mikrokapseln aus Silikon und Aminoplast entwickelt, die wir entsprechend den Anforderungen unserer Kunden verbessern. Sie werden im Allgemeinen in Waschmittelprodukten verwendet, insbesondere in fl\u00fcssigen und festen Waschmitteln, aber auch in Weichsp\u00fclern, die im Hinblick auf den darin enthaltenen Duftstoff ausgezeichnete Alterungseigenschaften aufweisen.<\/li>\n<li>Unsere Maschinen, die in der Lage sind, Emulsionen nach dem Kern-Schale- oder Membranverfahren herzustellen, erzeugen diese winzigen Tr\u00f6pfchen auf stabile Weise und zu geringeren Energiekosten. Unsere Arbeiten zur Emulsionspolymerisation und zu Tensiden, die mit Mikrokapseln kompatibel sind, erm\u00f6glichen es uns, dieses Ergebnis mit Durchmessern von etwa 20 \u03bcm zu erzielen.<\/li>\n<\/ul>\n<h2>Eine bew\u00e4hrte Technik f\u00fcr eine Mikrokapsel mit effizienten Eigenschaften<\/h2>\n<ul>\n<li>Die hergestellten Mikrokapseln k\u00f6nnen verschiedene Wirkstoffe enthalten und sind durch die Membran gesch\u00fctzt. Es gibt mehrere Methoden der Membran-Mikroverkapselung: Die historisch gesehen erste ist die komplexe Koazervation, auch \u201ePhasentrennung\u201c genannt, gefolgt von Grenzfl\u00e4chenpolymerisation und In-situ-Polymerisation.<\/li>\n<li>Diese Techniken erm\u00f6glichen die Schaffung einer widerstandsf\u00e4higen Membran, die dann bis zur Freisetzung des Parf\u00fcms als Schutzschild f\u00fcr das Parf\u00fcm dienen kann.<\/li>\n<li>Dar\u00fcber hinaus wird es die Membran erm\u00f6glichen, durch Oberfl\u00e4chenmodifikationen die Fixierung der Mikrokapseln auf der W\u00e4sche zu verbessern und so die Wirkstoffe, die sich dort an der gew\u00fcnschten Stelle befinden, freizusetzen.<\/li>\n<\/ul>\n","protected":false},"excerpt":{"rendered":"<p>Das Prinzip der Membran-Mikroverkapselung oder \u201eKern-Schale\u201c-Prinzip Die Membran-Mikroverkapselung, auch als \u201eKern-Schale\u201c bekannt, steht im Gegensatz zu homogenen Matrixkapseln. Sie bilden eigentlich eine wahre \u201eMauer\u201c, die es erm\u00f6glicht, die Gr\u00f6\u00dfe der Poren der Membran zu ver\u00e4ndern, um einen dichten Verschluss zu erhalten, wodurch die Beibehaltung des Wirkstoffs, den er mechanisch freisetzen muss, erheblich verbessert wird. Diese&hellip;<\/p>\n","protected":false},"author":7,"featured_media":0,"parent":3306,"menu_order":100,"comment_status":"closed","ping_status":"closed","template":"","meta":{"footnotes":""},"class_list":["post-3160","page","type-page","status-publish","hentry","description-off"],"_links":{"self":[{"href":"https:\/\/www.microcapsules-technologies.com\/de\/wp-json\/wp\/v2\/pages\/3160","targetHints":{"allow":["GET"]}}],"collection":[{"href":"https:\/\/www.microcapsules-technologies.com\/de\/wp-json\/wp\/v2\/pages"}],"about":[{"href":"https:\/\/www.microcapsules-technologies.com\/de\/wp-json\/wp\/v2\/types\/page"}],"author":[{"embeddable":true,"href":"https:\/\/www.microcapsules-technologies.com\/de\/wp-json\/wp\/v2\/users\/7"}],"replies":[{"embeddable":true,"href":"https:\/\/www.microcapsules-technologies.com\/de\/wp-json\/wp\/v2\/comments?post=3160"}],"version-history":[{"count":2,"href":"https:\/\/www.microcapsules-technologies.com\/de\/wp-json\/wp\/v2\/pages\/3160\/revisions"}],"predecessor-version":[{"id":3247,"href":"https:\/\/www.microcapsules-technologies.com\/de\/wp-json\/wp\/v2\/pages\/3160\/revisions\/3247"}],"up":[{"embeddable":true,"href":"https:\/\/www.microcapsules-technologies.com\/de\/wp-json\/wp\/v2\/pages\/3306"}],"wp:attachment":[{"href":"https:\/\/www.microcapsules-technologies.com\/de\/wp-json\/wp\/v2\/media?parent=3160"}],"curies":[{"name":"wp","href":"https:\/\/api.w.org\/{rel}","templated":true}]}}