{"id":3161,"date":"2020-08-10T22:08:15","date_gmt":"2020-08-10T22:08:15","guid":{"rendered":"https:\/\/microcapsules-technologies.com\/molekulare-mikroverkapselung-fuer-fluessigwaschmittel-und-weichspueler\/"},"modified":"2020-08-10T23:55:11","modified_gmt":"2020-08-10T23:55:11","slug":"molekulare-mikroverkapselung-fuer-fluessigwaschmittel-und-weichspueler","status":"publish","type":"page","link":"https:\/\/www.microcapsules-technologies.com\/de\/anwendungsbereiche\/anwendungsbereiche-detergenzien\/molekulare-mikroverkapselung-fuer-fluessigwaschmittel-und-weichspueler\/","title":{"rendered":"Molekulare Mikroverkapselung f\u00fcr Fl\u00fcssigwaschmittel und Weichsp\u00fcler"},"content":{"rendered":"<h2>Der grundlegende Prozess der Mikroverkapselung in Waschmitteln und Weichsp\u00fclern<\/h2>\n<ul>\n<li>Diese Mikroverkapselungstechnik basiert auf Chemie. Sie erm\u00f6glicht die Integration von Fl\u00fcssigkeiten innerhalb einer Membran. Das Material ist in der Regel ein Polymer, das fast den gesamten Wirkstoff, zum Beispiel den Duftstoff des Waschpulvers, umschlie\u00dft und damit hypoallergen macht. Diese Mikrokapseln k\u00f6nnen eine gro\u00dfe Anzahl von Partikeln enthalten, die mehr oder weniger hydrophil oder lipophil sein k\u00f6nnen.<\/li>\n<li>Ein hydrophiles Molek\u00fcl hat eine starke Affinit\u00e4t zu Wasser, so dass es sich schnell aufl\u00f6sen kann; lipophile Molek\u00fcle neigen hingegen dazu, von einer fetthaltigen Substanz, insbesondere \u00d6l, angezogen zu werden, das in Mikrokapseln f\u00fcr Wasch- und Weichsp\u00fclmittel eingearbeitet werden kann. Die Mikroverkapselung wird hier eingesetzt, um lipophile Duftstoffe in Wasser dispergieren zu k\u00f6nnen.<\/li>\n<li>Praktiken f\u00fcr einen lang anhaltenden Duft in W\u00e4schereiprodukten<\/li>\n<li>Unser Wissen haben wir im Laufe der Jahre erworben und wenden es heute in unserer Verkapselungstechnologie an. Diese Mikrokapseln sind in der Regel sehr effizient und schnell wirksam. Wir wenden diese Techniken bei unseren Kunden in der Fl\u00fcssigwaschmittel- und Weichsp\u00fclerindustrie an. Alle unsere Technologien und unsere Forschung gew\u00e4hrleisten die fortschreitende Verbesserung der Mikroverkapselung, indem wir unsere Formeln mit Hilfe unseres in diesem Bereich erworbenen Know-hows optimieren.<\/li>\n<li>Die Gr\u00f6\u00dfe der Mikrokapseln erm\u00f6glicht die Kontrolle des Zeitpunkts, an dem sie brechen, wodurch das Parf\u00fcm in ein Waschmittel oder Weichsp\u00fcler freigesetzt wird. Dar\u00fcber hinaus ist es uns m\u00f6glich, ein sogenanntes \u201efreies\u201c Parf\u00fcm herzustellen, das direkt in unsere Formel eingearbeitet wird, wodurch das Produkt reichhaltiger wird und der Duft gew\u00e4hrleistet ist, sobald die Flasche des besagten Waschmittels ge\u00f6ffnet wird. Dies kann der Waschumgebung angemessenere Eigenschaften verleihen.<\/li>\n<li>Die Mikroverkapselung garantiert uns also die Kontrolle \u00fcber die Freisetzung des Wirkstoffs und kann sogar genau die Stelle vorgeben, an der sich die Mikrokapsel anlagern soll. Dadurch wird die Technik sehr effektiv, w\u00e4hrend ihre Anwendung einfach und leicht bleibt, und das Parf\u00fcm ist bis zu seiner Verwendung immer gesch\u00fctzt.<\/li>\n<\/ul>\n<h2>Die Allgegenwart der Mikroverkapselung in der Waschmittelindustrie<\/h2>\n<ul>\n<li>Die Freisetzung des eingekapselten Duftstoffs, der in Fl\u00fcssigwaschmitteln und Weichsp\u00fclern verwendet wird, erfolgt durch Reiben der Kleidung oder durch Kontakt mit der Au\u00dfenumgebung. Dieser Duftfreigabeprozess ist ein Schl\u00fcsselschritt im Bereich der W\u00e4scheprodukte. Ziel ist es, den von uns in die Mikrokapseln eingebrachten Duftstoff zu einem bestimmten Zeitpunkt freizusetzen, um eine optimale Kontrolle zu erm\u00f6glichen und dieses Geruchserlebnis effektiver zu gestalten.<\/li>\n<li>Diese Technik stellt sicher, dass die Wirkung des Parf\u00fcms wochenlang anh\u00e4lt, was f\u00fcr unsere Kunden ein entscheidendes Merkmal ist.<\/li>\n<li>Dies f\u00fchrt zu Produkten mit einer h\u00f6heren olfaktorischen Konzentration \u00fcber einen l\u00e4ngeren Zeitraum und damit zu einer l\u00e4ngeren Haltbarkeit.<\/li>\n<li>Wir konzentrieren uns auch weiterhin vorrangig auf den Umweltaspekt, mit immer restriktiveren Auflagen, die sich an neuen europ\u00e4ischen Normen orientieren, wie dies bei den biologisch abbaubaren Mikrokapseln der Fall ist, die umweltfreundlicher sind. Waschmittel und Weichsp\u00fcler sind die gr\u00f6\u00dften Verbraucher dieser Mikrokapseln sind. In diesem Bereich befinden wir uns in der Optimierungsphase, in der wir die Qualit\u00e4t des Duftstoffs, aber auch seine Freisetzung, seine Kosten und nat\u00fcrlich die europ\u00e4ischen Vorschriften ber\u00fccksichtigen.<\/li>\n<\/ul>\n","protected":false},"excerpt":{"rendered":"<p>Der grundlegende Prozess der Mikroverkapselung in Waschmitteln und Weichsp\u00fclern Diese Mikroverkapselungstechnik basiert auf Chemie. Sie erm\u00f6glicht die Integration von Fl\u00fcssigkeiten innerhalb einer Membran. Das Material ist in der Regel ein Polymer, das fast den gesamten Wirkstoff, zum Beispiel den Duftstoff des Waschpulvers, umschlie\u00dft und damit hypoallergen macht. Diese Mikrokapseln k\u00f6nnen eine gro\u00dfe Anzahl von Partikeln&hellip;<\/p>\n","protected":false},"author":7,"featured_media":0,"parent":3306,"menu_order":100,"comment_status":"closed","ping_status":"closed","template":"","meta":{"footnotes":""},"class_list":["post-3161","page","type-page","status-publish","hentry","description-off"],"_links":{"self":[{"href":"https:\/\/www.microcapsules-technologies.com\/de\/wp-json\/wp\/v2\/pages\/3161","targetHints":{"allow":["GET"]}}],"collection":[{"href":"https:\/\/www.microcapsules-technologies.com\/de\/wp-json\/wp\/v2\/pages"}],"about":[{"href":"https:\/\/www.microcapsules-technologies.com\/de\/wp-json\/wp\/v2\/types\/page"}],"author":[{"embeddable":true,"href":"https:\/\/www.microcapsules-technologies.com\/de\/wp-json\/wp\/v2\/users\/7"}],"replies":[{"embeddable":true,"href":"https:\/\/www.microcapsules-technologies.com\/de\/wp-json\/wp\/v2\/comments?post=3161"}],"version-history":[{"count":2,"href":"https:\/\/www.microcapsules-technologies.com\/de\/wp-json\/wp\/v2\/pages\/3161\/revisions"}],"predecessor-version":[{"id":3245,"href":"https:\/\/www.microcapsules-technologies.com\/de\/wp-json\/wp\/v2\/pages\/3161\/revisions\/3245"}],"up":[{"embeddable":true,"href":"https:\/\/www.microcapsules-technologies.com\/de\/wp-json\/wp\/v2\/pages\/3306"}],"wp:attachment":[{"href":"https:\/\/www.microcapsules-technologies.com\/de\/wp-json\/wp\/v2\/media?parent=3161"}],"curies":[{"name":"wp","href":"https:\/\/api.w.org\/{rel}","templated":true}]}}