{"id":3162,"date":"2020-08-10T22:08:59","date_gmt":"2020-08-10T22:08:59","guid":{"rendered":"https:\/\/microcapsules-technologies.com\/gemischte-mikroverkapselung-fuer-fluessigwaschmittel-und-weichspueler\/"},"modified":"2020-08-10T23:53:55","modified_gmt":"2020-08-10T23:53:55","slug":"gemischte-mikroverkapselung-fuer-fluessigwaschmittel-und-weichspueler","status":"publish","type":"page","link":"https:\/\/www.microcapsules-technologies.com\/de\/anwendungsbereiche\/anwendungsbereiche-detergenzien\/gemischte-mikroverkapselung-fuer-fluessigwaschmittel-und-weichspueler\/","title":{"rendered":"Gemischte Mikroverkapselung f\u00fcr Fl\u00fcssigwaschmittel und Weichsp\u00fcler"},"content":{"rendered":"<h2>Gemischte Mikroverkapselung: eine Technik zum Schutz der Wirkstoffe<\/h2>\n<ul>\n<li>Die \u201egemischte\u201c Mikroverkapselung ist ein Verfahren zum Mischen von Kapseln mit unterschiedlichen Durchmessern. Die gr\u00f6\u00dften Durchmesser setzen ihr Parf\u00fcm auf sehr mechanische Weise frei, zerfallen in St\u00fccke und zerst\u00f6ren die Wand der entstandenen Kapsel.<\/li>\n<li>Kapseln mit kleinem Durchmesser k\u00f6nnen ihren Inhalt durch Permeation freisetzen. Das bedeutet, dass sie nicht wasserdicht sind und das Parf\u00fcm f\u00fcr eine bestimmte, einstellbare Zeitspanne entweichen lassen.<br \/>\nWie der Begriff schon andeutet, bedeutet gemischt, dass verschiedene Techniken kombiniert werden &#8211; daf\u00fcr setzen wir unser Know-how ein.<\/li>\n<li>Dieses Verfahren f\u00fcr Fl\u00fcssigwaschmittel und Weichsp\u00fcler wird in zwei Stufen durchgef\u00fchrt: Die erste besteht in der Herstellung von Mikrokapseln mit gro\u00dfem Durchmesser und die zweite in der Herstellung von Mikrokapseln mit sehr kleinem Durchmesser. Diese beiden Produktionen werden danach in einem angemessenen Verh\u00e4ltnis gemischt, um den Bed\u00fcrfnissen der Kunden gerecht zu werden.<\/li>\n<\/ul>\n<h2>Die wichtigsten Vorteile eines solchen Verfahrens bei Waschmittelprodukten<\/h2>\n<ul>\n<li>Die Mischkapselung gew\u00e4hrleistet eine bessere Leistung des Duftfreisetzungsprozesses in der Welt der Waschmittel und Weichsp\u00fcler sowie eine gute Reproduzierbarkeit. Diese Technologie ist f\u00fcr spezielle Anwendungen reserviert, bei denen die Kunden eine verl\u00e4ngerte Duftstofffreisetzung \u00fcber einen l\u00e4ngeren Zeitraum ben\u00f6tigen.<\/li>\n<li>Zun\u00e4chst verwendeten wir synthetische Mikropartikel, die wir sp\u00e4ter im Vergleich zu den neuen europ\u00e4ischen Normen f\u00fcr Mikroverkapselung verbesserten, indem wir biologisch abbaubare Polymere einf\u00fcgten, die Toxizit\u00e4t der Produkte auf ein Minimum reduzierten und die klassische Formel tiefgreifend modifizierten. Polymere werden bei diesem Verfahren h\u00e4ufig in Verbindung mit dem Wirkstoff, dem Duftstoff des Waschmittels oder Weichmachers, eingesetzt.<\/li>\n<li>Unsere Mikroverkapselungstechniken setzen auf Ver\u00e4nderungen des Durchmessers, die auf die Freisetzung der darin eingeschlossenen Duftstoffe einwirken. Die Freisetzung des Parf\u00fcms erfolgt dann entsprechend den unterschiedlichen Durchmessern der Mikrokapseln, wodurch die von unseren Kunden gew\u00fcnschte Wirkung beg\u00fcnstigt wird.<\/li>\n<li>Unsere gemischten Mikroverkapselungsformeln verbessern die Bioverf\u00fcgbarkeit und sch\u00fctzen gleichzeitig den Wirkstoff, d. h. den Duftstoff, um seine Alterung im Laufe der Zeit zu verhindern. Wir k\u00f6nnen, je nach Kundenwunsch, die Freisetzung dieses Parf\u00fcms verz\u00f6gert, langsam oder \u00fcber einen l\u00e4ngeren Zeitraum steuern.<\/li>\n<\/ul>\n","protected":false},"excerpt":{"rendered":"<p>Gemischte Mikroverkapselung: eine Technik zum Schutz der Wirkstoffe Die \u201egemischte\u201c Mikroverkapselung ist ein Verfahren zum Mischen von Kapseln mit unterschiedlichen Durchmessern. Die gr\u00f6\u00dften Durchmesser setzen ihr Parf\u00fcm auf sehr mechanische Weise frei, zerfallen in St\u00fccke und zerst\u00f6ren die Wand der entstandenen Kapsel. Kapseln mit kleinem Durchmesser k\u00f6nnen ihren Inhalt durch Permeation freisetzen. Das bedeutet, dass&hellip;<\/p>\n","protected":false},"author":7,"featured_media":0,"parent":3306,"menu_order":100,"comment_status":"closed","ping_status":"closed","template":"","meta":{"footnotes":""},"class_list":["post-3162","page","type-page","status-publish","hentry","description-off"],"_links":{"self":[{"href":"https:\/\/www.microcapsules-technologies.com\/de\/wp-json\/wp\/v2\/pages\/3162","targetHints":{"allow":["GET"]}}],"collection":[{"href":"https:\/\/www.microcapsules-technologies.com\/de\/wp-json\/wp\/v2\/pages"}],"about":[{"href":"https:\/\/www.microcapsules-technologies.com\/de\/wp-json\/wp\/v2\/types\/page"}],"author":[{"embeddable":true,"href":"https:\/\/www.microcapsules-technologies.com\/de\/wp-json\/wp\/v2\/users\/7"}],"replies":[{"embeddable":true,"href":"https:\/\/www.microcapsules-technologies.com\/de\/wp-json\/wp\/v2\/comments?post=3162"}],"version-history":[{"count":2,"href":"https:\/\/www.microcapsules-technologies.com\/de\/wp-json\/wp\/v2\/pages\/3162\/revisions"}],"predecessor-version":[{"id":3243,"href":"https:\/\/www.microcapsules-technologies.com\/de\/wp-json\/wp\/v2\/pages\/3162\/revisions\/3243"}],"up":[{"embeddable":true,"href":"https:\/\/www.microcapsules-technologies.com\/de\/wp-json\/wp\/v2\/pages\/3306"}],"wp:attachment":[{"href":"https:\/\/www.microcapsules-technologies.com\/de\/wp-json\/wp\/v2\/media?parent=3162"}],"curies":[{"name":"wp","href":"https:\/\/api.w.org\/{rel}","templated":true}]}}