{"id":3163,"date":"2020-08-10T22:10:19","date_gmt":"2020-08-10T22:10:19","guid":{"rendered":"https:\/\/microcapsules-technologies.com\/mikroverkapselung-fuer-fluessige-reinigungsmittel\/"},"modified":"2020-08-10T23:52:24","modified_gmt":"2020-08-10T23:52:24","slug":"mikroverkapselung-fuer-fluessige-reinigungsmittel","status":"publish","type":"page","link":"https:\/\/www.microcapsules-technologies.com\/de\/anwendungsbereiche\/anwendungsbereiche-detergenzien\/mikroverkapselung-fuer-fluessige-reinigungsmittel\/","title":{"rendered":"Mikroverkapselung f\u00fcr fl\u00fcssige Reinigungsmittel"},"content":{"rendered":"<h2>Bew\u00e4hrte Techniken zur \u00fcberwachten Mikroverkapselung von Fl\u00fcssigwaschmitteln<\/h2>\n<ul>\n<li>Alle unsere Einkapselungstechniken und -verfahren wurden verbessert und die meisten von ihnen patentiert. Unsere Rezepturen wurden bei zahlreichen Gelegenheiten ge\u00e4ndert, um den Erwartungen unserer Kunden, aber auch der Verbraucher im Waschmittelsektor gerecht zu werden.<\/li>\n<li>Im Jahr 2015 haben wir neue Prozesskessel installiert, um die Produktionskapazit\u00e4t unserer Mikrokapseln unter den bestm\u00f6glichen Bedingungen zu erh\u00f6hen.<\/li>\n<li>Dar\u00fcber hinaus wurde 2017 ein neuer Lagerraum f\u00fcr die Parf\u00fcms, die wir in das fl\u00fcssige Waschmittel einarbeiten, geschaffen, um dem Anstieg unserer Produktion gerecht zu werden.<br \/>\n2017 haben wir unser Labor und den (explosionsgesch\u00fctzten) Atex-Raum erweitert, um die Produktionskapazit\u00e4t zu erh\u00f6hen.<br \/>\nSeit 2018 verf\u00fcgen wir \u00fcber eine zweiten 1000-Liter-Kapseltank, um unsere Produktion zu verdoppeln. Damit betr\u00e4gt unsere Kapazit\u00e4t nun 40 Tonnen Mikrokapseln pro Monat.<\/li>\n<li>Die Polymerisation der Mikrokapseln erfolgt durch zwei Verfahren, die normalerweise getrennt eingesetzt werden, die wir aber gleichzeitig verwenden.<\/li>\n<li>Da ist zun\u00e4chst die \u201eGrenzfl\u00e4chen\u201c-Polymerisation, die die Mikrokapsel so dicht wie m\u00f6glich macht und so ihre Wirkstoffe auch bei hohen Temperaturen l\u00e4nger h\u00e4lt, wobei das Polymer sorgf\u00e4ltig auf diese Eigenschaft hin ausgew\u00e4hlt wird.<br \/>\nAu\u00dferdem wird die \u201ein situ\u201c-Polymerisation verwendet, die die Wand verst\u00e4rkt und ihr gleichzeitig die von unseren Kunden gew\u00fcnschten spezifischen Eigenschaften verleiht, insbesondere die Verbesserung der Fixierung der Mikrokapseln auf der W\u00e4sche.<\/li>\n<li>F\u00fcr die biologisch abbaubaren Mikrokapseln haben wir diesen Technologien eine komplexe Koazervation hinzugef\u00fcgt, die unsere Unternehmen perfekt beherrscht.<\/li>\n<\/ul>\n<h2>Die verschiedenen Fertigkeiten und das K\u00f6nnen der Mikroverkapselung von Fl\u00fcssigwaschmitteln<\/h2>\n<ul>\n<li>Unsere verschiedenen Forschungen \u00fcber Fl\u00fcssigwaschmittel haben uns dazu gebracht, bereits bestehende Formulierungen im Bereich der Mikroverkapselung zu modifizieren und dann im Hinblick auf Tenside zu verbessern. In der Tat ist das fl\u00fcssige Medium angesichts der in gro\u00dfen Mengen vorhandenen Tenside sehr aggressiv f\u00fcr die Mikrokapseln.<\/li>\n<li>Die zahlreichen Mikroverkapselungstechniken erm\u00f6glichen es uns auch, biologisch abbaubare Mikrokapseln herzustellen, um einer immer anspruchsvolleren Nachfrage<br \/>\nsowie den neuen europ\u00e4ischen Rechtsvorschriften in diesem Bereich gerecht zu werden.<\/li>\n<li>Wir verkapseln aromatische Pflanzen wie Thymian, Majoran oder Lorbeer kombiniert, um ein qualitativ hochwertiges, nat\u00fcrlicheres Ergebnis zu erzielen. Zusammen mit komplexer Koazervation f\u00fchrt dies zu Mikropartikeln mit hypoallergenen Eigenschaften.<br \/>\n\u201eFormaldehydfreie\u201c Mikrokapseln sind kationisch oder anionisch; sie k\u00f6nnen so gestaltet werden, dass sie bis zu 40 % Parf\u00fcm enthalten, wobei sie immer eine bessere Alterungsbest\u00e4ndigkeit bieten als die auf dem Markt erh\u00e4ltlichen. Diese Formel wird h\u00e4ufig in Weichsp\u00fclern verwendet und eignet sich f\u00fcr die Verwendung in Fl\u00fcssigwaschmitteln.<\/li>\n<\/ul>\n","protected":false},"excerpt":{"rendered":"<p>Bew\u00e4hrte Techniken zur \u00fcberwachten Mikroverkapselung von Fl\u00fcssigwaschmitteln Alle unsere Einkapselungstechniken und -verfahren wurden verbessert und die meisten von ihnen patentiert. Unsere Rezepturen wurden bei zahlreichen Gelegenheiten ge\u00e4ndert, um den Erwartungen unserer Kunden, aber auch der Verbraucher im Waschmittelsektor gerecht zu werden. Im Jahr 2015 haben wir neue Prozesskessel installiert, um die Produktionskapazit\u00e4t unserer Mikrokapseln unter&hellip;<\/p>\n","protected":false},"author":7,"featured_media":0,"parent":3306,"menu_order":100,"comment_status":"closed","ping_status":"closed","template":"","meta":{"footnotes":""},"class_list":["post-3163","page","type-page","status-publish","hentry","description-off"],"_links":{"self":[{"href":"https:\/\/www.microcapsules-technologies.com\/de\/wp-json\/wp\/v2\/pages\/3163","targetHints":{"allow":["GET"]}}],"collection":[{"href":"https:\/\/www.microcapsules-technologies.com\/de\/wp-json\/wp\/v2\/pages"}],"about":[{"href":"https:\/\/www.microcapsules-technologies.com\/de\/wp-json\/wp\/v2\/types\/page"}],"author":[{"embeddable":true,"href":"https:\/\/www.microcapsules-technologies.com\/de\/wp-json\/wp\/v2\/users\/7"}],"replies":[{"embeddable":true,"href":"https:\/\/www.microcapsules-technologies.com\/de\/wp-json\/wp\/v2\/comments?post=3163"}],"version-history":[{"count":2,"href":"https:\/\/www.microcapsules-technologies.com\/de\/wp-json\/wp\/v2\/pages\/3163\/revisions"}],"predecessor-version":[{"id":3241,"href":"https:\/\/www.microcapsules-technologies.com\/de\/wp-json\/wp\/v2\/pages\/3163\/revisions\/3241"}],"up":[{"embeddable":true,"href":"https:\/\/www.microcapsules-technologies.com\/de\/wp-json\/wp\/v2\/pages\/3306"}],"wp:attachment":[{"href":"https:\/\/www.microcapsules-technologies.com\/de\/wp-json\/wp\/v2\/media?parent=3163"}],"curies":[{"name":"wp","href":"https:\/\/api.w.org\/{rel}","templated":true}]}}