{"id":3164,"date":"2020-08-10T22:11:25","date_gmt":"2020-08-10T22:11:25","guid":{"rendered":"https:\/\/microcapsules-technologies.com\/verkapselungsverfahren-nach-emulsions-stabilisierungstechnologie\/"},"modified":"2020-08-11T00:08:22","modified_gmt":"2020-08-11T00:08:22","slug":"verkapselungsverfahren-nach-emulsions-stabilisierungstechnologie","status":"publish","type":"page","link":"https:\/\/www.microcapsules-technologies.com\/de\/anwendungsbereiche\/anwendungsbereiche-detergenzien\/verkapselungsverfahren-nach-emulsions-stabilisierungstechnologie\/","title":{"rendered":"Verkapselungsverfahren nach Emulsions-\/Stabilisierungstechnologie"},"content":{"rendered":"<h2>Ein Prozess zur Erzeugung von Tr\u00f6pfchen zur Einkapselung<\/h2>\n<ul>\n<li>Die Einkapselung mittels Emulsions- und Stabilisierungstechnologie ist ein Verfahren, das wir in der Industrie anwenden. Die bei MCT angewandte Technologie ist ein Membran-Mikroverkapselungsverfahren, auch \u201eCore-Shell\u201c oder \u201eKern-Schale\u201c genannt. Mit dieser<\/li>\n<li>Technologie werden Emulsionen hergestellt, die aus Tr\u00f6pfchen unterschiedlicher Gr\u00f6\u00dfe zusammengesetzt sind, wodurch Mikrokapseln gleicher Gr\u00f6\u00dfe und mit unterschiedlichen Eigenschaften je nach Durchmesser entstehen.<\/li>\n<li>Diese Partikelgr\u00f6\u00dfenverteilung spielt eine wichtige Rolle f\u00fcr die Stabilit\u00e4t und Effizienz der vorhandenen Mikropartikel, z. B. bei der Spr\u00fchtrocknung. Diese Stabilit\u00e4t, aber auch die Gr\u00f6\u00dfe der Tr\u00f6pfchen oder das Verh\u00e4ltnis zwischen \u00d6l und Wasser sind je nach Emulsion\/Stabilisierung wichtige Faktoren w\u00e4hrend des Verkapselungsprozesses.<\/li>\n<\/ul>\n<h2>Unsere Techniken und unser Know-how in der Emulgierung und Stabilisierung von Mikropartikeln<\/h2>\n<ul>\n<li>Die Partikel haben bei der Emulsion\/Stabilisierung eine Gr\u00f6\u00dfe zwischen 1 \u03bcm und 50 \u03bcm. Die Qualit\u00e4t der Mikroverkapselung und die Stabilit\u00e4t der Emulsionen stehen in engem Zusammenhang und beeinflussen daher die Qualit\u00e4t der pulverf\u00f6rmigen Endprodukte, z. B. bei der Spr\u00fchtrocknung, wenn diese Mikrokapseln in feste Laugen eingebracht werden. Unsere Techniken sind garantiert zuverl\u00e4ssig und ergebnisorientiert.<\/li>\n<li>Die Stabilisierung von Emulsionen kann mit herk\u00f6mmlichen Emulgatoren erreicht werden, die h\u00e4ufig im Labor oder in der Industrie zu finden sind. Wir ziehen es vor, solche Produkte nicht zu verwenden, sondern diese Stabilisierung durch die Wand der Mikrokapsel selbst zu erreichen. Dadurch werden die sch\u00e4dlichen Auswirkungen von Tensiden w\u00e4hrend der Verkapselung vermieden, wie z. B. Extraktionen der inneren Phase, d. h. bestimmter Bestandteile der Duftstoffe.<\/li>\n<li>Dieser Prozess stellt sicher, dass die Polymere und Wirkstoffe alle ihre physikalischen und chemischen Eigenschaften behalten, wobei die Hauptaufgabe darin besteht, den Verfall der Mikrokapseln unter der Einwirkung der Aggressionen in den Umgebungen, in denen sie verwendet werden, zu minimieren und so optimale Mikrokapseln f\u00fcr Waschmittel und Weichsp\u00fcler zu schaffen.<\/li>\n<\/ul>\n<h2>Konzentration des Parf\u00fcms durch Emulgierung\/Stabilisierung<\/h2>\n<ul>\n<li>Die endg\u00fcltige Form der Verkapselung durch die Emulsions-\/Stabilisierungstechnik ist vorzugsweise eine Dispersion in Wasser, die als \u201eSlurry\u201e bezeichnet wird. Je mehr Wirkstoff (Ladung) dieser w\u00e4ssrige Brei, der \u201eSlurry\u201c genannt wird, enth\u00e4lt, desto interessanter werden die Mikrokapseln f\u00fcr den Kunden sein, der auch von einem interessanteren Selbstkostenpreis profitiert.<\/li>\n<li>Die St\u00e4rke unserer Mikrokapseln liegt in ihrer hohen Ladung von durchschnittlich 40 % und bis zu 45 %.<br \/>\nEine Emulsionsstabilisierung ist auch mit biologisch abbaubaren Polymeren m\u00f6glich, allerdings ist hier die Ladung aufgrund der bei der Verkapselung erreichten Viskosit\u00e4t eher geringer. Diese Art von Mikrokapseln wird sich jedoch weiterentwickeln, da sie der zuk\u00fcnftigen Gesetzgebung und den \u00f6kologischen Anliegen der Bev\u00f6lkerung entspricht.<\/li>\n<\/ul>\n","protected":false},"excerpt":{"rendered":"<p>Ein Prozess zur Erzeugung von Tr\u00f6pfchen zur Einkapselung Die Einkapselung mittels Emulsions- und Stabilisierungstechnologie ist ein Verfahren, das wir in der Industrie anwenden. Die bei MCT angewandte Technologie ist ein Membran-Mikroverkapselungsverfahren, auch \u201eCore-Shell\u201c oder \u201eKern-Schale\u201c genannt. Mit dieser Technologie werden Emulsionen hergestellt, die aus Tr\u00f6pfchen unterschiedlicher Gr\u00f6\u00dfe zusammengesetzt sind, wodurch Mikrokapseln gleicher Gr\u00f6\u00dfe und mit&hellip;<\/p>\n","protected":false},"author":7,"featured_media":0,"parent":3306,"menu_order":100,"comment_status":"closed","ping_status":"closed","template":"","meta":{"footnotes":""},"class_list":["post-3164","page","type-page","status-publish","hentry","description-off"],"_links":{"self":[{"href":"https:\/\/www.microcapsules-technologies.com\/de\/wp-json\/wp\/v2\/pages\/3164","targetHints":{"allow":["GET"]}}],"collection":[{"href":"https:\/\/www.microcapsules-technologies.com\/de\/wp-json\/wp\/v2\/pages"}],"about":[{"href":"https:\/\/www.microcapsules-technologies.com\/de\/wp-json\/wp\/v2\/types\/page"}],"author":[{"embeddable":true,"href":"https:\/\/www.microcapsules-technologies.com\/de\/wp-json\/wp\/v2\/users\/7"}],"replies":[{"embeddable":true,"href":"https:\/\/www.microcapsules-technologies.com\/de\/wp-json\/wp\/v2\/comments?post=3164"}],"version-history":[{"count":2,"href":"https:\/\/www.microcapsules-technologies.com\/de\/wp-json\/wp\/v2\/pages\/3164\/revisions"}],"predecessor-version":[{"id":3239,"href":"https:\/\/www.microcapsules-technologies.com\/de\/wp-json\/wp\/v2\/pages\/3164\/revisions\/3239"}],"up":[{"embeddable":true,"href":"https:\/\/www.microcapsules-technologies.com\/de\/wp-json\/wp\/v2\/pages\/3306"}],"wp:attachment":[{"href":"https:\/\/www.microcapsules-technologies.com\/de\/wp-json\/wp\/v2\/media?parent=3164"}],"curies":[{"name":"wp","href":"https:\/\/api.w.org\/{rel}","templated":true}]}}