{"id":3165,"date":"2020-08-10T22:12:22","date_gmt":"2020-08-10T22:12:22","guid":{"rendered":"https:\/\/microcapsules-technologies.com\/einkapselungsverfahren-spruehtrocknung\/"},"modified":"2020-08-10T23:49:14","modified_gmt":"2020-08-10T23:49:14","slug":"einkapselungsverfahren-spruehtrocknung","status":"publish","type":"page","link":"https:\/\/www.microcapsules-technologies.com\/de\/anwendungsbereiche\/anwendungsbereiche-detergenzien\/einkapselungsverfahren-spruehtrocknung\/","title":{"rendered":"Einkapselungsverfahren: Spr\u00fchtrocknung"},"content":{"rendered":"<h2>Vom fl\u00fcssigen in den festen Zustand: das Spr\u00fchtrocknungsverfahren<\/h2>\n<ul>\n<li>Die Spr\u00fchtrocknung ist ein chemischer Prozess, bei dem Mikrokapseln aus einer fl\u00fcssigen Dispersion zu einer festen Zusammensetzung in Pulverform getrocknet werden.<\/li>\n<li>Sie ist die am weitesten verbreitete industrielle Technik f\u00fcr die Herstellung von Pulver in Haushalts- und Hygieneprodukten. Das fl\u00fcssige Produkt wird in kleinen Tr\u00f6pfchen verspr\u00fcht, die in einem Zerst\u00e4ubungstrockner auf die hei\u00dfe Luft treffen. Das Wasser des Produkts wird dann abgef\u00fchrt, w\u00e4hrend die Qualit\u00e4ten der Mikrokapseln erhalten bleiben.<\/li>\n<li>Wir bieten eine gut beherrschte Technologie auf dem Gebiet der Spr\u00fchtrocknung.<br \/>\nLeider hat diese Technologie ihren Preis. Nach einem Wechsel des Mikrokapseltyps oder einfach nach einem Duftstoffwechsel muss viel Zeit f\u00fcr die Reinigung des Ger\u00e4ts aufgewendet werden.<\/li>\n<li>Wir beherrschen diese Art von Technik zwar, aber sie wird nur in M\u00e4rkten mit hoher Wertsch\u00f6pfung wie Pharmazeutika und Kosmetika rentabel sein. Wir wissen also, wie man diese Spr\u00fchtrocknung effizient durchf\u00fchrt.<\/li>\n<li>Es handelt sich jedoch nicht um Technologien, die in Konsumg\u00fctern wie Waschmitteln und Weichsp\u00fclern eingesetzt werden k\u00f6nnen.<\/li>\n<li>Hinzu kommt, dass das gewonnene Pulver sehr sperrig ist, was aus Sicht des Transports einen wirtschaftlichen Nachteil darstellt.<br \/>\nDeshalb wird in unserem Land keine Spr\u00fchtrocknung eingesetzt.<br \/>\nDiese Technologie kann bei festen Reinigungsmitteln eingesetzt werden, wenn diese verfestigt und durch Spr\u00fchtrocknung aufbereitet werden sollen.<\/li>\n<li>In diesem Fall werden die Mikrokapseln der fl\u00fcssigen Zusammensetzung vor dem Trocknen zugesetzt.<\/li>\n<li>Wenn diese Spr\u00fchtrocknungstechniken nicht zur Herstellung von festen Waschmitteln verwendet werden, muss man einfach die entsprechenden Kapseln auf das Pulver spr\u00fchen. Dies ist um so einfacher, als die geeigneten Kapseln 45 % Duftstoff in ihrer<\/li>\n<li>Zusammensetzung enthalten und daher in niedrigen Dosen verwendet werden.<\/li>\n<\/ul>\n<h2>Die Vorteile der Spr\u00fchtrocknung f\u00fcr Waschmittel und Weichsp\u00fcler<\/h2>\n<ul>\n<li>Daher gibt es bei Waschmitteln und Weichsp\u00fclern nur wenige Vorteile, abgesehen von den erheblichen Einsparungen durch verkapselte Produkte.<\/li>\n<li>Dazu kommt eine signifikante Reduzierung potentieller Allergien aufgrund der Reduzierung fl\u00fcchtiger Produkte. Aber Mikrokapseln k\u00f6nnen leicht in einer anderen Form verwendet werden. Die Spr\u00fchtrocknung ist in dieser Hinsicht nicht obligatorisch.<br \/>\nAus Kostengr\u00fcnden ist von dieser Technik abzuraten, die in den meisten F\u00e4llen unerschwinglich ist.<\/li>\n<\/ul>\n","protected":false},"excerpt":{"rendered":"<p>Vom fl\u00fcssigen in den festen Zustand: das Spr\u00fchtrocknungsverfahren Die Spr\u00fchtrocknung ist ein chemischer Prozess, bei dem Mikrokapseln aus einer fl\u00fcssigen Dispersion zu einer festen Zusammensetzung in Pulverform getrocknet werden. Sie ist die am weitesten verbreitete industrielle Technik f\u00fcr die Herstellung von Pulver in Haushalts- und Hygieneprodukten. Das fl\u00fcssige Produkt wird in kleinen Tr\u00f6pfchen verspr\u00fcht, die&hellip;<\/p>\n","protected":false},"author":7,"featured_media":0,"parent":3306,"menu_order":100,"comment_status":"closed","ping_status":"closed","template":"","meta":{"footnotes":""},"class_list":["post-3165","page","type-page","status-publish","hentry","description-off"],"_links":{"self":[{"href":"https:\/\/www.microcapsules-technologies.com\/de\/wp-json\/wp\/v2\/pages\/3165","targetHints":{"allow":["GET"]}}],"collection":[{"href":"https:\/\/www.microcapsules-technologies.com\/de\/wp-json\/wp\/v2\/pages"}],"about":[{"href":"https:\/\/www.microcapsules-technologies.com\/de\/wp-json\/wp\/v2\/types\/page"}],"author":[{"embeddable":true,"href":"https:\/\/www.microcapsules-technologies.com\/de\/wp-json\/wp\/v2\/users\/7"}],"replies":[{"embeddable":true,"href":"https:\/\/www.microcapsules-technologies.com\/de\/wp-json\/wp\/v2\/comments?post=3165"}],"version-history":[{"count":2,"href":"https:\/\/www.microcapsules-technologies.com\/de\/wp-json\/wp\/v2\/pages\/3165\/revisions"}],"predecessor-version":[{"id":3237,"href":"https:\/\/www.microcapsules-technologies.com\/de\/wp-json\/wp\/v2\/pages\/3165\/revisions\/3237"}],"up":[{"embeddable":true,"href":"https:\/\/www.microcapsules-technologies.com\/de\/wp-json\/wp\/v2\/pages\/3306"}],"wp:attachment":[{"href":"https:\/\/www.microcapsules-technologies.com\/de\/wp-json\/wp\/v2\/media?parent=3165"}],"curies":[{"name":"wp","href":"https:\/\/api.w.org\/{rel}","templated":true}]}}