{"id":3166,"date":"2020-08-10T22:13:23","date_gmt":"2020-08-10T22:13:23","guid":{"rendered":"https:\/\/microcapsules-technologies.com\/mikroverkapselung-fuer-weichspueler\/"},"modified":"2020-08-10T23:48:20","modified_gmt":"2020-08-10T23:48:20","slug":"mikroverkapselung-fuer-weichspueler","status":"publish","type":"page","link":"https:\/\/www.microcapsules-technologies.com\/de\/anwendungsbereiche\/anwendungsbereiche-detergenzien\/mikroverkapselung-fuer-weichspueler\/","title":{"rendered":"Mikroverkapselung f\u00fcr Weichsp\u00fcler"},"content":{"rendered":"<h2>Unser Labor im Dienste der Mikroverkapselung in Weichmachern<\/h2>\n<ul>\n<li>Unsere Teams von Laborforschern haben verschiedene Tests durchgef\u00fchrt, die bei der Auslegung von Mikrokapseln f\u00fcr Weichmacher verwendet werden.<\/li>\n<li>Die erzielten Ergebnisse sind optimal, insbesondere bei der pr\u00e4zisen Einstellung des Silikongehalts der Wand.<br \/>\nMelamin wird ebenfalls, vorzugsweise in Kombination mit einem Aldehyd mit hohem Molekulargewicht, verwendet. Der prim\u00e4re Zweck dieser Kombination ist es, Formaldehyd stark zu reduzieren oder sogar zu eliminieren.<\/li>\n<li>Dar\u00fcber hinaus haben wird die Eigenschaften des Melaminpolymers verbessert, wobei wir die Vernetzung der Mikrokapseln in den Vordergrund gestellt haben, was zur Anmeldung eines franz\u00f6sischen Patents im Jahr 2014 gef\u00fchrt hat.<\/li>\n<li>Diese Forschungen haben es unter anderem erm\u00f6glicht, die Fixierung der Mikrokapseln und ihre Alterungsbest\u00e4ndigkeit zu verbessern, was eine bessere Lagerung der Weichmacher in \u00fcberhitzten Lagern erm\u00f6glicht, so dass ihre Frische und ihr Duft erhalten bleiben.<\/li>\n<li>Alle Fortschritte in der Mikroverkapselung f\u00fchren uns zur Entwicklung von Mikrokapseln mit sorgf\u00e4ltig angepassten elektrischen Ladungen, mit einem durchschnittlichen Parf\u00fcmanteil von 40 %, berechnet im Verh\u00e4ltnis zum gelieferten Slurry, ein Anteil, der bei Waschpulvern 45 %<\/li>\n<li>Parf\u00fcm erreichen kann. Dies steht im Vergleich zu den 35 % der \u00fcblicherweise in diesem Bereich verwendeten anionischen Mikrokapseln.<\/li>\n<li>Wir k\u00f6nnen Ihnen auch Formulierungen pr\u00e4sentieren, die freie Duftstoffe gemischt mit den Mikrokapseln enthalten. Dadurch k\u00f6nnen wir die<\/li>\n<li>Kosten senken und gleichzeitig die Eigenschaften der klassischen Mikrokapseln beibehalten.<\/li>\n<li>Durch Formulierungen, die freie Duftstoffe enthalten, kann das Produkt seinen Duft beim \u00d6ffnen der Flasche freisetzen. Dies ist ein Vorteil f\u00fcr den Anwender, der damit \u00fcber ein fertiges Pr\u00e4parat verf\u00fcgt, das bereits alle in der endg\u00fcltigen Zusammensetzung verwendeten Duftstoffe enth\u00e4lt.<\/li>\n<li>Dadurch k\u00f6nnen wir die Produktionskosten senken, was f\u00fcr den Endverbraucher von wirtschaftlichem Interesse ist.<\/li>\n<li>Unsere Forschung hat uns auch zur Herstellung von biologisch abbaubaren Mikrokapseln gef\u00fchrt, um die neue Gesetzgebung der<\/li>\n<li>Europ\u00e4ischen Union zu erf\u00fcllen, die Bedenken der Verbraucher auszur\u00e4umen und die Umwelt bei der Verwendung von Weichsp\u00fclern zu sch\u00fctzen.<\/li>\n<li>Unsere Aufgabe war es, nat\u00fcrliche Ersatzstoffe f\u00fcr die synthetischen Polymere zu finden, die wir in unseren Standardeinkapselungstechniken verwenden. Unsere Forscher haben \u201egr\u00fcnere\u201c Formeln und Technologien gefunden, insbesondere bei der<\/li>\n<li>Mikroverkapselung durch komplexe Koazervation, die das Mischen von zwei Wirkstoffen mit unterschiedlichen Eigenschaften erm\u00f6glicht.<br \/>\nAllerdings garantieren wir in Weichsp\u00fclern keine so lange Dufthaltigkeit bei hohen Temperaturen, was derzeit das Hauptziel unserer bevorstehenden Forschung zur Verbesserung der Alterung von D\u00fcften ist.<\/li>\n<\/ul>\n<h2>Konstant fortschreitende Mikroverkapselungsprozesse<\/h2>\n<ul>\n<li>Die Forschung, die wir auf dem Gebiet der Mikroverkapselung im Bereich der Weichsp\u00fcler f\u00fcr W\u00e4scheprodukte betreiben, hat es uns erm\u00f6glicht, mehrere Verfahren und Techniken zu entwickeln, die wir zur Verbesserung unserer Rezepturen in den verschiedenen Bereichen unseres Unternehmens einsetzen.<\/li>\n<li>So haben wir beispielsweise vor kurzem doppelwandige Silikon- und Aminoplastmikrokapseln mit sehr niedrigem Formaldehydgehalt hergestellt, die wir vor allem in Weichmachern und Fl\u00fcssigwaschmitteln verwenden. Ihr Hauptmerkmal ist eine ausgezeichnete<\/li>\n<li>Temperaturalterung in diesen Medien.<\/li>\n<li>Es werden derzeit verschiedene Mikroverkapselungstechniken entwickelt, deren Formulierungen wir st\u00e4ndig verbessern. Wir verwenden das Verfahren der Emulsion\/Stabilisierung, um mehr oder weniger feine Tr\u00f6pfchen zu erzeugen. Es ist dann m\u00f6glich, die Suspension von<\/li>\n<li>Mikrokapseln in einem Spr\u00fchtrockner zu trocknen, falls dies von einem Kunden gew\u00fcnscht wird.<\/li>\n<li>Die gemischte Mikroverkapselung erm\u00f6glicht uns die Herstellung von Mikrokapseln mit unterschiedlichen Durchmessern, um die Duftstoffe so weit wie m\u00f6glich einzuschlie\u00dfen und gleichzeitig ihre kontrollierte Freisetzung im Laufe der Zeit entsprechend den Anforderungen unserer Kunden zu gew\u00e4hrleisten.<\/li>\n<li>Unsere Spitzentechnologien, unsere zahlreichen Produktionsmaterialien und unser Know-how in der Mikroverkapselung garantieren all unseren Kunden, die uns vertrauen, hochwertige Membranverkapselungsverfahren (oder \u201eKern-Schale\u201c-Verfahren), bei denen die<\/li>\n<li>Eigenschaften der Wirkstoffe, die im Herzen jeder Mikrokapsel gespeichert sind, erhalten bleiben.<\/li>\n<\/ul>\n","protected":false},"excerpt":{"rendered":"<p>Unser Labor im Dienste der Mikroverkapselung in Weichmachern Unsere Teams von Laborforschern haben verschiedene Tests durchgef\u00fchrt, die bei der Auslegung von Mikrokapseln f\u00fcr Weichmacher verwendet werden. Die erzielten Ergebnisse sind optimal, insbesondere bei der pr\u00e4zisen Einstellung des Silikongehalts der Wand. Melamin wird ebenfalls, vorzugsweise in Kombination mit einem Aldehyd mit hohem Molekulargewicht, verwendet. Der prim\u00e4re&hellip;<\/p>\n","protected":false},"author":7,"featured_media":0,"parent":3306,"menu_order":100,"comment_status":"closed","ping_status":"closed","template":"","meta":{"footnotes":""},"class_list":["post-3166","page","type-page","status-publish","hentry","description-off"],"_links":{"self":[{"href":"https:\/\/www.microcapsules-technologies.com\/de\/wp-json\/wp\/v2\/pages\/3166","targetHints":{"allow":["GET"]}}],"collection":[{"href":"https:\/\/www.microcapsules-technologies.com\/de\/wp-json\/wp\/v2\/pages"}],"about":[{"href":"https:\/\/www.microcapsules-technologies.com\/de\/wp-json\/wp\/v2\/types\/page"}],"author":[{"embeddable":true,"href":"https:\/\/www.microcapsules-technologies.com\/de\/wp-json\/wp\/v2\/users\/7"}],"replies":[{"embeddable":true,"href":"https:\/\/www.microcapsules-technologies.com\/de\/wp-json\/wp\/v2\/comments?post=3166"}],"version-history":[{"count":2,"href":"https:\/\/www.microcapsules-technologies.com\/de\/wp-json\/wp\/v2\/pages\/3166\/revisions"}],"predecessor-version":[{"id":3235,"href":"https:\/\/www.microcapsules-technologies.com\/de\/wp-json\/wp\/v2\/pages\/3166\/revisions\/3235"}],"up":[{"embeddable":true,"href":"https:\/\/www.microcapsules-technologies.com\/de\/wp-json\/wp\/v2\/pages\/3306"}],"wp:attachment":[{"href":"https:\/\/www.microcapsules-technologies.com\/de\/wp-json\/wp\/v2\/media?parent=3166"}],"curies":[{"name":"wp","href":"https:\/\/api.w.org\/{rel}","templated":true}]}}