{"id":3289,"date":"2020-09-06T20:25:21","date_gmt":"2020-09-06T20:25:21","guid":{"rendered":"https:\/\/microcapsules-technologies.com\/anwendungsgebiete-phytosanitaere-mikroverkapselung\/"},"modified":"2020-09-16T11:52:35","modified_gmt":"2020-09-16T11:52:35","slug":"anwendungsgebiete-phytosanitaere-mikroverkapselung","status":"publish","type":"page","link":"https:\/\/www.microcapsules-technologies.com\/de\/anwendungsbereiche\/anwendungsgebiete-phytosanitaere-mikroverkapselung\/","title":{"rendered":"Anwendungsgebiete Phytosanit\u00e4re Mikroverkapselung"},"content":{"rendered":"<section class=\"wpb-content-wrapper\"><p>[vc_row gap=&#8220;20&#8243; type=&#8220;vc_default&#8220; css=&#8220;.vc_custom_1524658078202{padding-top: 7% !important;padding-bottom: 4% !important;}&#8220;][vc_column width=&#8220;1\/4&#8243; css=&#8220;.vc_custom_1524658047886{margin-right: 2% !important;margin-bottom: 2% !important;margin-left: 2% !important;padding-top: 2% !important;padding-right: 2% !important;padding-bottom: 2% !important;padding-left: 2% !important;}&#8220;][vc_widget_sidebar sidebar_id=&#8220;sidebar_3&#8243;][\/vc_column][vc_column width=&#8220;3\/4&#8243; css=&#8220;.vc_custom_1498229445232{padding-bottom: 50px !important;}&#8220;]<div id=\"ultimate-heading-248069eb7f0fb53aa\" class=\"uvc-heading ult-adjust-bottom-margin ultimate-heading-248069eb7f0fb53aa uvc-4764 \" data-hspacer=\"no_spacer\"  data-halign=\"left\" style=\"text-align:left\"><div class=\"uvc-heading-spacer no_spacer\" style=\"top\"><\/div><div class=\"uvc-main-heading ult-responsive\"  data-ultimate-target='.uvc-heading.ultimate-heading-248069eb7f0fb53aa h2'  data-responsive-json-new='{\"font-size\":\"desktop:26px;\",\"line-height\":\"desktop:32px;\"}' ><h2 style=\"font-weight:bold;margin-bottom:20px;\">PFLANZENSCHUTZMITTEL<\/h2><\/div><\/div>[vc_column_text]<\/p>\n<p>Zahlreiche spezifische industrielle Anwendungen wurden f\u00fcr infizierte L\u00e4nder entwickelt: durchl\u00e4ssige und biologisch abbaubare Gelatine-Mikrokapseln. Insektizide, Repellentien, Desinfektionsmittel.<\/p>\n<p>[\/vc_column_text]<div class=\"ult-spacer spacer-69eb7f0fb5445\" data-id=\"69eb7f0fb5445\" data-height=\"30\" data-height-mobile=\"30\" data-height-tab=\"30\" data-height-tab-portrait=\"\" data-height-mobile-landscape=\"\" style=\"clear:both;display:block;\"><\/div>[\/vc_column][\/vc_row]<\/p>\n<\/section>","protected":false},"excerpt":{"rendered":"<p>[vc_row gap=&#8220;20&#8243; type=&#8220;vc_default&#8220; css=&#8220;.vc_custom_1524658078202{padding-top: 7% !important;padding-bottom: 4% !important;}&#8220;][vc_column width=&#8220;1\/4&#8243; css=&#8220;.vc_custom_1524658047886{margin-right: 2% !important;margin-bottom: 2% !important;margin-left: 2% !important;padding-top: 2% !important;padding-right: 2% !important;padding-bottom: 2% !important;padding-left: 2% !important;}&#8220;][vc_widget_sidebar sidebar_id=&#8220;sidebar_3&#8243;][\/vc_column][vc_column width=&#8220;3\/4&#8243; css=&#8220;.vc_custom_1498229445232{padding-bottom: 50px !important;}&#8220;][vc_column_text] Zahlreiche spezifische industrielle Anwendungen wurden f\u00fcr infizierte L\u00e4nder entwickelt: durchl\u00e4ssige und biologisch abbaubare Gelatine-Mikrokapseln. Insektizide, Repellentien, Desinfektionsmittel. [\/vc_column_text][\/vc_column][\/vc_row]<\/p>\n","protected":false},"author":4,"featured_media":0,"parent":3468,"menu_order":100,"comment_status":"closed","ping_status":"closed","template":"","meta":{"footnotes":""},"class_list":["post-3289","page","type-page","status-publish","hentry","description-off"],"_links":{"self":[{"href":"https:\/\/www.microcapsules-technologies.com\/de\/wp-json\/wp\/v2\/pages\/3289","targetHints":{"allow":["GET"]}}],"collection":[{"href":"https:\/\/www.microcapsules-technologies.com\/de\/wp-json\/wp\/v2\/pages"}],"about":[{"href":"https:\/\/www.microcapsules-technologies.com\/de\/wp-json\/wp\/v2\/types\/page"}],"author":[{"embeddable":true,"href":"https:\/\/www.microcapsules-technologies.com\/de\/wp-json\/wp\/v2\/users\/4"}],"replies":[{"embeddable":true,"href":"https:\/\/www.microcapsules-technologies.com\/de\/wp-json\/wp\/v2\/comments?post=3289"}],"version-history":[{"count":6,"href":"https:\/\/www.microcapsules-technologies.com\/de\/wp-json\/wp\/v2\/pages\/3289\/revisions"}],"predecessor-version":[{"id":3603,"href":"https:\/\/www.microcapsules-technologies.com\/de\/wp-json\/wp\/v2\/pages\/3289\/revisions\/3603"}],"up":[{"embeddable":true,"href":"https:\/\/www.microcapsules-technologies.com\/de\/wp-json\/wp\/v2\/pages\/3468"}],"wp:attachment":[{"href":"https:\/\/www.microcapsules-technologies.com\/de\/wp-json\/wp\/v2\/media?parent=3289"}],"curies":[{"name":"wp","href":"https:\/\/api.w.org\/{rel}","templated":true}]}}