{"id":3295,"date":"2020-09-06T20:31:13","date_gmt":"2020-09-06T20:31:13","guid":{"rendered":"https:\/\/microcapsules-technologies.com\/parfuem-mikroverkapselung\/"},"modified":"2020-09-16T11:50:37","modified_gmt":"2020-09-16T11:50:37","slug":"parfuem-mikroverkapselung","status":"publish","type":"page","link":"https:\/\/www.microcapsules-technologies.com\/de\/anwendungsbereiche\/parfuem-mikroverkapselung\/","title":{"rendered":"Parf\u00fcm-Mikroverkapselung"},"content":{"rendered":"<section class=\"wpb-content-wrapper\"><p>[vc_row gap=&#8220;20&#8243; type=&#8220;vc_default&#8220; css=&#8220;.vc_custom_1524658078202{padding-top: 7% !important;padding-bottom: 4% !important;}&#8220;][vc_column width=&#8220;1\/4&#8243; css=&#8220;.vc_custom_1524658047886{margin-right: 2% !important;margin-bottom: 2% !important;margin-left: 2% !important;padding-top: 2% !important;padding-right: 2% !important;padding-bottom: 2% !important;padding-left: 2% !important;}&#8220;][vc_widget_sidebar sidebar_id=&#8220;sidebar_3&#8243;][\/vc_column][vc_column width=&#8220;3\/4&#8243; css=&#8220;.vc_custom_1498229445232{padding-bottom: 50px !important;}&#8220;]<div id=\"ultimate-heading-55769eb7f0f3570d\" class=\"uvc-heading ult-adjust-bottom-margin ultimate-heading-55769eb7f0f3570d uvc-5152 \" data-hspacer=\"no_spacer\"  data-halign=\"left\" style=\"text-align:left\"><div class=\"uvc-heading-spacer no_spacer\" style=\"top\"><\/div><div class=\"uvc-main-heading ult-responsive\"  data-ultimate-target='.uvc-heading.ultimate-heading-55769eb7f0f3570d h2'  data-responsive-json-new='{\"font-size\":\"desktop:26px;\",\"line-height\":\"desktop:32px;\"}' ><h2 style=\"font-weight:bold;margin-bottom:20px;\">Parf\u00fcm-Mikroverkapselung<\/h2><\/div><\/div>[vc_column_text]<\/p>\n<h2>Wir stellen kein Parf\u00fcm her.<\/h2>\n<p>Wir k\u00f6nnen Ihnen eine gr\u00f6\u00dfere Auswahl an Parf\u00fcms anbieten. Wir sind in der Lage, mit zahlreichen Parf\u00fcmeuren zusammenzuarbeiten. Wir k\u00f6nnen mit allen unabh\u00e4ngigen Parf\u00fcmeuren zusammenarbeiten.<\/p>\n<h2>Dauerhaftigkeit im Laufe der Zeit.<\/h2>\n<p>Die Lebensdauer des Parf\u00fcms ist um ein Vielfaches l\u00e4nger als die der Wettbewerber und ein einzigartiges Anhaftsystem, das nur in unserem Unternehmen entwickelt wurde. Das Unternehmen hat seine eigenen Patente.<\/p>\n<h2>Mindestens 75\u00a0% Einsparungen bei Parf\u00fcm.<\/h2>\n<p>Der Anteil des verwendeten Parf\u00fcms wird um 20 bis 25\u00a0% der normalerweise ohne Mikrokapseln verwendeten Menge reduziert.<\/p>\n<p>[\/vc_column_text]<div class=\"ult-spacer spacer-69eb7f0f3579a\" data-id=\"69eb7f0f3579a\" data-height=\"30\" data-height-mobile=\"30\" data-height-tab=\"30\" data-height-tab-portrait=\"\" data-height-mobile-landscape=\"\" style=\"clear:both;display:block;\"><\/div><div id=\"ultimate-heading-187369eb7f0f357e0\" class=\"uvc-heading ult-adjust-bottom-margin ultimate-heading-187369eb7f0f357e0 uvc-2992 \" data-hspacer=\"no_spacer\"  data-halign=\"left\" style=\"text-align:left\"><div class=\"uvc-heading-spacer no_spacer\" style=\"top\"><\/div><div class=\"uvc-main-heading ult-responsive\"  data-ultimate-target='.uvc-heading.ultimate-heading-187369eb7f0f357e0 h2'  data-responsive-json-new='{\"font-size\":\"desktop:26px;\",\"line-height\":\"desktop:32px;\"}' ><h2 style=\"font-weight:bold;margin-bottom:20px;\">DETERGENZIEN<\/h2><\/div><\/div>[vc_column_text]<\/p>\n<p>Dieser Bereich ist sehr wichtig geworden; Mikrokapseln sind heute in Waschmitteln, Weichsp\u00fclern und anderen Reinigungsmitteln allgegenw\u00e4rtig. Indem sie auf der W\u00e4sche fixiert werden, reduzieren sie den Verbrauch von Parf\u00fcm und verleihen dem Textil einen angenehmen und lang anhaltenden Duft.<br \/>\nAnfang 2015 patentierte MCT eine silikonisch\/organisch komplexe Verkapselungstechnologie mit langer Haltbarkeit in Tensiden.<\/p>\n<p>Mt-Mikrokapseln sind Mikrokapseln mit einem sehr niedrigen Formaldehydgehalt und eignen sich besonders f\u00fcr Weichsp\u00fcler, wo sie h\u00e4ufig zum Einsatz kommen.<\/p>\n<p>St-Mikrokapseln sind v\u00f6llig frei von Formaldehyd. Neuerdings sind sie auch f\u00fcr fl\u00fcssige und pulverf\u00f6rmige Reinigungsmittel geeignet.<\/p>\n<p>[\/vc_column_text]<div class=\"ult-spacer spacer-69eb7f0f35833\" data-id=\"69eb7f0f35833\" data-height=\"30\" data-height-mobile=\"30\" data-height-tab=\"30\" data-height-tab-portrait=\"\" data-height-mobile-landscape=\"\" style=\"clear:both;display:block;\"><\/div><div id=\"ultimate-heading-48869eb7f0f3586e\" class=\"uvc-heading ult-adjust-bottom-margin ultimate-heading-48869eb7f0f3586e uvc-6975 \" data-hspacer=\"no_spacer\"  data-halign=\"left\" style=\"text-align:left\"><div class=\"uvc-heading-spacer no_spacer\" style=\"top\"><\/div><div class=\"uvc-main-heading ult-responsive\"  data-ultimate-target='.uvc-heading.ultimate-heading-48869eb7f0f3586e h2'  data-responsive-json-new='{\"font-size\":\"desktop:26px;\",\"line-height\":\"desktop:32px;\"}' ><h2 style=\"font-weight:bold;margin-bottom:20px;\">WASCHMITTEL und WEICHSP\u00dcLER<\/h2><\/div><\/div>[vc_column_text]<\/p>\n<p>Bei Waschmitteln und Weichsp\u00fclern wird der Duftstoff erst beim Tragen des Kleidungsst\u00fccks freigesetzt, da die Kapseln bei Bewegung brechen.<\/p>\n<p>Beispiel sind die Verwendung f\u00fcr Fl\u00fcssig- und Pulverwaschmittel oder auch f\u00fcr Weichsp\u00fcler.<\/p>\n<p>[\/vc_column_text]<div class=\"ult-spacer spacer-69eb7f0f358ba\" data-id=\"69eb7f0f358ba\" data-height=\"30\" data-height-mobile=\"30\" data-height-tab=\"30\" data-height-tab-portrait=\"\" data-height-mobile-landscape=\"\" style=\"clear:both;display:block;\"><\/div><div id=\"ultimate-heading-496169eb7f0f358f1\" class=\"uvc-heading ult-adjust-bottom-margin ultimate-heading-496169eb7f0f358f1 uvc-8812 \" data-hspacer=\"no_spacer\"  data-halign=\"left\" style=\"text-align:left\"><div class=\"uvc-heading-spacer no_spacer\" style=\"top\"><\/div><div class=\"uvc-main-heading ult-responsive\"  data-ultimate-target='.uvc-heading.ultimate-heading-496169eb7f0f358f1 h2'  data-responsive-json-new='{\"font-size\":\"desktop:26px;\",\"line-height\":\"desktop:32px;\"}' ><h2 style=\"font-weight:bold;margin-bottom:20px;\">REINIGUNGSMITTEL<\/h2><\/div><\/div>[vc_column_text]<\/p>\n<p>Alle Bodenreinigungsprodukte.<\/p>\n<p>Bei Bodenreinigern wird der Duftstoff nur dann freigesetzt, wenn man dar\u00fcber l\u00e4uft, die die Kapseln beim Gehen aufbrechen.<\/p>\n<p>Was funktioniert<\/p>\n<p>Der Duft bleibt mindestens 60 Tage lang auf dem Kleidungsst\u00fcck, w\u00e4hrend ohne diese Technologie der frische oder saubere Geruch verschwindet. Ohne Kapsel, nach ein paar Tagen.<\/p>\n<p>Das bedeutet, dass das Parf\u00fcm h\u00e4lt und den Mikrokapseln \u00fcber die Zeit eine gute Haltbarkeit verleiht.<\/p>\n<p>[\/vc_column_text]<div class=\"ult-spacer spacer-69eb7f0f35946\" data-id=\"69eb7f0f35946\" data-height=\"30\" data-height-mobile=\"30\" data-height-tab=\"30\" data-height-tab-portrait=\"\" data-height-mobile-landscape=\"\" style=\"clear:both;display:block;\"><\/div><div id=\"ultimate-heading-823169eb7f0f35984\" class=\"uvc-heading ult-adjust-bottom-margin ultimate-heading-823169eb7f0f35984 uvc-2120 \" data-hspacer=\"no_spacer\"  data-halign=\"left\" style=\"text-align:left\"><div class=\"uvc-heading-spacer no_spacer\" style=\"top\"><\/div><div class=\"uvc-main-heading ult-responsive\"  data-ultimate-target='.uvc-heading.ultimate-heading-823169eb7f0f35984 h2'  data-responsive-json-new='{\"font-size\":\"desktop:26px;\",\"line-height\":\"desktop:32px;\"}' ><h2 style=\"font-weight:bold;margin-bottom:20px;\">RAUMDUFT<\/h2><\/div><\/div>[vc_column_text]<\/p>\n<p>F\u00fcr diese Anwendungen wurde eine ganze Reihe von mechanisch brechenden Mikrokapseln oder mit Permeation entwickelt. Zudem sind Spr\u00fchformeln f\u00fcr \u00f6ffentliche und private Orte erh\u00e4ltlich. Von besonderem Interesse sind die v\u00f6llig transparenten 8G-Mikrokapseln mit Permeation, die f\u00fcr eine dauerhafte Wirkung nur noch zwei Mal pro Woche angewendet werden m\u00fcssen.<\/p>\n<p>[\/vc_column_text][\/vc_column][\/vc_row]<\/p>\n<\/section>","protected":false},"excerpt":{"rendered":"<p>[vc_row gap=&#8220;20&#8243; type=&#8220;vc_default&#8220; css=&#8220;.vc_custom_1524658078202{padding-top: 7% !important;padding-bottom: 4% !important;}&#8220;][vc_column width=&#8220;1\/4&#8243; css=&#8220;.vc_custom_1524658047886{margin-right: 2% !important;margin-bottom: 2% !important;margin-left: 2% !important;padding-top: 2% !important;padding-right: 2% !important;padding-bottom: 2% !important;padding-left: 2% !important;}&#8220;][vc_widget_sidebar sidebar_id=&#8220;sidebar_3&#8243;][\/vc_column][vc_column width=&#8220;3\/4&#8243; css=&#8220;.vc_custom_1498229445232{padding-bottom: 50px !important;}&#8220;][vc_column_text] Wir stellen kein Parf\u00fcm her. Wir k\u00f6nnen Ihnen eine gr\u00f6\u00dfere Auswahl an Parf\u00fcms anbieten. Wir sind in der Lage, mit zahlreichen Parf\u00fcmeuren zusammenzuarbeiten. Wir k\u00f6nnen mit&hellip;<\/p>\n","protected":false},"author":4,"featured_media":0,"parent":3468,"menu_order":100,"comment_status":"closed","ping_status":"closed","template":"","meta":{"footnotes":""},"class_list":["post-3295","page","type-page","status-publish","hentry","description-off"],"_links":{"self":[{"href":"https:\/\/www.microcapsules-technologies.com\/de\/wp-json\/wp\/v2\/pages\/3295","targetHints":{"allow":["GET"]}}],"collection":[{"href":"https:\/\/www.microcapsules-technologies.com\/de\/wp-json\/wp\/v2\/pages"}],"about":[{"href":"https:\/\/www.microcapsules-technologies.com\/de\/wp-json\/wp\/v2\/types\/page"}],"author":[{"embeddable":true,"href":"https:\/\/www.microcapsules-technologies.com\/de\/wp-json\/wp\/v2\/users\/4"}],"replies":[{"embeddable":true,"href":"https:\/\/www.microcapsules-technologies.com\/de\/wp-json\/wp\/v2\/comments?post=3295"}],"version-history":[{"count":6,"href":"https:\/\/www.microcapsules-technologies.com\/de\/wp-json\/wp\/v2\/pages\/3295\/revisions"}],"predecessor-version":[{"id":3601,"href":"https:\/\/www.microcapsules-technologies.com\/de\/wp-json\/wp\/v2\/pages\/3295\/revisions\/3601"}],"up":[{"embeddable":true,"href":"https:\/\/www.microcapsules-technologies.com\/de\/wp-json\/wp\/v2\/pages\/3468"}],"wp:attachment":[{"href":"https:\/\/www.microcapsules-technologies.com\/de\/wp-json\/wp\/v2\/media?parent=3295"}],"curies":[{"name":"wp","href":"https:\/\/api.w.org\/{rel}","templated":true}]}}