{"id":3301,"date":"2020-09-06T20:33:37","date_gmt":"2020-09-06T20:33:37","guid":{"rendered":"https:\/\/microcapsules-technologies.com\/anwendungsgebiete-mikrokapseln-fuer-papier\/"},"modified":"2020-09-16T11:49:31","modified_gmt":"2020-09-16T11:49:31","slug":"anwendungsgebiete-mikrokapseln-fuer-papier","status":"publish","type":"page","link":"https:\/\/www.microcapsules-technologies.com\/de\/anwendungsbereiche\/anwendungsgebiete-mikrokapseln-fuer-papier\/","title":{"rendered":"Anwendungsgebiete Mikrokapseln f\u00fcr Papier"},"content":{"rendered":"<section class=\"wpb-content-wrapper\"><p>[vc_row gap=&#8220;20&#8243; type=&#8220;vc_default&#8220; css=&#8220;.vc_custom_1524658078202{padding-top: 7% !important;padding-bottom: 4% !important;}&#8220;][vc_column width=&#8220;1\/4&#8243; css=&#8220;.vc_custom_1524658047886{margin-right: 2% !important;margin-bottom: 2% !important;margin-left: 2% !important;padding-top: 2% !important;padding-right: 2% !important;padding-bottom: 2% !important;padding-left: 2% !important;}&#8220;][vc_widget_sidebar sidebar_id=&#8220;sidebar_3&#8243;][\/vc_column][vc_column width=&#8220;3\/4&#8243; css=&#8220;.vc_custom_1498229445232{padding-bottom: 50px !important;}&#8220;]<div id=\"ultimate-heading-992669f520df9b66e\" class=\"uvc-heading ult-adjust-bottom-margin ultimate-heading-992669f520df9b66e uvc-2897 \" data-hspacer=\"no_spacer\"  data-halign=\"left\" style=\"text-align:left\"><div class=\"uvc-heading-spacer no_spacer\" style=\"top\"><\/div><div class=\"uvc-main-heading ult-responsive\"  data-ultimate-target='.uvc-heading.ultimate-heading-992669f520df9b66e h2'  data-responsive-json-new='{\"font-size\":\"desktop:26px;\",\"line-height\":\"desktop:32px;\"}' ><h2 style=\"font-weight:bold;margin-bottom:20px;\">MIKROKAPSELN F\u00dcR PAPIER UND VLIESSTOFFE<\/h2><\/div><\/div>[vc_column_text]Dies ist ein ideales Bet\u00e4tigungsfeld f\u00fcr unser Unternehmen, da wir \u00fcber Kenntnisse der Papierindustrie verf\u00fcgen, die wir im Bereich Selbstdurchschreibepapier erworben haben.<\/p>\n<p>Die Mikrokapseln werden in der Regel durch Beschichten oder Bespr\u00fchen auf die Oberfl\u00e4che aufgebracht. Als funktionalisierte Partikel erwerben sie eine starke Affinit\u00e4t zu Papierfasern und k\u00f6nnen so in die Papier- oder Vliesstoffmasseeingearbeitet werden. Diese verschiedenen Techniken erm\u00f6glichen die Herstellung von:<\/p>\n<ul>\n<li>Trockenen, Reinigungs-, Glanz- und Desinfektionst\u00fcchern<\/li>\n<li>Parf\u00fcmierten, feuchtigkeitsspendenden oder abschwellenden Taschent\u00fcchern<\/li>\n<li>Hygieneartikeln (PH- oder feuchtigkeitsaktivierte Mikrokapseln)<\/li>\n<\/ul>\n<p>Sicherheitspapieren<br \/>\n[\/vc_column_text]<div class=\"ult-spacer spacer-69f520df9b733\" data-id=\"69f520df9b733\" data-height=\"30\" data-height-mobile=\"30\" data-height-tab=\"30\" data-height-tab-portrait=\"\" data-height-mobile-landscape=\"\" style=\"clear:both;display:block;\"><\/div><div id=\"ultimate-heading-856069f520df9b7a4\" class=\"uvc-heading ult-adjust-bottom-margin ultimate-heading-856069f520df9b7a4 uvc-2677 \" data-hspacer=\"no_spacer\"  data-halign=\"left\" style=\"text-align:left\"><div class=\"uvc-heading-spacer no_spacer\" style=\"top\"><\/div><div class=\"uvc-main-heading ult-responsive\"  data-ultimate-target='.uvc-heading.ultimate-heading-856069f520df9b7a4 h2'  data-responsive-json-new='{\"font-size\":\"desktop:26px;\",\"line-height\":\"desktop:32px;\"}' ><h2 style=\"font-weight:bold;margin-bottom:20px;\">GRAPHISCHE K\u00dcNSTE<\/h2><\/div><\/div>[vc_column_text]Die von MCT hergestellten Mikrokapseln k\u00f6nnen durch verschiedene Drucktechniken auf Papier, Karton oder Kunststoffsubstrate aufgebracht werden, wie z.\u00a0B.:<\/p>\n<ul>\n<li>Siebdruck<\/li>\n<li>Offset<\/li>\n<li>Tiefdruck<\/li>\n<li>Flexodruck<\/li>\n<\/ul>\n<p>&nbsp;<\/p>\n<p>Verwendung im Allgemeinen in wasserbasierten Druckfarben, aber es sind auch Formulierungen f\u00fcr UV- und Plastisol-Druckfarben erh\u00e4ltlich.[\/vc_column_text]<div class=\"ult-spacer spacer-69f520df9b831\" data-id=\"69f520df9b831\" data-height=\"30\" data-height-mobile=\"30\" data-height-tab=\"30\" data-height-tab-portrait=\"\" data-height-mobile-landscape=\"\" style=\"clear:both;display:block;\"><\/div>[\/vc_column][\/vc_row]<\/p>\n<\/section>","protected":false},"excerpt":{"rendered":"<p>[vc_row gap=&#8220;20&#8243; type=&#8220;vc_default&#8220; css=&#8220;.vc_custom_1524658078202{padding-top: 7% !important;padding-bottom: 4% !important;}&#8220;][vc_column width=&#8220;1\/4&#8243; css=&#8220;.vc_custom_1524658047886{margin-right: 2% !important;margin-bottom: 2% !important;margin-left: 2% !important;padding-top: 2% !important;padding-right: 2% !important;padding-bottom: 2% !important;padding-left: 2% !important;}&#8220;][vc_widget_sidebar sidebar_id=&#8220;sidebar_3&#8243;][\/vc_column][vc_column width=&#8220;3\/4&#8243; css=&#8220;.vc_custom_1498229445232{padding-bottom: 50px !important;}&#8220;][vc_column_text]Dies ist ein ideales Bet\u00e4tigungsfeld f\u00fcr unser Unternehmen, da wir \u00fcber Kenntnisse der Papierindustrie verf\u00fcgen, die wir im Bereich Selbstdurchschreibepapier erworben haben. Die Mikrokapseln werden in der&hellip;<\/p>\n","protected":false},"author":4,"featured_media":0,"parent":3468,"menu_order":100,"comment_status":"closed","ping_status":"closed","template":"","meta":{"footnotes":""},"class_list":["post-3301","page","type-page","status-publish","hentry","description-off"],"_links":{"self":[{"href":"https:\/\/www.microcapsules-technologies.com\/de\/wp-json\/wp\/v2\/pages\/3301","targetHints":{"allow":["GET"]}}],"collection":[{"href":"https:\/\/www.microcapsules-technologies.com\/de\/wp-json\/wp\/v2\/pages"}],"about":[{"href":"https:\/\/www.microcapsules-technologies.com\/de\/wp-json\/wp\/v2\/types\/page"}],"author":[{"embeddable":true,"href":"https:\/\/www.microcapsules-technologies.com\/de\/wp-json\/wp\/v2\/users\/4"}],"replies":[{"embeddable":true,"href":"https:\/\/www.microcapsules-technologies.com\/de\/wp-json\/wp\/v2\/comments?post=3301"}],"version-history":[{"count":2,"href":"https:\/\/www.microcapsules-technologies.com\/de\/wp-json\/wp\/v2\/pages\/3301\/revisions"}],"predecessor-version":[{"id":3304,"href":"https:\/\/www.microcapsules-technologies.com\/de\/wp-json\/wp\/v2\/pages\/3301\/revisions\/3304"}],"up":[{"embeddable":true,"href":"https:\/\/www.microcapsules-technologies.com\/de\/wp-json\/wp\/v2\/pages\/3468"}],"wp:attachment":[{"href":"https:\/\/www.microcapsules-technologies.com\/de\/wp-json\/wp\/v2\/media?parent=3301"}],"curies":[{"name":"wp","href":"https:\/\/api.w.org\/{rel}","templated":true}]}}