{"id":3306,"date":"2020-09-06T20:36:50","date_gmt":"2020-09-06T20:36:50","guid":{"rendered":"https:\/\/microcapsules-technologies.com\/anwendungsbereiche-detergenzien\/"},"modified":"2020-09-16T11:48:29","modified_gmt":"2020-09-16T11:48:29","slug":"anwendungsbereiche-detergenzien","status":"publish","type":"page","link":"https:\/\/www.microcapsules-technologies.com\/de\/anwendungsbereiche\/anwendungsbereiche-detergenzien\/","title":{"rendered":"Anwendungsbereiche Detergenzien"},"content":{"rendered":"<section class=\"wpb-content-wrapper\"><p>[vc_row gap=&#8220;20&#8243; type=&#8220;vc_default&#8220; css=&#8220;.vc_custom_1524658078202{padding-top: 7% !important;padding-bottom: 4% !important;}&#8220;][vc_column width=&#8220;1\/4&#8243; css=&#8220;.vc_custom_1524658047886{margin-right: 2% !important;margin-bottom: 2% !important;margin-left: 2% !important;padding-top: 2% !important;padding-right: 2% !important;padding-bottom: 2% !important;padding-left: 2% !important;}&#8220;][vc_widget_sidebar sidebar_id=&#8220;sidebar_3&#8243;][\/vc_column][vc_column width=&#8220;3\/4&#8243; css=&#8220;.vc_custom_1498229445232{padding-bottom: 50px !important;}&#8220;]<div id=\"ultimate-heading-39036a0481547aed7\" class=\"uvc-heading ult-adjust-bottom-margin ultimate-heading-39036a0481547aed7 uvc-1349 \" data-hspacer=\"no_spacer\"  data-halign=\"left\" style=\"text-align:left\"><div class=\"uvc-heading-spacer no_spacer\" style=\"top\"><\/div><div class=\"uvc-main-heading ult-responsive\"  data-ultimate-target='.uvc-heading.ultimate-heading-39036a0481547aed7 h2'  data-responsive-json-new='{\"font-size\":\"desktop:26px;\",\"line-height\":\"desktop:32px;\"}' ><h2 style=\"font-weight:bold;margin-bottom:20px;\">Forschung \u00fcber Fl\u00fcssigwaschmittel<\/h2><\/div><\/div>[vc_column_text]<\/p>\n<p>Wir haben viel \u00fcber Mikroverkapselung in fl\u00fcssigen und festen Waschmitteln geforscht.<\/p>\n<p>Man muss wissen, dass Fl\u00fcssigwaschmittel wahre Kopfschmerzen bereiten, weil das fl\u00fcssige Medium extrem aggressiv auf die Mikrokapseln wirkt. Wir mussten daher eine ganz spezielle, an dieses Medium angepasste Mikrokapsel herstellen.<\/p>\n<p>Mit der Verbesserung der Polymerisation der Aminoplastschicht und der gleichzeitigen vollst\u00e4ndigen Eliminierung von Formaldehydhaben wir einen wichtigen Schritt getan.<\/p>\n<p>Seit der Anmeldung des Patents auf Aminoplastsilikone haben wir nie aufgeh\u00f6rt, die Formeln zu verbessern.<\/p>\n<p>[\/vc_column_text]<div class=\"ult-spacer spacer-6a0481547af96\" data-id=\"6a0481547af96\" data-height=\"30\" data-height-mobile=\"30\" data-height-tab=\"30\" data-height-tab-portrait=\"\" data-height-mobile-landscape=\"\" style=\"clear:both;display:block;\"><\/div><div id=\"ultimate-heading-32916a0481547b000\" class=\"uvc-heading ult-adjust-bottom-margin ultimate-heading-32916a0481547b000 uvc-3330 \" data-hspacer=\"no_spacer\"  data-halign=\"left\" style=\"text-align:left\"><div class=\"uvc-heading-spacer no_spacer\" style=\"top\"><\/div><div class=\"uvc-main-heading ult-responsive\"  data-ultimate-target='.uvc-heading.ultimate-heading-32916a0481547b000 h2'  data-responsive-json-new='{\"font-size\":\"desktop:26px;\",\"line-height\":\"desktop:32px;\"}' ><h2 style=\"font-weight:bold;margin-bottom:20px;\">Forschung \u00fcber feste Detergenzien einschlie\u00dflich \u201eZwei-in-einem\u201c-Waschmittel<\/h2><\/div><\/div>[vc_column_text]<\/p>\n<p>Es ist uns gelungen, Mikrokapseln herzustellen, die 45 % Parf\u00fcm enthalten und eine sehr gute Ablagerung auf dem Gewebe haben.<\/p>\n<p>Diese Mikrokapseln werden nun unseren Kunden angeboten.<\/p>\n<p>[\/vc_column_text]<div class=\"ult-spacer spacer-6a0481547b085\" data-id=\"6a0481547b085\" data-height=\"30\" data-height-mobile=\"30\" data-height-tab=\"30\" data-height-tab-portrait=\"\" data-height-mobile-landscape=\"\" style=\"clear:both;display:block;\"><\/div><div id=\"ultimate-heading-69226a0481547b0e5\" class=\"uvc-heading ult-adjust-bottom-margin ultimate-heading-69226a0481547b0e5 uvc-9294 \" data-hspacer=\"no_spacer\"  data-halign=\"left\" style=\"text-align:left\"><div class=\"uvc-heading-spacer no_spacer\" style=\"top\"><\/div><div class=\"uvc-main-heading ult-responsive\"  data-ultimate-target='.uvc-heading.ultimate-heading-69226a0481547b0e5 h2'  data-responsive-json-new='{\"font-size\":\"desktop:26px;\",\"line-height\":\"desktop:32px;\"}' ><h2 style=\"font-weight:bold;margin-bottom:20px;\">Forschung zur Mikroverkapselung in Weichsp\u00fclern<\/h2><\/div><\/div>[vc_column_text]<\/p>\n<p>Die neuen formaldehydfreien Mikrokapseln weisen eine au\u00dfergew\u00f6hnliche Alterungsbest\u00e4ndigkeit auf.<\/p>\n<p>Diese neuen Kapseln haben die \u00fcblichen Standardgrenzen \u00fcberschritten. Sie enthalten immer noch 40\u00a0% Duftstoffe, im Gegensatz zu dem, was normalerweise mit traditionellen Methoden gemacht wird.<\/p>\n<p>[\/vc_column_text]<div class=\"ult-spacer spacer-6a0481547b158\" data-id=\"6a0481547b158\" data-height=\"30\" data-height-mobile=\"30\" data-height-tab=\"30\" data-height-tab-portrait=\"\" data-height-mobile-landscape=\"\" style=\"clear:both;display:block;\"><\/div><div id=\"ultimate-heading-44146a0481547b1b5\" class=\"uvc-heading ult-adjust-bottom-margin ultimate-heading-44146a0481547b1b5 uvc-2319 \" data-hspacer=\"no_spacer\"  data-halign=\"left\" style=\"text-align:left\"><div class=\"uvc-heading-spacer no_spacer\" style=\"top\"><\/div><div class=\"uvc-main-heading ult-responsive\"  data-ultimate-target='.uvc-heading.ultimate-heading-44146a0481547b1b5 h2'  data-responsive-json-new='{\"font-size\":\"desktop:26px;\",\"line-height\":\"desktop:32px;\"}' ><h2 style=\"font-weight:bold;margin-bottom:20px;\">Forschung \u00fcber Mikroverkapselung in Reinigungsprodukten<\/h2><\/div><\/div>[vc_column_text]<\/p>\n<p>Das Problem, das wir zu \u00fcberwinden hatten, bestand darin, dass die Formeln der Reinigungsmittel sehr unterschiedlich sind und sich stark voneinander unterscheiden.<\/p>\n<p>Einige m\u00fcssen bakterizid sein, andere m\u00fcssen unbedingt 100\u00a0% biologisch abbaubar sein, wieder andere sind vornehmlich nat\u00fcrlichen Ursprungs.<\/p>\n<p>Wir k\u00f6nnen Ihnen f\u00fcr jeden dieser besonderen F\u00e4lle und ihre verschiedenen Kombinationen eine L\u00f6sung anbieten.<\/p>\n<p>[\/vc_column_text]<div class=\"ult-spacer spacer-6a0481547b224\" data-id=\"6a0481547b224\" data-height=\"30\" data-height-mobile=\"30\" data-height-tab=\"30\" data-height-tab-portrait=\"\" data-height-mobile-landscape=\"\" style=\"clear:both;display:block;\"><\/div><div id=\"ultimate-heading-77456a0481547b289\" class=\"uvc-heading ult-adjust-bottom-margin ultimate-heading-77456a0481547b289 uvc-3376 \" data-hspacer=\"no_spacer\"  data-halign=\"left\" style=\"text-align:left\"><div class=\"uvc-heading-spacer no_spacer\" style=\"top\"><\/div><div class=\"uvc-main-heading ult-responsive\"  data-ultimate-target='.uvc-heading.ultimate-heading-77456a0481547b289 h2'  data-responsive-json-new='{\"font-size\":\"desktop:26px;\",\"line-height\":\"desktop:32px;\"}' ><h2 style=\"font-weight:bold;margin-bottom:20px;\">Mikroverkapselung zur Verwendung in biologisch abbaubaren Produkten<\/h2><\/div><\/div>[vc_column_text]<\/p>\n<p>Wir sind in der Lage, Ihnen Mikrokapseln f\u00fcr biologisch abbaubare bakterizide Produkte anzubieten, denn einige Naturprodukte sind starke Bakterizide: Majoran, Thymian, Lorbeer und viele andere aromatische Pflanzen. Wir haben also L\u00f6sungen in diesen Bereichen. Wir k\u00f6nnen Ihnen auch f\u00fcr Ihre anspruchsvollsten Produkte die f\u00fcr Sie passende Qualit\u00e4t vorschlagen.<\/p>\n<p>[\/vc_column_text]<div class=\"ult-spacer spacer-6a0481547b2f8\" data-id=\"6a0481547b2f8\" data-height=\"30\" data-height-mobile=\"30\" data-height-tab=\"30\" data-height-tab-portrait=\"\" data-height-mobile-landscape=\"\" style=\"clear:both;display:block;\"><\/div><div id=\"ultimate-heading-23536a0481547b350\" class=\"uvc-heading ult-adjust-bottom-margin ultimate-heading-23536a0481547b350 uvc-9530 \" data-hspacer=\"no_spacer\"  data-halign=\"left\" style=\"text-align:left\"><div class=\"uvc-heading-spacer no_spacer\" style=\"top\"><\/div><div class=\"uvc-main-heading ult-responsive\"  data-ultimate-target='.uvc-heading.ultimate-heading-23536a0481547b350 h2'  data-responsive-json-new='{\"font-size\":\"desktop:26px;\",\"line-height\":\"desktop:32px;\"}' ><h2 style=\"font-weight:bold;margin-bottom:20px;\">Mikroverkapselung von \u00e4therischen \u00d6len<\/h2><\/div><\/div>[vc_column_text]<\/p>\n<p>Wir verfolgen einen ganzheitlichen Ansatz f\u00fcr \u00e4therische \u00d6le durch komplexe Koazervation.<\/p>\n<p>[\/vc_column_text][\/vc_column][\/vc_row]<\/p>\n<\/section>","protected":false},"excerpt":{"rendered":"<p>[vc_row gap=&#8220;20&#8243; type=&#8220;vc_default&#8220; css=&#8220;.vc_custom_1524658078202{padding-top: 7% !important;padding-bottom: 4% !important;}&#8220;][vc_column width=&#8220;1\/4&#8243; css=&#8220;.vc_custom_1524658047886{margin-right: 2% !important;margin-bottom: 2% !important;margin-left: 2% !important;padding-top: 2% !important;padding-right: 2% !important;padding-bottom: 2% !important;padding-left: 2% !important;}&#8220;][vc_widget_sidebar sidebar_id=&#8220;sidebar_3&#8243;][\/vc_column][vc_column width=&#8220;3\/4&#8243; css=&#8220;.vc_custom_1498229445232{padding-bottom: 50px !important;}&#8220;][vc_column_text] Wir haben viel \u00fcber Mikroverkapselung in fl\u00fcssigen und festen Waschmitteln geforscht. Man muss wissen, dass Fl\u00fcssigwaschmittel wahre Kopfschmerzen bereiten, weil das fl\u00fcssige Medium extrem aggressiv auf&hellip;<\/p>\n","protected":false},"author":4,"featured_media":0,"parent":3468,"menu_order":100,"comment_status":"closed","ping_status":"closed","template":"","meta":{"footnotes":""},"class_list":["post-3306","page","type-page","status-publish","hentry","description-off"],"_links":{"self":[{"href":"https:\/\/www.microcapsules-technologies.com\/de\/wp-json\/wp\/v2\/pages\/3306","targetHints":{"allow":["GET"]}}],"collection":[{"href":"https:\/\/www.microcapsules-technologies.com\/de\/wp-json\/wp\/v2\/pages"}],"about":[{"href":"https:\/\/www.microcapsules-technologies.com\/de\/wp-json\/wp\/v2\/types\/page"}],"author":[{"embeddable":true,"href":"https:\/\/www.microcapsules-technologies.com\/de\/wp-json\/wp\/v2\/users\/4"}],"replies":[{"embeddable":true,"href":"https:\/\/www.microcapsules-technologies.com\/de\/wp-json\/wp\/v2\/comments?post=3306"}],"version-history":[{"count":6,"href":"https:\/\/www.microcapsules-technologies.com\/de\/wp-json\/wp\/v2\/pages\/3306\/revisions"}],"predecessor-version":[{"id":3600,"href":"https:\/\/www.microcapsules-technologies.com\/de\/wp-json\/wp\/v2\/pages\/3306\/revisions\/3600"}],"up":[{"embeddable":true,"href":"https:\/\/www.microcapsules-technologies.com\/de\/wp-json\/wp\/v2\/pages\/3468"}],"wp:attachment":[{"href":"https:\/\/www.microcapsules-technologies.com\/de\/wp-json\/wp\/v2\/media?parent=3306"}],"curies":[{"name":"wp","href":"https:\/\/api.w.org\/{rel}","templated":true}]}}