{"id":3359,"date":"2020-09-06T20:56:44","date_gmt":"2020-09-06T20:56:44","guid":{"rendered":"https:\/\/microcapsules-technologies.com\/anwendungsgebiete-lebensmittel-mikroverkapselung\/"},"modified":"2020-09-16T11:53:19","modified_gmt":"2020-09-16T11:53:19","slug":"anwendungsgebiete-lebensmittel-mikroverkapselung","status":"publish","type":"page","link":"https:\/\/www.microcapsules-technologies.com\/de\/anwendungsbereiche\/anwendungsgebiete-lebensmittel-mikroverkapselung\/","title":{"rendered":"Anwendungsgebiete Lebensmittel-Mikroverkapselung"},"content":{"rendered":"<section class=\"wpb-content-wrapper\"><p>[vc_row gap=&#8220;20&#8243; type=&#8220;vc_default&#8220; css=&#8220;.vc_custom_1524658078202{padding-top: 7% !important;padding-bottom: 4% !important;}&#8220;][vc_column width=&#8220;1\/4&#8243; css=&#8220;.vc_custom_1524658047886{margin-right: 2% !important;margin-bottom: 2% !important;margin-left: 2% !important;padding-top: 2% !important;padding-right: 2% !important;padding-bottom: 2% !important;padding-left: 2% !important;}&#8220;][vc_widget_sidebar sidebar_id=&#8220;sidebar_3&#8243;][\/vc_column][vc_column width=&#8220;3\/4&#8243; css=&#8220;.vc_custom_1498229445232{padding-bottom: 50px !important;}&#8220;]<div id=\"ultimate-heading-593669dee4c4136f0\" class=\"uvc-heading ult-adjust-bottom-margin ultimate-heading-593669dee4c4136f0 uvc-9640 \" data-hspacer=\"no_spacer\"  data-halign=\"left\" style=\"text-align:left\"><div class=\"uvc-heading-spacer no_spacer\" style=\"top\"><\/div><div class=\"uvc-main-heading ult-responsive\"  data-ultimate-target='.uvc-heading.ultimate-heading-593669dee4c4136f0 h2'  data-responsive-json-new='{\"font-size\":\"desktop:26px;\",\"line-height\":\"desktop:32px;\"}' ><h2 style=\"font-weight:bold;margin-bottom:20px;\">LEBENSMITTEL<\/h2><\/div><\/div>[vc_column_text]MCT hat eine Reihe von Lebensmittelmikrokapseln auf Gelatinebasis mit Durchmessern von 0,3 bis 1,5 mm entwickelt, die getrocknet und in Form von gef\u00e4rbtem oder ungef\u00e4rbtem Fl\u00fcssigpulver pr\u00e4sentiert werden k\u00f6nnen. Dieses Sortiment ist haupts\u00e4chlich f\u00fcr die Verkapselung von zerbrechlichen oder fl\u00fcchtigen Inhaltsstoffen wie \u00e4therische \u00d6le, hoch unges\u00e4ttigte \u00d6le, Aromastoffe und ganz allgemein Nahrungserg\u00e4nzungsmittel bestimmt.[\/vc_column_text]<div class=\"ult-spacer spacer-69dee4c413793\" data-id=\"69dee4c413793\" data-height=\"30\" data-height-mobile=\"30\" data-height-tab=\"30\" data-height-tab-portrait=\"\" data-height-mobile-landscape=\"\" style=\"clear:both;display:block;\"><\/div>[\/vc_column][\/vc_row]<\/p>\n<\/section>","protected":false},"excerpt":{"rendered":"<p>[vc_row gap=&#8220;20&#8243; type=&#8220;vc_default&#8220; css=&#8220;.vc_custom_1524658078202{padding-top: 7% !important;padding-bottom: 4% !important;}&#8220;][vc_column width=&#8220;1\/4&#8243; css=&#8220;.vc_custom_1524658047886{margin-right: 2% !important;margin-bottom: 2% !important;margin-left: 2% !important;padding-top: 2% !important;padding-right: 2% !important;padding-bottom: 2% !important;padding-left: 2% !important;}&#8220;][vc_widget_sidebar sidebar_id=&#8220;sidebar_3&#8243;][\/vc_column][vc_column width=&#8220;3\/4&#8243; css=&#8220;.vc_custom_1498229445232{padding-bottom: 50px !important;}&#8220;][vc_column_text]MCT hat eine Reihe von Lebensmittelmikrokapseln auf Gelatinebasis mit Durchmessern von 0,3 bis 1,5 mm entwickelt, die getrocknet und in Form von gef\u00e4rbtem oder ungef\u00e4rbtem Fl\u00fcssigpulver pr\u00e4sentiert&hellip;<\/p>\n","protected":false},"author":4,"featured_media":0,"parent":3468,"menu_order":100,"comment_status":"closed","ping_status":"closed","template":"","meta":{"footnotes":""},"class_list":["post-3359","page","type-page","status-publish","hentry","description-off"],"_links":{"self":[{"href":"https:\/\/www.microcapsules-technologies.com\/de\/wp-json\/wp\/v2\/pages\/3359","targetHints":{"allow":["GET"]}}],"collection":[{"href":"https:\/\/www.microcapsules-technologies.com\/de\/wp-json\/wp\/v2\/pages"}],"about":[{"href":"https:\/\/www.microcapsules-technologies.com\/de\/wp-json\/wp\/v2\/types\/page"}],"author":[{"embeddable":true,"href":"https:\/\/www.microcapsules-technologies.com\/de\/wp-json\/wp\/v2\/users\/4"}],"replies":[{"embeddable":true,"href":"https:\/\/www.microcapsules-technologies.com\/de\/wp-json\/wp\/v2\/comments?post=3359"}],"version-history":[{"count":2,"href":"https:\/\/www.microcapsules-technologies.com\/de\/wp-json\/wp\/v2\/pages\/3359\/revisions"}],"predecessor-version":[{"id":3361,"href":"https:\/\/www.microcapsules-technologies.com\/de\/wp-json\/wp\/v2\/pages\/3359\/revisions\/3361"}],"up":[{"embeddable":true,"href":"https:\/\/www.microcapsules-technologies.com\/de\/wp-json\/wp\/v2\/pages\/3468"}],"wp:attachment":[{"href":"https:\/\/www.microcapsules-technologies.com\/de\/wp-json\/wp\/v2\/media?parent=3359"}],"curies":[{"name":"wp","href":"https:\/\/api.w.org\/{rel}","templated":true}]}}