{"id":3382,"date":"2020-09-06T21:12:54","date_gmt":"2020-09-06T21:12:54","guid":{"rendered":"https:\/\/microcapsules-technologies.com\/forschung-und-entwicklung-2\/"},"modified":"2020-09-16T12:01:23","modified_gmt":"2020-09-16T12:01:23","slug":"f-e-das-labortests","status":"publish","type":"page","link":"https:\/\/www.microcapsules-technologies.com\/de\/forschung-und-entwicklung-zur-mikroverkapselung\/f-e-das-labortests\/","title":{"rendered":"F &#038; E: das Labortests"},"content":{"rendered":"<section class=\"wpb-content-wrapper\"><p>[vc_row gap=&#8220;20&#8243; type=&#8220;vc_default&#8220; css=&#8220;.vc_custom_1524580215780{padding-top: 7% !important;padding-bottom: 4% !important;}&#8220;][vc_column width=&#8220;1\/4&#8243; css=&#8220;.vc_custom_1524580201209{margin-right: 2% !important;margin-bottom: 2% !important;margin-left: 2% !important;padding-top: 2% !important;padding-right: 2% !important;padding-bottom: 2% !important;padding-left: 2% !important;}&#8220;][vc_widget_sidebar sidebar_id=&#8220;sidebar_5&#8243;][\/vc_column][vc_column width=&#8220;3\/4&#8243; css=&#8220;.vc_custom_1498229445232{padding-bottom: 50px !important;}&#8220;]<div id=\"ultimate-heading-217869eb8f4d97b59\" class=\"uvc-heading ult-adjust-bottom-margin ultimate-heading-217869eb8f4d97b59 uvc-3169 \" data-hspacer=\"no_spacer\"  data-halign=\"left\" style=\"text-align:left\"><div class=\"uvc-heading-spacer no_spacer\" style=\"top\"><\/div><div class=\"uvc-main-heading ult-responsive\"  data-ultimate-target='.uvc-heading.ultimate-heading-217869eb8f4d97b59 h2'  data-responsive-json-new='{\"font-size\":\"desktop:26px;\",\"line-height\":\"desktop:32px;\"}' ><h2 style=\"font-weight:bold;margin-bottom:20px;\">Bisher mehr als 10.000 Labortests durchgef\u00fchrt <\/h2><\/div><\/div>[vc_column_text]In unserem Labor haben wir mehr als 10.000 Labortests durchgef\u00fchrt.<\/p>\n<p>Wir wissen jetzt schnell genug, wie und woran wir arbeiten m\u00fcssen, um f\u00fcr praktisch alle Anfragen unserer Kunden schnell Ergebnisse zu erzielen.<\/p>\n<p>Wir k\u00f6nnen Ihnen auch sagen, auf welches Forschungsgebiet Sie sich nicht unbedingt st\u00fcrzen m\u00fcssen.<\/p>\n<p>Unsere Prozesse werden st\u00e4ndig besser, weil wir nie aufh\u00f6ren, sie zu verbessern. Wir arbeiten st\u00e4ndig an neuen Formeln, sobald wir neue Ideen oder neue Produkte haben, die f\u00fcr Sie von Interesse sein k\u00f6nnten[\/vc_column_text]<div class=\"ult-spacer spacer-69eb8f4d97c24\" data-id=\"69eb8f4d97c24\" data-height=\"30\" data-height-mobile=\"30\" data-height-tab=\"30\" data-height-tab-portrait=\"\" data-height-mobile-landscape=\"\" style=\"clear:both;display:block;\"><\/div><div id=\"ultimate-heading-536269eb8f4d97c97\" class=\"uvc-heading ult-adjust-bottom-margin ultimate-heading-536269eb8f4d97c97 uvc-6415 \" data-hspacer=\"no_spacer\"  data-halign=\"left\" style=\"text-align:left\"><div class=\"uvc-heading-spacer no_spacer\" style=\"top\"><\/div><div class=\"uvc-main-heading ult-responsive\"  data-ultimate-target='.uvc-heading.ultimate-heading-536269eb8f4d97c97 h2'  data-responsive-json-new='{\"font-size\":\"desktop:26px;\",\"line-height\":\"desktop:32px;\"}' ><h2 style=\"font-weight:bold;margin-bottom:20px;\">Biologische Abbaubarkeit: Biologisch abbaubare oder nicht biologisch abbaubare Mikrokapsel<\/h2><\/div><\/div>[vc_column_text]Unser Forscherteam stellt seit \u00fcber 40 Jahren biologisch abbaubare Kapseln her. Wir sind uns daher des Problems sehr wohl bewusst, denn es handelt sich um ein Thema, das die gesamte gewissenhaft durchgef\u00fchrte Forschung vorantreibt.<\/p>\n<p>Diese biologisch abbaubaren Kapseln werden bei phytosanit\u00e4ren Anwendungen auf dem Feld eingesetzt, wenn Mikrokapseln zur Pflanzenpflege in der Natur ausgebracht werden m\u00fcssen. Sie k\u00f6nnen auch zur F\u00fctterung oder Pflege von Zuchtfischen verwendet werden.[\/vc_column_text]<div class=\"ult-spacer spacer-69eb8f4d97d2d\" data-id=\"69eb8f4d97d2d\" data-height=\"30\" data-height-mobile=\"30\" data-height-tab=\"30\" data-height-tab-portrait=\"\" data-height-mobile-landscape=\"\" style=\"clear:both;display:block;\"><\/div><div id=\"ultimate-heading-756669eb8f4d97d9e\" class=\"uvc-heading ult-adjust-bottom-margin ultimate-heading-756669eb8f4d97d9e uvc-1502 \" data-hspacer=\"no_spacer\"  data-halign=\"left\" style=\"text-align:left\"><div class=\"uvc-heading-spacer no_spacer\" style=\"top\"><\/div><div class=\"uvc-main-heading ult-responsive\"  data-ultimate-target='.uvc-heading.ultimate-heading-756669eb8f4d97d9e h3'  data-responsive-json-new='{\"font-size\":\"desktop:26px;\",\"line-height\":\"desktop:32px;\"}' ><h3 style=\"font-weight:bold;margin-bottom:20px;\">Die Leistung von biologisch abbaubaren Kapseln<\/h3><\/div><\/div>[vc_column_text]Sie k\u00f6nnen f\u00fcr W\u00e4sche- oder Kosmetikprodukte verwendet werden. Allerdings muss gesagt werden, dass sie in diesem Zusammenhang nicht die gleiche Leistung wie unsere Standardkapseln haben werden. Die Qualit\u00e4t muss herabgesetzt werden, wenn wir biologisch abbaubare Produkte herstellen wollen, weil die Alterungsbest\u00e4ndigkeit solcher Kapseln zwangsl\u00e4ufig geringer ist als bei Standardkapseln.[\/vc_column_text]<div class=\"ult-spacer spacer-69eb8f4d97e2c\" data-id=\"69eb8f4d97e2c\" data-height=\"30\" data-height-mobile=\"30\" data-height-tab=\"30\" data-height-tab-portrait=\"\" data-height-mobile-landscape=\"\" style=\"clear:both;display:block;\"><\/div><div id=\"ultimate-heading-445669eb8f4d97e9a\" class=\"uvc-heading ult-adjust-bottom-margin ultimate-heading-445669eb8f4d97e9a uvc-9756 \" data-hspacer=\"no_spacer\"  data-halign=\"left\" style=\"text-align:left\"><div class=\"uvc-heading-spacer no_spacer\" style=\"top\"><\/div><div class=\"uvc-main-heading ult-responsive\"  data-ultimate-target='.uvc-heading.ultimate-heading-445669eb8f4d97e9a h3'  data-responsive-json-new='{\"font-size\":\"desktop:26px;\",\"line-height\":\"desktop:32px;\"}' ><h3 style=\"font-weight:bold;margin-bottom:20px;\">Biologisch abbaubare Mikrokapseln in Waschmitteln und Weichsp\u00fclern<\/h3><\/div><\/div>[vc_column_text]Diese Mikrokapseln enthalten Duftstoffe, die nicht vollst\u00e4ndig biologisch abbaubar sind. Die Verwendung von Mikrokapseln in Waschprodukten f\u00fchrt dazu, dass diese Duftstoffe an der Kleidung haften bleiben, so dass diese Mikrokapseln erhebliche Einsparungen bei der Menge des verwendeten Parf\u00fcms erm\u00f6glichen. Sie sind sehr vorteilhaft f\u00fcr die Natur, auch wenn sie selbst nicht biologisch abbaubar sind.<\/p>\n<p>Diese Mikrokapseln aller Art erm\u00f6glichen in vielen Anwendungen gro\u00dfe Einsparungen der Wirkstoffe.[\/vc_column_text][\/vc_column][\/vc_row][vc_row full_width=&#8220;stretch_row&#8220; css=&#8220;.vc_custom_1524579203697{padding-top: 6% !important;padding-bottom: 6% !important;background-color: #f7f7f7 !important;}&#8220;][vc_column width=&#8220;1\/6&#8243;][\/vc_column][vc_column width=&#8220;2\/3&#8243;][vc_column_text]<\/p>\n<h2 style=\"text-align: center;\">Entdecken Sie alle Anwendungsbereiche der <span style=\"color: #6db557;\">Mikroverkapselung<\/span><\/h2>\n<p>[\/vc_column_text]<div class=\"ult-spacer spacer-69eb8f4d97f21\" data-id=\"69eb8f4d97f21\" data-height=\"40\" data-height-mobile=\"40\" data-height-tab=\"40\" data-height-tab-portrait=\"\" data-height-mobile-landscape=\"\" style=\"clear:both;display:block;\"><\/div><div class=\"text-centered\"><a href=\"https:\/\/microcapsules-technologies.com\/domaines-application\/\" class=\"btn-shortcode dt-btn-l dt-btn default-btn-color default-btn-hover-color default-btn-bg-color default-btn-bg-hover-color\" id=\"dt-btn-1\"><span>Entdecken Sie alle unsere Anwendungsbereiche<\/span><\/a><\/div>[\/vc_column][vc_column width=&#8220;1\/6&#8243;][\/vc_column][\/vc_row]<\/p>\n<\/section>","protected":false},"excerpt":{"rendered":"<p>[vc_row gap=&#8220;20&#8243; type=&#8220;vc_default&#8220; css=&#8220;.vc_custom_1524580215780{padding-top: 7% !important;padding-bottom: 4% !important;}&#8220;][vc_column width=&#8220;1\/4&#8243; css=&#8220;.vc_custom_1524580201209{margin-right: 2% !important;margin-bottom: 2% !important;margin-left: 2% !important;padding-top: 2% !important;padding-right: 2% !important;padding-bottom: 2% !important;padding-left: 2% !important;}&#8220;][vc_widget_sidebar sidebar_id=&#8220;sidebar_5&#8243;][\/vc_column][vc_column width=&#8220;3\/4&#8243; css=&#8220;.vc_custom_1498229445232{padding-bottom: 50px !important;}&#8220;][vc_column_text]In unserem Labor haben wir mehr als 10.000 Labortests durchgef\u00fchrt. Wir wissen jetzt schnell genug, wie und woran wir arbeiten m\u00fcssen, um f\u00fcr praktisch alle Anfragen unserer&hellip;<\/p>\n","protected":false},"author":4,"featured_media":0,"parent":3399,"menu_order":0,"comment_status":"closed","ping_status":"closed","template":"","meta":{"footnotes":""},"class_list":["post-3382","page","type-page","status-publish","hentry","description-off"],"_links":{"self":[{"href":"https:\/\/www.microcapsules-technologies.com\/de\/wp-json\/wp\/v2\/pages\/3382","targetHints":{"allow":["GET"]}}],"collection":[{"href":"https:\/\/www.microcapsules-technologies.com\/de\/wp-json\/wp\/v2\/pages"}],"about":[{"href":"https:\/\/www.microcapsules-technologies.com\/de\/wp-json\/wp\/v2\/types\/page"}],"author":[{"embeddable":true,"href":"https:\/\/www.microcapsules-technologies.com\/de\/wp-json\/wp\/v2\/users\/4"}],"replies":[{"embeddable":true,"href":"https:\/\/www.microcapsules-technologies.com\/de\/wp-json\/wp\/v2\/comments?post=3382"}],"version-history":[{"count":3,"href":"https:\/\/www.microcapsules-technologies.com\/de\/wp-json\/wp\/v2\/pages\/3382\/revisions"}],"predecessor-version":[{"id":3596,"href":"https:\/\/www.microcapsules-technologies.com\/de\/wp-json\/wp\/v2\/pages\/3382\/revisions\/3596"}],"up":[{"embeddable":true,"href":"https:\/\/www.microcapsules-technologies.com\/de\/wp-json\/wp\/v2\/pages\/3399"}],"wp:attachment":[{"href":"https:\/\/www.microcapsules-technologies.com\/de\/wp-json\/wp\/v2\/media?parent=3382"}],"curies":[{"name":"wp","href":"https:\/\/api.w.org\/{rel}","templated":true}]}}