{"id":3393,"date":"2020-09-06T21:19:29","date_gmt":"2020-09-06T21:19:29","guid":{"rendered":"https:\/\/microcapsules-technologies.com\/fe-nutzungsrechte-verkauf-von\/"},"modified":"2020-09-16T12:01:57","modified_gmt":"2020-09-16T12:01:57","slug":"f-e-nutzungsrechte-verkauf-von-lizenzen","status":"publish","type":"page","link":"https:\/\/www.microcapsules-technologies.com\/de\/forschung-und-entwicklung-zur-mikroverkapselung\/f-e-nutzungsrechte-verkauf-von-lizenzen\/","title":{"rendered":"F &#038; E: Nutzungsrechte, Verkauf von Lizenzen"},"content":{"rendered":"<section class=\"wpb-content-wrapper\"><p>[vc_row gap=&#8220;20&#8243; type=&#8220;vc_default&#8220; css=&#8220;.vc_custom_1524580215780{padding-top: 7% !important;padding-bottom: 4% !important;}&#8220;][vc_column width=&#8220;1\/4&#8243; css=&#8220;.vc_custom_1524580201209{margin-right: 2% !important;margin-bottom: 2% !important;margin-left: 2% !important;padding-top: 2% !important;padding-right: 2% !important;padding-bottom: 2% !important;padding-left: 2% !important;}&#8220;][vc_widget_sidebar sidebar_id=&#8220;sidebar_5&#8243;][\/vc_column][vc_column width=&#8220;3\/4&#8243; css=&#8220;.vc_custom_1498229445232{padding-bottom: 50px !important;}&#8220;]<div id=\"ultimate-heading-858669f9ea3062576\" class=\"uvc-heading ult-adjust-bottom-margin ultimate-heading-858669f9ea3062576 uvc-3910 \" data-hspacer=\"no_spacer\"  data-halign=\"left\" style=\"text-align:left\"><div class=\"uvc-heading-spacer no_spacer\" style=\"top\"><\/div><div class=\"uvc-main-heading ult-responsive\"  data-ultimate-target='.uvc-heading.ultimate-heading-858669f9ea3062576 h2'  data-responsive-json-new='{\"font-size\":\"desktop:26px;\",\"line-height\":\"desktop:32px;\"}' ><h2 style=\"font-weight:bold;margin-bottom:20px;\">Nutzungsrechte, Verkauf von Lizenzen: Bereitstellung von Know-how \u00fcber Mikroverkapselung<\/h2><\/div><\/div>[vc_column_text]Bei Bedarf k\u00f6nnen wir Rechte zur Nutzung der Patente lizenzieren oder verkaufen. Nat\u00fcrlich k\u00f6nnen wir Ihnen auch Fachleute zur Verf\u00fcgung stellen, die \u00fcber das Know-how verf\u00fcgen, um Ihre Produktionslinien reibungslos laufen zu lassen.<\/p>\n<p>Sofern diese Produktionen nicht direkt mit unseren konkurrieren, k\u00f6nnen wir Ihnen gerne weiterhelfen.<\/p>\n<p>Die Verfahren, die wir kennen, sind vielf\u00e4ltig genau auf jede Verwendung abgestimmt und durch allgemeine Patente gesch\u00fctzt.[\/vc_column_text]<div class=\"ult-spacer spacer-69f9ea306262b\" data-id=\"69f9ea306262b\" data-height=\"30\" data-height-mobile=\"30\" data-height-tab=\"30\" data-height-tab-portrait=\"\" data-height-mobile-landscape=\"\" style=\"clear:both;display:block;\"><\/div><div id=\"ultimate-heading-135769f9ea3062695\" class=\"uvc-heading ult-adjust-bottom-margin ultimate-heading-135769f9ea3062695 uvc-4881 \" data-hspacer=\"no_spacer\"  data-halign=\"left\" style=\"text-align:left\"><div class=\"uvc-heading-spacer no_spacer\" style=\"top\"><\/div><div class=\"uvc-main-heading ult-responsive\"  data-ultimate-target='.uvc-heading.ultimate-heading-135769f9ea3062695 h2'  data-responsive-json-new='{\"font-size\":\"desktop:26px;\",\"line-height\":\"desktop:32px;\"}' ><h2 style=\"font-weight:bold;margin-bottom:20px;\">Der Transfer von Know-how in der Mikroverkapselung<\/h2><\/div><\/div>[vc_column_text]Das Know-how ist bei unserem Ansatz sehr wichtig. Es kann bei Bedarf auch auf ein anderes Unternehmen \u00fcbertragen werden.[\/vc_column_text]<div class=\"ult-spacer spacer-69f9ea3062724\" data-id=\"69f9ea3062724\" data-height=\"30\" data-height-mobile=\"30\" data-height-tab=\"30\" data-height-tab-portrait=\"\" data-height-mobile-landscape=\"\" style=\"clear:both;display:block;\"><\/div><div id=\"ultimate-heading-567569f9ea306278a\" class=\"uvc-heading ult-adjust-bottom-margin ultimate-heading-567569f9ea306278a uvc-3326 \" data-hspacer=\"no_spacer\"  data-halign=\"left\" style=\"text-align:left\"><div class=\"uvc-heading-spacer no_spacer\" style=\"top\"><\/div><div class=\"uvc-main-heading ult-responsive\"  data-ultimate-target='.uvc-heading.ultimate-heading-567569f9ea306278a h2'  data-responsive-json-new='{\"font-size\":\"desktop:26px;\",\"line-height\":\"desktop:32px;\"}' ><h2 style=\"font-weight:bold;margin-bottom:20px;\">Der Transfer von Fertigkeiten f\u00fcr Werke, die auf Mikroverkapselung f\u00fcr bestimmte Anwendungen spezialisiert sind.<\/h2><\/div><\/div>[vc_column_text]Unser Team entwickelt komplette Methodentransfers f\u00fcr hochspezialisierte Produktionen, die spezielle F\u00e4higkeiten und komplexe Methodentransfers erfordern.<\/p>\n<p>In diesem Sinne haben wir bereits zahlreiche Fabriken in vielen L\u00e4ndern in Betrieb genommen.[\/vc_column_text][\/vc_column][\/vc_row][vc_row full_width=&#8220;stretch_row&#8220; css=&#8220;.vc_custom_1524579203697{padding-top: 6% !important;padding-bottom: 6% !important;background-color: #f7f7f7 !important;}&#8220;][vc_column width=&#8220;1\/6&#8243;][\/vc_column][vc_column width=&#8220;2\/3&#8243;][vc_column_text]<\/p>\n<h2 style=\"text-align: center;\">Entdecken Sie alle Anwendungsbereiche der <span style=\"color: #6db557;\">Mikroverkapselung<\/span><\/h2>\n<p>[\/vc_column_text]<div class=\"ult-spacer spacer-69f9ea3062814\" data-id=\"69f9ea3062814\" data-height=\"40\" data-height-mobile=\"40\" data-height-tab=\"40\" data-height-tab-portrait=\"\" data-height-mobile-landscape=\"\" style=\"clear:both;display:block;\"><\/div><div class=\"text-centered\"><a href=\"https:\/\/microcapsules-technologies.com\/domaines-application\/\" class=\"btn-shortcode dt-btn-l dt-btn default-btn-color default-btn-hover-color default-btn-bg-color default-btn-bg-hover-color\" id=\"dt-btn-1\"><span>Entdecken Sie alle unsere Anwendungsbereiche<\/span><\/a><\/div>[\/vc_column][vc_column width=&#8220;1\/6&#8243;][\/vc_column][\/vc_row]<\/p>\n<\/section>","protected":false},"excerpt":{"rendered":"<p>[vc_row gap=&#8220;20&#8243; type=&#8220;vc_default&#8220; css=&#8220;.vc_custom_1524580215780{padding-top: 7% !important;padding-bottom: 4% !important;}&#8220;][vc_column width=&#8220;1\/4&#8243; css=&#8220;.vc_custom_1524580201209{margin-right: 2% !important;margin-bottom: 2% !important;margin-left: 2% !important;padding-top: 2% !important;padding-right: 2% !important;padding-bottom: 2% !important;padding-left: 2% !important;}&#8220;][vc_widget_sidebar sidebar_id=&#8220;sidebar_5&#8243;][\/vc_column][vc_column width=&#8220;3\/4&#8243; css=&#8220;.vc_custom_1498229445232{padding-bottom: 50px !important;}&#8220;][vc_column_text]Bei Bedarf k\u00f6nnen wir Rechte zur Nutzung der Patente lizenzieren oder verkaufen. Nat\u00fcrlich k\u00f6nnen wir Ihnen auch Fachleute zur Verf\u00fcgung stellen, die \u00fcber das Know-how verf\u00fcgen, um&hellip;<\/p>\n","protected":false},"author":4,"featured_media":0,"parent":3399,"menu_order":0,"comment_status":"closed","ping_status":"closed","template":"","meta":{"footnotes":""},"class_list":["post-3393","page","type-page","status-publish","hentry","description-off"],"_links":{"self":[{"href":"https:\/\/www.microcapsules-technologies.com\/de\/wp-json\/wp\/v2\/pages\/3393","targetHints":{"allow":["GET"]}}],"collection":[{"href":"https:\/\/www.microcapsules-technologies.com\/de\/wp-json\/wp\/v2\/pages"}],"about":[{"href":"https:\/\/www.microcapsules-technologies.com\/de\/wp-json\/wp\/v2\/types\/page"}],"author":[{"embeddable":true,"href":"https:\/\/www.microcapsules-technologies.com\/de\/wp-json\/wp\/v2\/users\/4"}],"replies":[{"embeddable":true,"href":"https:\/\/www.microcapsules-technologies.com\/de\/wp-json\/wp\/v2\/comments?post=3393"}],"version-history":[{"count":3,"href":"https:\/\/www.microcapsules-technologies.com\/de\/wp-json\/wp\/v2\/pages\/3393\/revisions"}],"predecessor-version":[{"id":3594,"href":"https:\/\/www.microcapsules-technologies.com\/de\/wp-json\/wp\/v2\/pages\/3393\/revisions\/3594"}],"up":[{"embeddable":true,"href":"https:\/\/www.microcapsules-technologies.com\/de\/wp-json\/wp\/v2\/pages\/3399"}],"wp:attachment":[{"href":"https:\/\/www.microcapsules-technologies.com\/de\/wp-json\/wp\/v2\/media?parent=3393"}],"curies":[{"name":"wp","href":"https:\/\/api.w.org\/{rel}","templated":true}]}}