{"id":3418,"date":"2020-09-06T21:41:46","date_gmt":"2020-09-06T21:41:46","guid":{"rendered":"https:\/\/microcapsules-technologies.com\/unsere-technologien-mikroverkapselung-durch-koazervation\/"},"modified":"2020-09-16T11:46:29","modified_gmt":"2020-09-16T11:46:29","slug":"unsere-technologien-mikroverkapselung-durch-koazervation","status":"publish","type":"page","link":"https:\/\/www.microcapsules-technologies.com\/de\/unsere-technologien\/unsere-technologien-mikroverkapselung-durch-koazervation\/","title":{"rendered":"Unsere Technologien Mikroverkapselung durch Koazervation"},"content":{"rendered":"<section class=\"wpb-content-wrapper\"><p>[vc_row gap=&#8220;20&#8243; type=&#8220;vc_default&#8220; css=&#8220;.vc_custom_1524580215780{padding-top: 7% !important;padding-bottom: 4% !important;}&#8220;][vc_column width=&#8220;1\/4&#8243; css=&#8220;.vc_custom_1524580201209{margin-right: 2% !important;margin-bottom: 2% !important;margin-left: 2% !important;padding-top: 2% !important;padding-right: 2% !important;padding-bottom: 2% !important;padding-left: 2% !important;}&#8220;][vc_widget_sidebar sidebar_id=&#8220;sidebar_4&#8243;][\/vc_column][vc_column width=&#8220;3\/4&#8243; css=&#8220;.vc_custom_1498229445232{padding-bottom: 50px !important;}&#8220;]<div id=\"ultimate-heading-285169f9f60c14857\" class=\"uvc-heading ult-adjust-bottom-margin ultimate-heading-285169f9f60c14857 uvc-8254 \" data-hspacer=\"no_spacer\"  data-halign=\"left\" style=\"text-align:left\"><div class=\"uvc-heading-spacer no_spacer\" style=\"top\"><\/div><div class=\"uvc-main-heading ult-responsive\"  data-ultimate-target='.uvc-heading.ultimate-heading-285169f9f60c14857 h1'  data-responsive-json-new='{\"font-size\":\"desktop:26px;\",\"line-height\":\"desktop:32px;\"}' ><h1 style=\"font-weight:bold;margin-bottom:20px;\">Mikroverkapselung durch Koazervation<\/h1><\/div><\/div>[vc_column_text]Definition der komplexen Koazervation: Hierbei wird ein Komplex aus Gelatine und Carboxymethylcellulose erzeugt, indem man sich die entgegengesetzte elektrische Ladung der beiden nat\u00fcrlichen Polymere zu Nutzen macht.[\/vc_column_text]<div class=\"ult-spacer spacer-69f9f60c148e5\" data-id=\"69f9f60c148e5\" data-height=\"30\" data-height-mobile=\"30\" data-height-tab=\"30\" data-height-tab-portrait=\"\" data-height-mobile-landscape=\"\" style=\"clear:both;display:block;\"><\/div><div id=\"ultimate-heading-128969f9f60c1492c\" class=\"uvc-heading ult-adjust-bottom-margin ultimate-heading-128969f9f60c1492c uvc-4495 \" data-hspacer=\"no_spacer\"  data-halign=\"left\" style=\"text-align:left\"><div class=\"uvc-heading-spacer no_spacer\" style=\"top\"><\/div><div class=\"uvc-main-heading ult-responsive\"  data-ultimate-target='.uvc-heading.ultimate-heading-128969f9f60c1492c h3'  data-responsive-json-new='{\"font-size\":\"desktop:26px;\",\"line-height\":\"desktop:32px;\"}' ><h3 style=\"font-weight:bold;margin-bottom:20px;\">Wie Koazervations-Mikroverkapselung funktioniert<\/h3><\/div><\/div><div class=\"ult-spacer spacer-69f9f60c14981\" data-id=\"69f9f60c14981\" data-height=\"30\" data-height-mobile=\"30\" data-height-tab=\"30\" data-height-tab-portrait=\"\" data-height-mobile-landscape=\"\" style=\"clear:both;display:block;\"><\/div><div class=\"uavc-list-icon uavc-list-icon-wrapper ult-adjust-bottom-margin   \"><ul class=\"uavc-list\"><li><div class=\"uavc-list-content\" id=\"list-icon-wrap-4802\">\n<div class=\"uavc-list-icon  \" data-animation=\"\" data-animation-delay=\"03\" style=\"margin-right:60px;\"><div class=\"ult-just-icon-wrapper  \"><div class=\"align-icon\" style=\"text-align:center;\">\n<div class=\"aio-icon-img \" style=\"font-size:200px;display:inline-block;\" >\n\t<img decoding=\"async\" class=\"img-icon\" alt=\"null\" src=\"https:\/\/www.microcapsules-technologies.com\/wp-content\/uploads\/2018\/04\/icon-technologies_1-1.png\"\/>\n<\/div><\/div><\/div>\n<\/div><span  data-ultimate-target='#list-icon-wrap-4802 .uavc-list-desc'  data-responsive-json-new='{\"font-size\":\"\",\"line-height\":\"\"}'  class=\"uavc-list-desc ult-responsive\" style=\"\"><\/p>\n<h4>1. Dispersion der einzukapselnden Fl\u00fcssigkeit in Wasser<\/h4>\n<p>Die einzukapselnde Fl\u00fcssigkeit wird in einem R\u00fchrbeh\u00e4lter in Wasser dispergiert. Die Gr\u00f6\u00dfe der erhaltenen Tr\u00f6pfchen l\u00e4sst sich durch die Drehzahl des R\u00fchrwerks regulieren.<\/span><\/div><\/li><li><div class=\"uavc-list-content\" id=\"list-icon-wrap-5615\">\n<div class=\"uavc-list-icon  \" data-animation=\"\" data-animation-delay=\"03\" style=\"margin-right:60px;\"><div class=\"ult-just-icon-wrapper  \"><div class=\"align-icon\" style=\"text-align:center;\">\n<div class=\"aio-icon-img \" style=\"font-size:200px;display:inline-block;\" >\n\t<img decoding=\"async\" class=\"img-icon\" alt=\"null\" src=\"https:\/\/www.microcapsules-technologies.com\/wp-content\/uploads\/2018\/04\/icon-technologies_3_2add-1.png\"\/>\n<\/div><\/div><\/div>\n<\/div><span  data-ultimate-target='#list-icon-wrap-5615 .uavc-list-desc'  data-responsive-json-new='{\"font-size\":\"\",\"line-height\":\"\"}'  class=\"uavc-list-desc ult-responsive\" style=\"\"><\/p>\n<h4>2. Einf\u00fchrung einer Gelatinel\u00f6sung und einer<\/h4>\n<p>Carboxymethylcellulose-L\u00f6sung (CMC)<br \/>\nEine L\u00f6sung aus Gelatine und eine L\u00f6sung aus Carboxymethylcellulose (CMC), die immer negative elektrische Ladungen tr\u00e4gt, werden dann unter R\u00fchren in den Tank eingebracht.<br \/>\nDas Medium ist basisch (PH &gt;7), die Gelatine tr\u00e4gt negative elektrische Ladungen und noch passiert nichts. <\/span><\/div><\/li><li><div class=\"uavc-list-content\" id=\"list-icon-wrap-2597\">\n<div class=\"uavc-list-icon  \" data-animation=\"\" data-animation-delay=\"03\" style=\"margin-right:60px;\"><div class=\"ult-just-icon-wrapper  \"><div class=\"align-icon\" style=\"text-align:center;\">\n<div class=\"aio-icon-img \" style=\"font-size:200px;display:inline-block;\" >\n\t<img decoding=\"async\" class=\"img-icon\" alt=\"null\" src=\"https:\/\/www.microcapsules-technologies.com\/wp-content\/uploads\/2018\/04\/icon-technologies_2-1.png\"\/>\n<\/div><\/div><\/div>\n<\/div><span  data-ultimate-target='#list-icon-wrap-2597 .uavc-list-desc'  data-responsive-json-new='{\"font-size\":\"\",\"line-height\":\"\"}'  class=\"uavc-list-desc ult-responsive\" style=\"\"><\/p>\n<h4>3. Einf\u00fchrung von S\u00e4ure zur \u00c4nderung des PH-Wertes der L\u00f6sung<\/h4>\n<p>S\u00e4ure wird eingef\u00fchrt, die Gelatine tr\u00e4gt dann positive Ladungen und bindet an die CMC. Es bildet sich eine Verbindung aus CMC und Gelatine, die sich nun um die in Wasser dispergierten Fl\u00fcssigkeitstropfen herum ablagert.<\/span><\/div><\/li><li><div class=\"uavc-list-content\" id=\"list-icon-wrap-6490\">\n<div class=\"uavc-list-icon  \" data-animation=\"\" data-animation-delay=\"03\" style=\"margin-right:60px;\"><div class=\"ult-just-icon-wrapper  \"><div class=\"align-icon\" style=\"text-align:center;\">\n<div class=\"aio-icon-img \" style=\"font-size:200px;display:inline-block;\" >\n\t<img decoding=\"async\" class=\"img-icon\" alt=\"null\" src=\"https:\/\/www.microcapsules-technologies.com\/wp-content\/uploads\/2018\/04\/icon-technologies_6-2.png\"\/>\n<\/div><\/div><\/div>\n<\/div><span  data-ultimate-target='#list-icon-wrap-6490 .uavc-list-desc'  data-responsive-json-new='{\"font-size\":\"\",\"line-height\":\"\"}'  class=\"uavc-list-desc ult-responsive\" style=\"\"><\/p>\n<h4>4. Stabilisierung der Polymerstruktur<\/h4>\n<p>Die Struktur des Polymers wird jetzt stabilisiert. Dies geschieht durch chemische Bindung zwischen den Gelatinen und der CMC (durch einen Polyaldehyd). <\/span><\/div><\/li><\/ul><\/div>[vc_column_text]Transparente und flexible Mikrokapseln auf Gelatinebasis, einstellbar im Durchmesser von 1 \u03bc bis 2 mm, Pr\u00e4sentation als Slurry oder Pulver. Diese Technologie erm\u00f6glicht die Herstellung von versiegelten Mikrokapseln oder Mikrokapseln mit kontrollierter Freisetzung, deren Freisetzungsgeschwindigkeit je nach Anwendung eingestellt werden kann.<br \/>\nDiese Art von Mikrokapseln wird auch in einer lebensmittelechten Version verkauft.[\/vc_column_text]<div class=\"ult-spacer spacer-69f9f60c15790\" data-id=\"69f9f60c15790\" data-height=\"30\" data-height-mobile=\"30\" data-height-tab=\"30\" data-height-tab-portrait=\"\" data-height-mobile-landscape=\"\" style=\"clear:both;display:block;\"><\/div><div id=\"ultimate-heading-939169f9f60c157de\" class=\"uvc-heading ult-adjust-bottom-margin ultimate-heading-939169f9f60c157de uvc-5753 \" data-hspacer=\"no_spacer\"  data-halign=\"left\" style=\"text-align:left\"><div class=\"uvc-heading-spacer no_spacer\" style=\"top\"><\/div><div class=\"uvc-main-heading ult-responsive\"  data-ultimate-target='.uvc-heading.ultimate-heading-939169f9f60c157de h3'  data-responsive-json-new='{\"font-size\":\"desktop:26px;\",\"line-height\":\"desktop:32px;\"}' ><h3 style=\"font-weight:bold;margin-bottom:20px;\">Mikroverkapselung durch Koazervation: unsere historische Spezialit\u00e4t<\/h3><\/div><\/div>[vc_column_text]Es ist uns gelungen, Mikrokapseln zu entwickeln, die durch komplexe Koazervation gewonnen werden und 35 % Wirkstoff enthalten, zur Verwendung in der chemischen Selbstdurchschreibetechnik, die direkt auf die Papiermaschine aufgebracht werden konnten.<\/p>\n<p>Diese Mikrokapseln wurden damals in der ganzen Welt verkauft, manchmal in vollen Tankwagen.[\/vc_column_text][\/vc_column][\/vc_row][vc_row full_width=&#8220;stretch_row&#8220; css=&#8220;.vc_custom_1524579203697{padding-top: 6% !important;padding-bottom: 6% !important;background-color: #f7f7f7 !important;}&#8220;][vc_column width=&#8220;1\/6&#8243;][\/vc_column][vc_column width=&#8220;2\/3&#8243;][vc_column_text]<\/p>\n<h2 style=\"text-align: center;\">Entdecken Sie alle Anwendungsbereiche der <span style=\"color: #6db557;\">Mikroverkapselung<\/span><\/h2>\n<p>[\/vc_column_text]<div class=\"ult-spacer spacer-69f9f60c15840\" data-id=\"69f9f60c15840\" data-height=\"40\" data-height-mobile=\"40\" data-height-tab=\"40\" data-height-tab-portrait=\"\" data-height-mobile-landscape=\"\" style=\"clear:both;display:block;\"><\/div><div class=\"text-centered\"><a href=\"https:\/\/microcapsules-technologies.com\/domaines-application\/\" class=\"btn-shortcode dt-btn-l dt-btn default-btn-color default-btn-hover-color default-btn-bg-color default-btn-bg-hover-color\" id=\"dt-btn-1\"><span>Entdecken Sie alle unsere Anwendungsbereiche<\/span><\/a><\/div>[\/vc_column][vc_column width=&#8220;1\/6&#8243;][\/vc_column][\/vc_row]<\/p>\n<\/section>","protected":false},"excerpt":{"rendered":"<p>[vc_row gap=&#8220;20&#8243; type=&#8220;vc_default&#8220; css=&#8220;.vc_custom_1524580215780{padding-top: 7% !important;padding-bottom: 4% !important;}&#8220;][vc_column width=&#8220;1\/4&#8243; css=&#8220;.vc_custom_1524580201209{margin-right: 2% !important;margin-bottom: 2% !important;margin-left: 2% !important;padding-top: 2% !important;padding-right: 2% !important;padding-bottom: 2% !important;padding-left: 2% !important;}&#8220;][vc_widget_sidebar sidebar_id=&#8220;sidebar_4&#8243;][\/vc_column][vc_column width=&#8220;3\/4&#8243; css=&#8220;.vc_custom_1498229445232{padding-bottom: 50px !important;}&#8220;][vc_column_text]Definition der komplexen Koazervation: Hierbei wird ein Komplex aus Gelatine und Carboxymethylcellulose erzeugt, indem man sich die entgegengesetzte elektrische Ladung der beiden nat\u00fcrlichen Polymere zu Nutzen macht.[\/vc_column_text][vc_column_text]Transparente&hellip;<\/p>\n","protected":false},"author":4,"featured_media":0,"parent":3471,"menu_order":0,"comment_status":"closed","ping_status":"closed","template":"","meta":{"footnotes":""},"class_list":["post-3418","page","type-page","status-publish","hentry","description-off"],"_links":{"self":[{"href":"https:\/\/www.microcapsules-technologies.com\/de\/wp-json\/wp\/v2\/pages\/3418","targetHints":{"allow":["GET"]}}],"collection":[{"href":"https:\/\/www.microcapsules-technologies.com\/de\/wp-json\/wp\/v2\/pages"}],"about":[{"href":"https:\/\/www.microcapsules-technologies.com\/de\/wp-json\/wp\/v2\/types\/page"}],"author":[{"embeddable":true,"href":"https:\/\/www.microcapsules-technologies.com\/de\/wp-json\/wp\/v2\/users\/4"}],"replies":[{"embeddable":true,"href":"https:\/\/www.microcapsules-technologies.com\/de\/wp-json\/wp\/v2\/comments?post=3418"}],"version-history":[{"count":2,"href":"https:\/\/www.microcapsules-technologies.com\/de\/wp-json\/wp\/v2\/pages\/3418\/revisions"}],"predecessor-version":[{"id":3429,"href":"https:\/\/www.microcapsules-technologies.com\/de\/wp-json\/wp\/v2\/pages\/3418\/revisions\/3429"}],"up":[{"embeddable":true,"href":"https:\/\/www.microcapsules-technologies.com\/de\/wp-json\/wp\/v2\/pages\/3471"}],"wp:attachment":[{"href":"https:\/\/www.microcapsules-technologies.com\/de\/wp-json\/wp\/v2\/media?parent=3418"}],"curies":[{"name":"wp","href":"https:\/\/api.w.org\/{rel}","templated":true}]}}