{"id":3439,"date":"2020-09-06T21:44:44","date_gmt":"2020-09-06T21:44:44","guid":{"rendered":"https:\/\/microcapsules-technologies.com\/unsere-doppelwandigen-mikroverkapselungstechnologien\/"},"modified":"2020-09-16T11:05:54","modified_gmt":"2020-09-16T11:05:54","slug":"unsere-doppelwandigen-mikroverkapselungstechnologien","status":"publish","type":"page","link":"https:\/\/www.microcapsules-technologies.com\/de\/unsere-technologien\/unsere-doppelwandigen-mikroverkapselungstechnologien\/","title":{"rendered":"Unsere doppelwandigen Mikroverkapselungstechnologien"},"content":{"rendered":"<section class=\"wpb-content-wrapper\"><p>&nbsp;<\/p>\n<p>[vc_row full_width=&#8220;stretch_row&#8220; gap=&#8220;20&#8243; type=&#8220;vc_default&#8220; css=&#8220;.vc_custom_1524579913144{padding-top: 7% !important;padding-bottom: 4% !important;}&#8220;][vc_column width=&#8220;1\/4&#8243; css=&#8220;.vc_custom_1524578953016{margin-right: 2% !important;margin-bottom: 2% !important;margin-left: 2% !important;padding-top: 2% !important;padding-right: 2% !important;padding-bottom: 2% !important;padding-left: 2% !important;}&#8220;][vc_widget_sidebar sidebar_id=&#8220;sidebar_4&#8243;][\/vc_column][vc_column width=&#8220;3\/4&#8243;]<div id=\"ultimate-heading-304769f9e7d5836e9\" class=\"uvc-heading ult-adjust-bottom-margin ultimate-heading-304769f9e7d5836e9 uvc-667 \" data-hspacer=\"no_spacer\"  data-halign=\"left\" style=\"text-align:left\"><div class=\"uvc-heading-spacer no_spacer\" style=\"top\"><\/div><div class=\"uvc-main-heading ult-responsive\"  data-ultimate-target='.uvc-heading.ultimate-heading-304769f9e7d5836e9 h1'  data-responsive-json-new='{\"font-size\":\"desktop:26px;\",\"line-height\":\"desktop:32px;\"}' ><h1 style=\"font-weight:bold;margin-bottom:20px;\">Patentierte doppelwandige Silikon- und Aminoplast-Mikroverkapselung<\/h1><\/div><\/div>[vc_column_text]Silikon: Der Kohlenstoff, der in allen Polymeren enthalten ist, wird durch Silizium ersetzt.<br \/>\nDieses Silikon macht mehr als 60 % des Gesamtpolymers aus.<br \/>\nEin Polymer ist ein Kunststoffmaterial.<br \/>\nWir verwenden Kunststoff, der Silizium anstelle von Kohlenstoff enth\u00e4lt.<\/p>\n<p>Dies f\u00fchrt zu einer h\u00f6heren Best\u00e4ndigkeit gegen\u00fcber Tensiden als bei herk\u00f6mmlichen Polymeren.<\/p>\n<p>Tenside sind in der Regel aggressiv gegen\u00fcber den Kapseln. Das Problem mit Tensiden ist, dass sie die in den Kapseln enthaltenen Duftstoffe extrahieren.<\/p>\n<p>Das ist unsere Spezialit\u00e4t. Wir sind die Einzigen, denen es gelungen ist, diese Technologie des doppelwandigen Silikons + Aminoplast zu entwickeln.[\/vc_column_text]<div class=\"ult-spacer spacer-69f9e7d5837e8\" data-id=\"69f9e7d5837e8\" data-height=\"30\" data-height-mobile=\"30\" data-height-tab=\"30\" data-height-tab-portrait=\"\" data-height-mobile-landscape=\"\" style=\"clear:both;display:block;\"><\/div><div id=\"ultimate-heading-9969f9e7d583856\" class=\"uvc-heading ult-adjust-bottom-margin ultimate-heading-9969f9e7d583856 uvc-279 \" data-hspacer=\"no_spacer\"  data-halign=\"left\" style=\"text-align:left\"><div class=\"uvc-heading-spacer no_spacer\" style=\"top\"><\/div><div class=\"uvc-main-heading ult-responsive\"  data-ultimate-target='.uvc-heading.ultimate-heading-9969f9e7d583856 h3'  data-responsive-json-new='{\"font-size\":\"desktop:26px;\",\"line-height\":\"desktop:32px;\"}' ><h3 style=\"font-weight:bold;margin-bottom:20px;\">Wie die doppelwandige Mikroverkapselung funktioniert<\/h3><\/div><\/div>[vc_column_text]Zu diesem bereits wichtigen Know-how haben wir ein neues, besonders f\u00fcr die Kosmetikindustrie geeignetes Verfahren hinzugef\u00fcgt, das bei MCT bereits im Jahr 2002 auf Anregung des Vertriebsleiters entwickelt wurde, um das Unternehmen in diesen Markt einzuf\u00fchren.<br \/>\nMit der Hilfe von Anvar wurde ein umfangreiches Forschungsprojekt zur Verkapselung durch Silikonpolymere durchgef\u00fchrt, mit dem Ziel, eine Qualit\u00e4t zu erreichen, die den zahlreichen Anforderungen gerecht wird.[\/vc_column_text]<div class=\"ult-spacer spacer-69f9e7d5838dd\" data-id=\"69f9e7d5838dd\" data-height=\"30\" data-height-mobile=\"30\" data-height-tab=\"30\" data-height-tab-portrait=\"\" data-height-mobile-landscape=\"\" style=\"clear:both;display:block;\"><\/div>[\/vc_column][\/vc_row][vc_row full_width=&#8220;stretch_row&#8220; gap=&#8220;20&#8243; disable_element=&#8220;yes&#8220; type=&#8220;vc_default&#8220; css=&#8220;.vc_custom_1525939234605{padding-top: 7% !important;padding-bottom: 4% !important;}&#8220;][vc_column width=&#8220;1\/4&#8243; css=&#8220;.vc_custom_1524578953016{margin-right: 2% !important;margin-bottom: 2% !important;margin-left: 2% !important;padding-top: 2% !important;padding-right: 2% !important;padding-bottom: 2% !important;padding-left: 2% !important;}&#8220;][vc_widget_sidebar sidebar_id=&#8220;sidebar_4&#8243;][\/vc_column][vc_column width=&#8220;3\/4&#8243;]<div id=\"ultimate-heading-893869f9e7d583942\" class=\"uvc-heading ult-adjust-bottom-margin ultimate-heading-893869f9e7d583942 uvc-7908 \" data-hspacer=\"no_spacer\"  data-halign=\"left\" style=\"text-align:left\"><div class=\"uvc-heading-spacer no_spacer\" style=\"top\"><\/div><div class=\"uvc-main-heading ult-responsive\"  data-ultimate-target='.uvc-heading.ultimate-heading-893869f9e7d583942 h1'  data-responsive-json-new='{\"font-size\":\"desktop:26px;\",\"line-height\":\"desktop:32px;\"}' ><h1 style=\"font-weight:bold;margin-bottom:20px;\">Mikroverkapselung durch Koazervation<\/h1><\/div><\/div>[vc_column_text]Class aptent taciti sociosqu ad litora torquent per conubia nostra, per inceptos himenaeos. Suspendisse ut libero augue.\u00a0Maecenas feugiat, nulla eget maximus elementum, odio augue placerat est, nec semper nisl erat ac ex el convallis ligula commodo ac. Aenean congue. Nunc eu tellus pellentesque!<\/p>\n<p>Tristique senectus et netus et malesuada fames ac turpis egestas ulla!\u00a0Class aptent taciti sociosqu ad litora torquent per conubia nostra, per inceptos himenaeos. Suspendisse ut libero augue.<\/p>\n<p>Maecenas feugiat, nulla eget maximus elementum, odio augue placerat est, nec semper nisl erat ac ex el convallis ligula commodo ac. Aenean congue. Nunc eu tellus pellentesque!<\/p>\n<p>Tristique senectus et netus et malesuada fames ac turpis egestas ulla![\/vc_column_text]<div class=\"ult-spacer spacer-69f9e7d5839be\" data-id=\"69f9e7d5839be\" data-height=\"30\" data-height-mobile=\"30\" data-height-tab=\"30\" data-height-tab-portrait=\"\" data-height-mobile-landscape=\"\" style=\"clear:both;display:block;\"><\/div><div id=\"ultimate-heading-5969f9e7d583a23\" class=\"uvc-heading ult-adjust-bottom-margin ultimate-heading-5969f9e7d583a23 uvc-8463 \" data-hspacer=\"no_spacer\"  data-halign=\"left\" style=\"text-align:left\"><div class=\"uvc-heading-spacer no_spacer\" style=\"top\"><\/div><div class=\"uvc-main-heading ult-responsive\"  data-ultimate-target='.uvc-heading.ultimate-heading-5969f9e7d583a23 h3'  data-responsive-json-new='{\"font-size\":\"desktop:26px;\",\"line-height\":\"desktop:32px;\"}' ><h3 style=\"font-weight:bold;margin-bottom:20px;\">Wie Koazervations-Mikroverkapselung funktioniert<\/h3><\/div><\/div><div class=\"ult-spacer spacer-69f9e7d583a99\" data-id=\"69f9e7d583a99\" data-height=\"30\" data-height-mobile=\"30\" data-height-tab=\"30\" data-height-tab-portrait=\"\" data-height-mobile-landscape=\"\" style=\"clear:both;display:block;\"><\/div><div class=\"uavc-list-icon uavc-list-icon-wrapper ult-adjust-bottom-margin   \"><ul class=\"uavc-list\"><li><div class=\"uavc-list-content\" id=\"list-icon-wrap-8381\">\n<div class=\"uavc-list-icon  \" data-animation=\"\" data-animation-delay=\"03\" style=\"margin-right:60px;\"><div class=\"ult-just-icon-wrapper  \"><div class=\"align-icon\" style=\"text-align:center;\">\n<div class=\"aio-icon-img \" style=\"font-size:200px;display:inline-block;\" >\n\t<img decoding=\"async\" class=\"img-icon\" alt=\"null\" src=\"https:\/\/www.microcapsules-technologies.com\/wp-content\/uploads\/2018\/04\/icon-technologies_1-1.png\"\/>\n<\/div><\/div><\/div>\n<\/div><span  data-ultimate-target='#list-icon-wrap-8381 .uavc-list-desc'  data-responsive-json-new='{\"font-size\":\"\",\"line-height\":\"\"}'  class=\"uavc-list-desc ult-responsive\" style=\"\"><\/p>\n<h4>1. Dispersion der einzukapselnden Fl\u00fcssigkeit in Wasser<\/h4>\n<p>Die einzukapselnde Fl\u00fcssigkeit wird in einem R\u00fchrbeh\u00e4lter in Wasser dispergiert. Die Gr\u00f6\u00dfe der erhaltenen Tr\u00f6pfchen l\u00e4sst sich durch die Drehzahl des R\u00fchrwerks regulieren.<\/span><\/div><\/li><li><div class=\"uavc-list-content\" id=\"list-icon-wrap-2755\">\n<div class=\"uavc-list-icon  \" data-animation=\"\" data-animation-delay=\"03\" style=\"margin-right:60px;\"><div class=\"ult-just-icon-wrapper  \"><div class=\"align-icon\" style=\"text-align:center;\">\n<div class=\"aio-icon-img \" style=\"font-size:200px;display:inline-block;\" >\n\t<img decoding=\"async\" class=\"img-icon\" alt=\"null\" src=\"https:\/\/www.microcapsules-technologies.com\/wp-content\/uploads\/2018\/04\/icon-technologies_3_2add-1.png\"\/>\n<\/div><\/div><\/div>\n<\/div><span  data-ultimate-target='#list-icon-wrap-2755 .uavc-list-desc'  data-responsive-json-new='{\"font-size\":\"\",\"line-height\":\"\"}'  class=\"uavc-list-desc ult-responsive\" style=\"\"><\/p>\n<h4>2. Einf\u00fchrung einer Gelatinel\u00f6sung und einer<\/h4>\n<p>Carboxymethylcellulose-L\u00f6sung (CMC)<br \/>\nEine L\u00f6sung aus Gelatine und eine L\u00f6sung aus Carboxymethylcellulose (CMC), die immer negative elektrische Ladungen tr\u00e4gt, werden dann unter R\u00fchren in den Tank eingebracht.<br \/>\nDas Medium ist basisch (PH &gt;7), die Gelatine tr\u00e4gt negative elektrische Ladungen und noch passiert nichts. <\/span><\/div><\/li><li><div class=\"uavc-list-content\" id=\"list-icon-wrap-7011\">\n<div class=\"uavc-list-icon  \" data-animation=\"\" data-animation-delay=\"03\" style=\"margin-right:60px;\"><div class=\"ult-just-icon-wrapper  \"><div class=\"align-icon\" style=\"text-align:center;\">\n<div class=\"aio-icon-img \" style=\"font-size:200px;display:inline-block;\" >\n\t<img decoding=\"async\" class=\"img-icon\" alt=\"null\" src=\"https:\/\/www.microcapsules-technologies.com\/wp-content\/uploads\/2018\/04\/icon-technologies_2-1.png\"\/>\n<\/div><\/div><\/div>\n<\/div><span  data-ultimate-target='#list-icon-wrap-7011 .uavc-list-desc'  data-responsive-json-new='{\"font-size\":\"\",\"line-height\":\"\"}'  class=\"uavc-list-desc ult-responsive\" style=\"\"><\/p>\n<h4>3. Einf\u00fchrung von S\u00e4ure zur \u00c4nderung des PH-Wertes der L\u00f6sung<\/h4>\n<p>S\u00e4ure wird eingef\u00fchrt, die Gelatine tr\u00e4gt dann positive Ladungen und bindet an die CMC. Es bildet sich eine Verbindung aus CMC und Gelatine, die sich nun um die in Wasser dispergierten Fl\u00fcssigkeitstropfen herum ablagert.<\/span><\/div><\/li><li><div class=\"uavc-list-content\" id=\"list-icon-wrap-4099\">\n<div class=\"uavc-list-icon  \" data-animation=\"\" data-animation-delay=\"03\" style=\"margin-right:60px;\"><div class=\"ult-just-icon-wrapper  \"><div class=\"align-icon\" style=\"text-align:center;\">\n<div class=\"aio-icon-img \" style=\"font-size:200px;display:inline-block;\" >\n\t<img decoding=\"async\" class=\"img-icon\" alt=\"null\" src=\"https:\/\/www.microcapsules-technologies.com\/wp-content\/uploads\/2018\/04\/icon-technologies_6-2.png\"\/>\n<\/div><\/div><\/div>\n<\/div><span  data-ultimate-target='#list-icon-wrap-4099 .uavc-list-desc'  data-responsive-json-new='{\"font-size\":\"\",\"line-height\":\"\"}'  class=\"uavc-list-desc ult-responsive\" style=\"\"><\/p>\n<h4>4. Stabilisierung der Polymerstruktur<\/h4>\n<p>Die Struktur des Polymers wird jetzt stabilisiert. Dies geschieht durch chemische Bindung zwischen den Gelatinen und der CMC (durch einen Polyaldehyd). <\/span><\/div><\/li><\/ul><\/div>[\/vc_column][\/vc_row][vc_row full_width=&#8220;stretch_row&#8220; css=&#8220;.vc_custom_1524579203697{padding-top: 6% !important;padding-bottom: 6% !important;background-color: #f7f7f7 !important;}&#8220;][vc_column width=&#8220;1\/6&#8243;][\/vc_column][vc_column width=&#8220;2\/3&#8243;][vc_column_text]<\/p>\n<h2 style=\"text-align: center;\">Entdecken Sie alle Anwendungsbereiche der <span style=\"color: #6db557;\">Mikroverkapselung<\/span><\/h2>\n<p>[\/vc_column_text]<div class=\"ult-spacer spacer-69f9e7d58500f\" data-id=\"69f9e7d58500f\" data-height=\"40\" data-height-mobile=\"40\" data-height-tab=\"40\" data-height-tab-portrait=\"\" data-height-mobile-landscape=\"\" style=\"clear:both;display:block;\"><\/div><div class=\"text-centered\"><a href=\"https:\/\/microcapsules-technologies.com\/domaines-application\/\" class=\"btn-shortcode dt-btn-l dt-btn default-btn-color default-btn-hover-color default-btn-bg-color default-btn-bg-hover-color\" id=\"dt-btn-1\"><span>Entdecken Sie alle unsere Anwendungsbereiche<\/span><\/a><\/div>[\/vc_column][vc_column width=&#8220;1\/6&#8243;][\/vc_column][\/vc_row]<\/p>\n<\/section>","protected":false},"excerpt":{"rendered":"<p>&nbsp; [vc_row full_width=&#8220;stretch_row&#8220; gap=&#8220;20&#8243; type=&#8220;vc_default&#8220; css=&#8220;.vc_custom_1524579913144{padding-top: 7% !important;padding-bottom: 4% !important;}&#8220;][vc_column width=&#8220;1\/4&#8243; css=&#8220;.vc_custom_1524578953016{margin-right: 2% !important;margin-bottom: 2% !important;margin-left: 2% !important;padding-top: 2% !important;padding-right: 2% !important;padding-bottom: 2% !important;padding-left: 2% !important;}&#8220;][vc_widget_sidebar sidebar_id=&#8220;sidebar_4&#8243;][\/vc_column][vc_column width=&#8220;3\/4&#8243;][vc_column_text]Silikon: Der Kohlenstoff, der in allen Polymeren enthalten ist, wird durch Silizium ersetzt. Dieses Silikon macht mehr als 60 % des Gesamtpolymers aus. Ein Polymer ist ein Kunststoffmaterial.&hellip;<\/p>\n","protected":false},"author":4,"featured_media":0,"parent":3471,"menu_order":0,"comment_status":"closed","ping_status":"closed","template":"","meta":{"footnotes":""},"class_list":["post-3439","page","type-page","status-publish","hentry","description-off"],"_links":{"self":[{"href":"https:\/\/www.microcapsules-technologies.com\/de\/wp-json\/wp\/v2\/pages\/3439","targetHints":{"allow":["GET"]}}],"collection":[{"href":"https:\/\/www.microcapsules-technologies.com\/de\/wp-json\/wp\/v2\/pages"}],"about":[{"href":"https:\/\/www.microcapsules-technologies.com\/de\/wp-json\/wp\/v2\/types\/page"}],"author":[{"embeddable":true,"href":"https:\/\/www.microcapsules-technologies.com\/de\/wp-json\/wp\/v2\/users\/4"}],"replies":[{"embeddable":true,"href":"https:\/\/www.microcapsules-technologies.com\/de\/wp-json\/wp\/v2\/comments?post=3439"}],"version-history":[{"count":2,"href":"https:\/\/www.microcapsules-technologies.com\/de\/wp-json\/wp\/v2\/pages\/3439\/revisions"}],"predecessor-version":[{"id":3443,"href":"https:\/\/www.microcapsules-technologies.com\/de\/wp-json\/wp\/v2\/pages\/3439\/revisions\/3443"}],"up":[{"embeddable":true,"href":"https:\/\/www.microcapsules-technologies.com\/de\/wp-json\/wp\/v2\/pages\/3471"}],"wp:attachment":[{"href":"https:\/\/www.microcapsules-technologies.com\/de\/wp-json\/wp\/v2\/media?parent=3439"}],"curies":[{"name":"wp","href":"https:\/\/api.w.org\/{rel}","templated":true}]}}