{"id":3471,"date":"2020-09-06T23:04:56","date_gmt":"2020-09-06T23:04:56","guid":{"rendered":"https:\/\/microcapsules-technologies.com\/unsere-technologien\/"},"modified":"2020-09-16T12:25:05","modified_gmt":"2020-09-16T12:25:05","slug":"unsere-technologien","status":"publish","type":"page","link":"https:\/\/www.microcapsules-technologies.com\/de\/unsere-technologien\/","title":{"rendered":"Unsere Technologien"},"content":{"rendered":"<section class=\"wpb-content-wrapper\"><p>[vc_row content_placement=&#8220;middle&#8220; css=&#8220;.vc_custom_1526636701421{padding-top: 7% !important;padding-bottom: 5% !important;}&#8220;][vc_column width=&#8220;1\/6&#8243;][\/vc_column][vc_column width=&#8220;2\/3&#8243;]<div id=\"ultimate-heading-109069eb7cdf39c94\" class=\"uvc-heading ult-adjust-bottom-margin ultimate-heading-109069eb7cdf39c94 uvc-2943  uvc-heading-default-font-sizes\" data-hspacer=\"line_only\"  data-halign=\"center\" style=\"text-align:center\"><div class=\"uvc-main-heading ult-responsive\"  data-ultimate-target='.uvc-heading.ultimate-heading-109069eb7cdf39c94 h1'  data-responsive-json-new='{\"font-size\":\"\",\"line-height\":\"\"}' ><h1 style=\"font-weight:bold;\">Unsere Technologien<\/h1><\/div><div class=\"uvc-heading-spacer line_only\" style=\"margin-top:20px;margin-bottom:20px;height:3px;\"><span class=\"uvc-headings-line\" style=\"border-style:solid;border-bottom-width:3px;border-color:#6db557;width:100px;\"><\/span><\/div><div class=\"uvc-sub-heading ult-responsive\"  data-ultimate-target='.uvc-heading.ultimate-heading-109069eb7cdf39c94 .uvc-sub-heading '  data-responsive-json-new='{\"font-size\":\"\",\"line-height\":\"\"}'  style=\"font-weight:normal;margin-bottom:6%;\"><\/p>\n<h3>Entdecken Sie die verschiedenen Innovationen, die uns an die Spitze der Technologie f\u00fchren<\/h3>\n<p><\/div><\/div>[vc_column_text]Wir kapseln nur ein. Das ist alles, was wir erforschen. Unsere Forschungsaufzeichnungen haben es uns erm\u00f6glicht, uns auf Methoden zu konzentrieren, die funktionieren. Zum Beispiel diese Verfahren, das wir aus 756 Tests entwickelt haben. Wir sind Spezialisten in der Beduftung von Taschent\u00fcchern.<\/p>\n<p>Forschung: Ein Viertel der Belegschaft des Unternehmens widmet sich der Forschung, was deren Entwicklung und interne Feinabstimmung gew\u00e4hrleistet.<\/p>\n<p>Jeden Tag planen wir eine Reihe von Tests zur Weiterentwicklung unserer Wissensbasis.<\/p>\n<p>Unsere Kapseln verf\u00fcgen \u00fcber ein einzigartiges und sehr effizientes Haftsystem, das auf der Verwendung in Verbindung mit der elektrischen Ladung der Kapsel und ihrer Polarit\u00e4t basiert. Unsere Forschung hat es uns erm\u00f6glicht, mehrere Systeme an verschiedene spezifische Nutzungsumgebungen anzupassen.[\/vc_column_text]<div class=\"ult-spacer spacer-69eb7cdf39d29\" data-id=\"69eb7cdf39d29\" data-height=\"30\" data-height-mobile=\"30\" data-height-tab=\"30\" data-height-tab-portrait=\"\" data-height-mobile-landscape=\"\" style=\"clear:both;display:block;\"><\/div>[\/vc_column][vc_column width=&#8220;1\/6&#8243;][\/vc_column][\/vc_row][vc_row bg_type=&#8220;bg_color&#8220; bg_override=&#8220;ex-full&#8220; type=&#8220;vc_default&#8220; css=&#8220;.vc_custom_1524644642018{padding-top: 6% !important;padding-bottom: 7% !important;}&#8220; bg_color_value=&#8220;#f5f5f5&#8243;][vc_column width=&#8220;1\/6&#8243;][\/vc_column][vc_column width=&#8220;2\/3&#8243;]<div id=\"ultimate-heading-488169eb7cdf39d9a\" class=\"uvc-heading ult-adjust-bottom-margin ultimate-heading-488169eb7cdf39d9a uvc-6902  uvc-heading-default-font-sizes\" data-hspacer=\"line_only\"  data-halign=\"center\" style=\"text-align:center\"><div class=\"uvc-main-heading ult-responsive\"  data-ultimate-target='.uvc-heading.ultimate-heading-488169eb7cdf39d9a h2'  data-responsive-json-new='{\"font-size\":\"\",\"line-height\":\"\"}' ><h2 style=\"font-weight:bold;\">Operative Forschung zur Mikroverkapselung<\/h2><\/div><div class=\"uvc-heading-spacer line_only\" style=\"margin-top:20px;margin-bottom:20px;height:3px;\"><span class=\"uvc-headings-line\" style=\"border-style:solid;border-bottom-width:3px;border-color:#6db557;width:100px;\"><\/span><\/div><div class=\"uvc-sub-heading ult-responsive\"  data-ultimate-target='.uvc-heading.ultimate-heading-488169eb7cdf39d9a .uvc-sub-heading '  data-responsive-json-new='{\"font-size\":\"\",\"line-height\":\"\"}'  style=\"font-weight:normal;margin-bottom:6%;\"><\/p>\n<h3>Unser Team sucht nicht, sondern findet.<\/h3>\n<p><\/div><\/div><div class=\"uavc-list-icon uavc-list-icon-wrapper ult-adjust-bottom-margin   vc_custom_1526636372904  vc_custom_1526636372904\"><ul class=\"uavc-list\"><li><div class=\"uavc-list-content\" id=\"list-icon-wrap-7600\">\n<div class=\"uavc-list-icon  \" data-animation=\"\" data-animation-delay=\"03\" style=\"margin-right:35px;\"><div class=\"ult-just-icon-wrapper  \"><div class=\"align-icon\" style=\"text-align:center;\">\n<div class=\"aio-icon none \"  style=\"color:#6db557;font-size:25px;display:inline-block;\">\n\t<i class=\"icomoon-icomoonfree-16x16-target\"><\/i>\n<\/div><\/div><\/div>\n<\/div><span  data-ultimate-target='#list-icon-wrap-7600 .uavc-list-desc'  data-responsive-json-new='{\"font-size\":\"\",\"line-height\":\"\"}'  class=\"uavc-list-desc ult-responsive\" style=\"\">Wenn Sie eine Suche w\u00fcnschen, die zu brauchbaren Ergebnissen f\u00fchrt, k\u00f6nnen wir uns treffen und Ihnen insbesondere einen Vorschlag zum Ergebnis machen.<\/span><\/div><\/li><li><div class=\"uavc-list-content\" id=\"list-icon-wrap-2518\">\n<div class=\"uavc-list-icon  \" data-animation=\"\" data-animation-delay=\"03\" style=\"margin-right:35px;\"><div class=\"ult-just-icon-wrapper  \"><div class=\"align-icon\" style=\"text-align:center;\">\n<div class=\"aio-icon none \"  style=\"color:#6db557;font-size:25px;display:inline-block;\">\n\t<i class=\"icomoon-icomoonfree-16x16-cogs\"><\/i>\n<\/div><\/div><\/div>\n<\/div><span  data-ultimate-target='#list-icon-wrap-2518 .uavc-list-desc'  data-responsive-json-new='{\"font-size\":\"\",\"line-height\":\"\"}'  class=\"uavc-list-desc ult-responsive\" style=\"\">Wir k\u00f6nnen Ihnen mit Blick auf unsere Einrichtungen auch die gesamte erforderliche Fertigung anbieten.<\/span><\/div><\/li><li><div class=\"uavc-list-content\" id=\"list-icon-wrap-3546\">\n<div class=\"uavc-list-icon  \" data-animation=\"\" data-animation-delay=\"03\" style=\"margin-right:35px;\"><div class=\"ult-just-icon-wrapper  \"><div class=\"align-icon\" style=\"text-align:center;\">\n<div class=\"aio-icon none \"  style=\"color:#6db557;font-size:25px;display:inline-block;\">\n\t<i class=\"icomoon-icomoonfree-16x16-lab\"><\/i>\n<\/div><\/div><\/div>\n<\/div><span  data-ultimate-target='#list-icon-wrap-3546 .uavc-list-desc'  data-responsive-json-new='{\"font-size\":\"\",\"line-height\":\"\"}'  class=\"uavc-list-desc ult-responsive\" style=\"\">Wir kommen nicht aus der Welt der Forschung, sondern aus der Welt der Industrie. Wir konnten es uns nicht leisten, zu scheitern.<\/p>\n<p><\/span><\/div><\/li><li><div class=\"uavc-list-content\" id=\"list-icon-wrap-5600\">\n<div class=\"uavc-list-icon  \" data-animation=\"\" data-animation-delay=\"03\" style=\"margin-right:35px;\"><div class=\"ult-just-icon-wrapper  \"><div class=\"align-icon\" style=\"text-align:center;\">\n<div class=\"aio-icon none \"  style=\"color:#6db557;font-size:25px;display:inline-block;\">\n\t<i class=\"Defaults-rocket\"><\/i>\n<\/div><\/div><\/div>\n<\/div><span  data-ultimate-target='#list-icon-wrap-5600 .uavc-list-desc'  data-responsive-json-new='{\"font-size\":\"\",\"line-height\":\"\"}'  class=\"uavc-list-desc ult-responsive\" style=\"\">Wir forschen nicht, wir machen Entdeckungen.<\/span><\/div><\/li><\/ul><\/div>[\/vc_column][vc_column width=&#8220;1\/6&#8243;][\/vc_column][\/vc_row][vc_row type=&#8220;vc_default&#8220; css=&#8220;.vc_custom_1524656674415{padding-top: 5% !important;}&#8220;][vc_column width=&#8220;1\/2&#8243; css=&#8220;.vc_custom_1498211177630{padding-bottom: 50px !important;}&#8220;]<style type=\"text\/css\" data-type=\"the7_shortcodes-inline-css\">.shortcode-single-image-wrap.shortcode-single-image-41a0f892d3b36ac0301273390281b1d0.enable-bg-rollover .rollover i,\n.shortcode-single-image-wrap.shortcode-single-image-41a0f892d3b36ac0301273390281b1d0.enable-bg-rollover .rollover-video i {\n  background: -webkit-linear-gradient();\n  background: linear-gradient();\n}\n.shortcode-single-image-wrap.shortcode-single-image-41a0f892d3b36ac0301273390281b1d0 .rollover-icon {\n  font-size: 32px;\n  color: #ffffff;\n  min-width: 44px;\n  min-height: 44px;\n  line-height: 44px;\n  border-radius: 100px;\n  border-style: solid;\n  border-width: 0px;\n}\n.dt-icon-bg-on.shortcode-single-image-wrap.shortcode-single-image-41a0f892d3b36ac0301273390281b1d0 .rollover-icon {\n  background: rgba(255,255,255,0.3);\n  box-shadow: none;\n}<\/style><div class=\"shortcode-single-image-wrap shortcode-single-image-41a0f892d3b36ac0301273390281b1d0 alignnone  vc_custom_1600258943399 enable-bg-rollover dt-icon-bg-off\" ><div class=\"shortcode-single-image\"><div class=\"fancy-media-wrap\" style=\"border-radius:500px;\"><a href=\"https:\/\/microcapsules-technologies.com\/de\/unsere-technologien\/unsere-technologien-mikroverkapselung-durch-koazervation\/\" class=\" layzr-bg rollover\" style=\"border-radius:500px;\" aria-label=\"Image\"><img decoding=\"async\" class=\"preload-me lazy-load aspect\" src=\"data:image\/svg+xml,%3Csvg%20xmlns%3D&#39;http%3A%2F%2Fwww.w3.org%2F2000%2Fsvg&#39;%20viewBox%3D&#39;0%200%20220%20220&#39;%2F%3E\" data-src=\"https:\/\/www.microcapsules-technologies.com\/wp-content\/uploads\/2018\/04\/slide_dictionary_cotton-220x220.jpg\" data-srcset=\"https:\/\/www.microcapsules-technologies.com\/wp-content\/uploads\/2018\/04\/slide_dictionary_cotton-220x220.jpg 220w, https:\/\/www.microcapsules-technologies.com\/wp-content\/uploads\/2018\/04\/slide_dictionary_cotton-440x440.jpg 440w\" loading=\"eager\" style=\"--ratio: 220 \/ 220\" sizes=\"(max-width: 220px) 100vw, 220px\" width=\"220\" height=\"220\"  data-dt-location=\"https:\/\/www.microcapsules-technologies.com\/de\/dt_slideshow\/slide-dictionary\/slide_dictionary_cotton\/\" alt=\"\" \/><\/a><\/div><\/div><\/div><span id=\"creative-link-wrap-1001\" class=\"ult_main_cl ult-adjust-bottom-margin  \" >\n\t \t\t\t<span class=\"  ult_crlink\" >\n\t\t\t\t\t<a  data-ultimate-target='#creative-link-wrap-1001 .ult_colorlink'  data-responsive-json-new='{\"font-size\":\"desktop:26px;\",\"line-height\":\"desktop:32px;\"}'  href=\"https:\/\/microcapsules-technologies.com\/de\/unsere-technologien\/unsere-technologien-mikroverkapselung-durch-koazervation\/\"  class=\"ult_colorlink ult-responsive  vc_custom_1600258935595\" style=\"font-family:Open Sans Condensed;font-weight:700; \"  data-textcolor=\"#414042\" data-texthover=\"#6db557\"data-style=\"\">\n\t\t\t\t\t\t\n\t\t\t\t\t\t<span data-hover=\"Mikroverkapselung durch Koazervation\" style=\"color:#414042;;;\" class=\"ult_btn10_span   \">Mikroverkapselung durch Koazervation<\/span>\n\t\t\t\t\t\t\n\t\t\t\t\t<\/a>\n\t\t\t\t<\/span>\n\t\t\t<\/span>[vc_column_text css=&#8220;.vc_custom_1526539468779{margin-top: -40px !important;}&#8220;]<\/p>\n<p style=\"text-align: center;\">Aus Gelatine und Carboxymethylcellulose hergestellte Mikrokapseln<\/p>\n<p>[\/vc_column_text][\/vc_column][vc_column width=&#8220;1\/2&#8243;]<style type=\"text\/css\" data-type=\"the7_shortcodes-inline-css\">.shortcode-single-image-wrap.shortcode-single-image-a0dfb5b6334a790850003058a8d256f3.enable-bg-rollover .rollover i,\n.shortcode-single-image-wrap.shortcode-single-image-a0dfb5b6334a790850003058a8d256f3.enable-bg-rollover .rollover-video i {\n  background: -webkit-linear-gradient();\n  background: linear-gradient();\n}\n.shortcode-single-image-wrap.shortcode-single-image-a0dfb5b6334a790850003058a8d256f3 .rollover-icon {\n  font-size: 32px;\n  color: #ffffff;\n  min-width: 44px;\n  min-height: 44px;\n  line-height: 44px;\n  border-radius: 100px;\n  border-style: solid;\n  border-width: 0px;\n}\n.dt-icon-bg-on.shortcode-single-image-wrap.shortcode-single-image-a0dfb5b6334a790850003058a8d256f3 .rollover-icon {\n  background: rgba(255,255,255,0.3);\n  box-shadow: none;\n}<\/style><div class=\"shortcode-single-image-wrap shortcode-single-image-a0dfb5b6334a790850003058a8d256f3 alignnone  vc_custom_1600259073672 enable-bg-rollover dt-icon-bg-off\" ><div class=\"shortcode-single-image\"><div class=\"fancy-media-wrap\" style=\"border-radius:500px;\"><a href=\"https:\/\/microcapsules-technologies.com\/de\/unsere-technologien\/unsere-technologien-mikroverkapselung-durch-grenzflaechenpolymerisation\/\" class=\" layzr-bg rollover\" style=\"border-radius:500px;\" aria-label=\"Image\"><img decoding=\"async\" class=\"preload-me lazy-load aspect\" src=\"data:image\/svg+xml,%3Csvg%20xmlns%3D&#39;http%3A%2F%2Fwww.w3.org%2F2000%2Fsvg&#39;%20viewBox%3D&#39;0%200%20220%20220&#39;%2F%3E\" data-src=\"https:\/\/www.microcapsules-technologies.com\/wp-content\/uploads\/2018\/04\/slide_dictionary_caps-220x220.jpg\" data-srcset=\"https:\/\/www.microcapsules-technologies.com\/wp-content\/uploads\/2018\/04\/slide_dictionary_caps-220x220.jpg 220w, https:\/\/www.microcapsules-technologies.com\/wp-content\/uploads\/2018\/04\/slide_dictionary_caps-440x440.jpg 440w\" loading=\"eager\" style=\"--ratio: 220 \/ 220\" sizes=\"(max-width: 220px) 100vw, 220px\" width=\"220\" height=\"220\"  data-dt-location=\"https:\/\/www.microcapsules-technologies.com\/de\/dt_slideshow\/slide-dictionary\/slide_dictionary_caps\/\" alt=\"\" \/><\/a><\/div><\/div><\/div><span id=\"creative-link-wrap-9996\" class=\"ult_main_cl ult-adjust-bottom-margin  \" >\n\t \t\t\t<span class=\"  ult_crlink\" >\n\t\t\t\t\t<a  data-ultimate-target='#creative-link-wrap-9996 .ult_colorlink'  data-responsive-json-new='{\"font-size\":\"desktop:26px;\",\"line-height\":\"desktop:32px;\"}'  href=\"https:\/\/microcapsules-technologies.com\/de\/unsere-technologien\/unsere-technologien-mikroverkapselung-durch-grenzflaechenpolymerisation\/\"  class=\"ult_colorlink ult-responsive  vc_custom_1600259067420\" style=\"font-family:Open Sans Condensed;font-weight:700; \"  data-textcolor=\"#414042\" data-texthover=\"#6db557\"data-style=\"\">\n\t\t\t\t\t\t\n\t\t\t\t\t\t<span data-hover=\"Mikroverkapselung durch Grenzfl\u00e4chenpolymerisation\" style=\"color:#414042;;;\" class=\"ult_btn10_span   \">Mikroverkapselung durch Grenzfl\u00e4chenpolymerisation<\/span>\n\t\t\t\t\t\t\n\t\t\t\t\t<\/a>\n\t\t\t\t<\/span>\n\t\t\t<\/span>[vc_column_text css=&#8220;.vc_custom_1526539546134{margin-top: -40px !important;}&#8220;]<\/p>\n<p style=\"text-align: center;\">Durch Polymerisation hergestellte Mikrokapseln mit verst\u00e4rkter Versiegelung<\/p>\n<p>[\/vc_column_text][\/vc_column][\/vc_row][vc_row type=&#8220;vc_default&#8220; css=&#8220;.vc_custom_1524657572272{padding-top: 5% !important;padding-bottom: 7% !important;}&#8220;][vc_column width=&#8220;1\/2&#8243; css=&#8220;.vc_custom_1498211177630{padding-bottom: 50px !important;}&#8220;]<style type=\"text\/css\" data-type=\"the7_shortcodes-inline-css\">.shortcode-single-image-wrap.shortcode-single-image-8c00be99e23cfd9287992eec86959774.enable-bg-rollover .rollover i,\n.shortcode-single-image-wrap.shortcode-single-image-8c00be99e23cfd9287992eec86959774.enable-bg-rollover .rollover-video i {\n  background: -webkit-linear-gradient();\n  background: linear-gradient();\n}\n.shortcode-single-image-wrap.shortcode-single-image-8c00be99e23cfd9287992eec86959774 .rollover-icon {\n  font-size: 32px;\n  color: #ffffff;\n  min-width: 44px;\n  min-height: 44px;\n  line-height: 44px;\n  border-radius: 100px;\n  border-style: solid;\n  border-width: 0px;\n}\n.dt-icon-bg-on.shortcode-single-image-wrap.shortcode-single-image-8c00be99e23cfd9287992eec86959774 .rollover-icon {\n  background: rgba(255,255,255,0.3);\n  box-shadow: none;\n}<\/style><div class=\"shortcode-single-image-wrap shortcode-single-image-8c00be99e23cfd9287992eec86959774 alignnone  vc_custom_1600259018980 enable-bg-rollover dt-icon-bg-off\" ><div class=\"shortcode-single-image\"><div class=\"fancy-media-wrap\" style=\"border-radius:500px;\"><a href=\"https:\/\/microcapsules-technologies.com\/de\/unsere-technologien\/unsere-technologien-mikroverkapselung-durch-in-situ-polymerisation\/\" class=\" layzr-bg rollover\" style=\"border-radius:500px;\" aria-label=\"Image\"><img decoding=\"async\" class=\"preload-me lazy-load aspect\" src=\"data:image\/svg+xml,%3Csvg%20xmlns%3D&#39;http%3A%2F%2Fwww.w3.org%2F2000%2Fsvg&#39;%20viewBox%3D&#39;0%200%20220%20220&#39;%2F%3E\" data-src=\"https:\/\/www.microcapsules-technologies.com\/wp-content\/uploads\/2018\/04\/hydratant-3-220x220.jpg\" data-srcset=\"https:\/\/www.microcapsules-technologies.com\/wp-content\/uploads\/2018\/04\/hydratant-3-220x220.jpg 220w, https:\/\/www.microcapsules-technologies.com\/wp-content\/uploads\/2018\/04\/hydratant-3-440x440.jpg 440w\" loading=\"eager\" style=\"--ratio: 220 \/ 220\" sizes=\"(max-width: 220px) 100vw, 220px\" width=\"220\" height=\"220\"  data-dt-location=\"https:\/\/www.microcapsules-technologies.com\/de\/nos-technologies\/microencapsulation-polymerisation-in-situ\/hydratant-3\/\" alt=\"\" \/><\/a><\/div><\/div><\/div><span id=\"creative-link-wrap-6576\" class=\"ult_main_cl ult-adjust-bottom-margin  \" >\n\t \t\t\t<span class=\"  ult_crlink\" >\n\t\t\t\t\t<a  data-ultimate-target='#creative-link-wrap-6576 .ult_colorlink'  data-responsive-json-new='{\"font-size\":\"desktop:26px;\",\"line-height\":\"desktop:32px;\"}'  href=\"https:\/\/microcapsules-technologies.com\/de\/unsere-technologien\/unsere-technologien-mikroverkapselung-durch-in-situ-polymerisation\/\"  class=\"ult_colorlink ult-responsive  vc_custom_1600259013499\" style=\"font-family:Open Sans Condensed;font-weight:700; \"  data-textcolor=\"#414042\" data-texthover=\"#6db557\"data-style=\"\">\n\t\t\t\t\t\t\n\t\t\t\t\t\t<span data-hover=\"Mikroverkapselung durch In-Situ-Polymerisation\" style=\"color:#414042;;;\" class=\"ult_btn10_span   \">Mikroverkapselung durch In-Situ-Polymerisation<\/span>\n\t\t\t\t\t\t\n\t\t\t\t\t<\/a>\n\t\t\t\t<\/span>\n\t\t\t<\/span>[vc_column_text css=&#8220;.vc_custom_1526539358949{margin-top: -40px !important;}&#8220;]<\/p>\n<p style=\"text-align: center;\">Versiegelte Mikrokapseln mit verst\u00e4rkter Isolierung des eingekapselten Wirkstoffs<\/p>\n<p>[\/vc_column_text][\/vc_column][vc_column width=&#8220;1\/2&#8243;]<style type=\"text\/css\" data-type=\"the7_shortcodes-inline-css\">.shortcode-single-image-wrap.shortcode-single-image-b0aad2773270bda1ba8afce32a2ff80e.enable-bg-rollover .rollover i,\n.shortcode-single-image-wrap.shortcode-single-image-b0aad2773270bda1ba8afce32a2ff80e.enable-bg-rollover .rollover-video i {\n  background: -webkit-linear-gradient();\n  background: linear-gradient();\n}\n.shortcode-single-image-wrap.shortcode-single-image-b0aad2773270bda1ba8afce32a2ff80e .rollover-icon {\n  font-size: 32px;\n  color: #ffffff;\n  min-width: 44px;\n  min-height: 44px;\n  line-height: 44px;\n  border-radius: 100px;\n  border-style: solid;\n  border-width: 0px;\n}\n.dt-icon-bg-on.shortcode-single-image-wrap.shortcode-single-image-b0aad2773270bda1ba8afce32a2ff80e .rollover-icon {\n  background: rgba(255,255,255,0.3);\n  box-shadow: none;\n}<\/style><div class=\"shortcode-single-image-wrap shortcode-single-image-b0aad2773270bda1ba8afce32a2ff80e alignnone  vc_custom_1600259095742 enable-bg-rollover dt-icon-bg-off\" ><div class=\"shortcode-single-image\"><div class=\"fancy-media-wrap\" style=\"border-radius:500px;\"><a href=\"https:\/\/microcapsules-technologies.com\/de\/unsere-technologien\/unsere-doppelwandigen-mikroverkapselungstechnologien\/\" class=\" layzr-bg rollover\" style=\"border-radius:500px;\" aria-label=\"Image\"><img decoding=\"async\" class=\"preload-me lazy-load aspect\" src=\"data:image\/svg+xml,%3Csvg%20xmlns%3D&#39;http%3A%2F%2Fwww.w3.org%2F2000%2Fsvg&#39;%20viewBox%3D&#39;0%200%20220%20220&#39;%2F%3E\" data-src=\"https:\/\/www.microcapsules-technologies.com\/wp-content\/uploads\/2018\/04\/MS-2-220x220.jpg\" data-srcset=\"https:\/\/www.microcapsules-technologies.com\/wp-content\/uploads\/2018\/04\/MS-2-220x220.jpg 220w, https:\/\/www.microcapsules-technologies.com\/wp-content\/uploads\/2018\/04\/MS-2-440x440.jpg 440w\" loading=\"eager\" style=\"--ratio: 220 \/ 220\" sizes=\"(max-width: 220px) 100vw, 220px\" width=\"220\" height=\"220\"  data-dt-location=\"https:\/\/www.microcapsules-technologies.com\/de\/nos-technologies\/microcapsules-a-double-parois\/ms-2\/\" alt=\"\" \/><\/a><\/div><\/div><\/div><span id=\"creative-link-wrap-5958\" class=\"ult_main_cl ult-adjust-bottom-margin  \" >\n\t \t\t\t<span class=\"  ult_crlink\" >\n\t\t\t\t\t<a  data-ultimate-target='#creative-link-wrap-5958 .ult_colorlink'  data-responsive-json-new='{\"font-size\":\"desktop:26px;\",\"line-height\":\"desktop:32px;\"}'  href=\"https:\/\/microcapsules-technologies.com\/de\/unsere-technologien\/unsere-doppelwandigen-mikroverkapselungstechnologien\/\"  class=\"ult_colorlink ult-responsive  vc_custom_1600259103181\" style=\"font-family:Open Sans Condensed;font-weight:700; \"  data-textcolor=\"#414042\" data-texthover=\"#6db557\"data-style=\"\">\n\t\t\t\t\t\t\n\t\t\t\t\t\t<span data-hover=\"Mikrokapseln mit doppelten W\u00e4nden aus Silikon und Aminoplast\" style=\"color:#414042;;;\" class=\"ult_btn10_span   \">Mikrokapseln mit doppelten W\u00e4nden aus Silikon und Aminoplast<\/span>\n\t\t\t\t\t\t\n\t\t\t\t\t<\/a>\n\t\t\t\t<\/span>\n\t\t\t<\/span>[vc_column_text css=&#8220;.vc_custom_1526539441610{margin-top: -40px !important;}&#8220;]<\/p>\n<p style=\"text-align: center;\">Exklusive doppelwandige, ultra-starke Mikrokapseln<\/p>\n<p>[\/vc_column_text][\/vc_column][\/vc_row][vc_row bg_type=&#8220;bg_color&#8220; bg_override=&#8220;ex-full&#8220; type=&#8220;vc_default&#8220; css=&#8220;.vc_custom_1524644642018{padding-top: 6% !important;padding-bottom: 7% !important;}&#8220; bg_color_value=&#8220;#f5f5f5&#8243;][vc_column]<div id=\"ultimate-heading-767869eb7cdf3e9a8\" class=\"uvc-heading ult-adjust-bottom-margin ultimate-heading-767869eb7cdf3e9a8 uvc-7046 color-title accent-title-color\" data-hspacer=\"no_spacer\"  data-halign=\"center\" style=\"text-align:center\"><div class=\"uvc-heading-spacer no_spacer\" style=\"top\"><\/div><div class=\"uvc-main-heading ult-responsive\"  data-ultimate-target='.uvc-heading.ultimate-heading-767869eb7cdf3e9a8 h2'  data-responsive-json-new='{\"font-size\":\"desktop:40px;tablet_portrait:20px;\",\"line-height\":\"desktop:46px;tablet_portrait:26px;\"}' ><h2 style=\"font-family:&#039;Open Sans Condensed&#039;;font-weight:700;margin-bottom:10px;\">M\u00f6chten Sie mehr erfahren?<\/h2><\/div><div class=\"uvc-sub-heading ult-responsive\"  data-ultimate-target='.uvc-heading.ultimate-heading-767869eb7cdf3e9a8 .uvc-sub-heading '  data-responsive-json-new='{\"font-size\":\"desktop:70px;tablet_portrait:40px;\",\"line-height\":\"desktop:76px;tablet_portrait:46px;\"}'  style=\"font-family:&#039;Open Sans Condensed&#039;;font-weight:700;\"><\/p>\n<h2>Kontaktieren Sie uns und wir informieren Sie gerne<\/h2>\n<p><\/div><\/div><style type=\"text\/css\" data-type=\"the7_shortcodes-inline-css\">#default-btn-33a5190b1cc7d8be443808259ee55ad8.ico-right-side > i {\n  margin-right: 0px;\n  margin-left: 8px;\n}\n#default-btn-33a5190b1cc7d8be443808259ee55ad8 > i {\n  margin-right: 8px;\n}<\/style><div class=\"btn-align-center\"><a href=\"https:\/\/microcapsules-technologies.com\/de\/kontakt\/\" class=\"default-btn-shortcode dt-btn dt-btn-l link-hover-off  vc_custom_1600258236511\" id=\"default-btn-33a5190b1cc7d8be443808259ee55ad8\" style=\"width:400px;\"><span>kontaktiere uns<\/span><\/a><\/div>[\/vc_column][\/vc_row]<\/p>\n<\/section>","protected":false},"excerpt":{"rendered":"<p>[vc_row content_placement=&#8220;middle&#8220; css=&#8220;.vc_custom_1526636701421{padding-top: 7% !important;padding-bottom: 5% !important;}&#8220;][vc_column width=&#8220;1\/6&#8243;][\/vc_column][vc_column width=&#8220;2\/3&#8243;][vc_column_text]Wir kapseln nur ein. Das ist alles, was wir erforschen. Unsere Forschungsaufzeichnungen haben es uns erm\u00f6glicht, uns auf Methoden zu konzentrieren, die funktionieren. Zum Beispiel diese Verfahren, das wir aus 756 Tests entwickelt haben. Wir sind Spezialisten in der Beduftung von Taschent\u00fcchern. Forschung: Ein Viertel der Belegschaft&hellip;<\/p>\n","protected":false},"author":4,"featured_media":0,"parent":0,"menu_order":0,"comment_status":"closed","ping_status":"closed","template":"","meta":{"footnotes":""},"class_list":["post-3471","page","type-page","status-publish","hentry","description-off"],"_links":{"self":[{"href":"https:\/\/www.microcapsules-technologies.com\/de\/wp-json\/wp\/v2\/pages\/3471","targetHints":{"allow":["GET"]}}],"collection":[{"href":"https:\/\/www.microcapsules-technologies.com\/de\/wp-json\/wp\/v2\/pages"}],"about":[{"href":"https:\/\/www.microcapsules-technologies.com\/de\/wp-json\/wp\/v2\/types\/page"}],"author":[{"embeddable":true,"href":"https:\/\/www.microcapsules-technologies.com\/de\/wp-json\/wp\/v2\/users\/4"}],"replies":[{"embeddable":true,"href":"https:\/\/www.microcapsules-technologies.com\/de\/wp-json\/wp\/v2\/comments?post=3471"}],"version-history":[{"count":5,"href":"https:\/\/www.microcapsules-technologies.com\/de\/wp-json\/wp\/v2\/pages\/3471\/revisions"}],"predecessor-version":[{"id":3609,"href":"https:\/\/www.microcapsules-technologies.com\/de\/wp-json\/wp\/v2\/pages\/3471\/revisions\/3609"}],"wp:attachment":[{"href":"https:\/\/www.microcapsules-technologies.com\/de\/wp-json\/wp\/v2\/media?parent=3471"}],"curies":[{"name":"wp","href":"https:\/\/api.w.org\/{rel}","templated":true}]}}